{"id":10729,"date":"2022-04-22T16:08:50","date_gmt":"2022-04-22T13:08:50","guid":{"rendered":"https:\/\/www.vempele.fi\/?post_type=product&#038;p=10729"},"modified":"2026-04-12T14:48:34","modified_gmt":"2026-04-12T11:48:34","slug":"tesla-model-3-tagbagagebaerer","status":"publish","type":"product","link":"http:\/\/www.vempele.fi\/da\/tuote\/tesla-model-3-kattotelineet\/","title":{"rendered":"Tagbagageb\u00e6rere - Tesla Model 3"},"content":{"rendered":"<p>Nem installation med den medf\u00f8lgende vejledning.<\/p>\n<p>Pakken indeholder alt, hvad du skal bruge for at installere stativerne. Der medf\u00f8lger ogs\u00e5 PPF-strips (Paint Protection Film) under stativernes ben for at beskytte bilens lak. PPF-film er gennemsigtige.<\/p>\n<p>Producenten har testet stativerne til at modst\u00e5 en belastning p\u00e5 200 kg. Vi anbefaler dog en maksimal belastning p\u00e5 68 kg, hvilket ogs\u00e5 er anbefalet af Tesla.<\/p>\n<p><b>Yderligere information:<\/b><\/p>\n<ul>\n<li style=\"list-style-type: none;\">\n<ul>\n<li>Kompatibilitet:\n<ul>\n<li>Model 3 Pre-Refresh vm. 2019 - 2021<\/li>\n<li>Model 3 Refresh vm. 2021 - 2023<\/li>\n<li>Model 3 Highland vm 2023 -&gt;.<\/li>\n<\/ul>\n<\/li>\n<li>Nem installation<\/li>\n<li>Holdbart aluminium<\/li>\n<li>Pakkem\u00e5l: 136 x 16 x 18 cm, 7,4 kg<\/li>\n<li>Pakken indeholder\n<ul>\n<li>Fastg\u00f8relsesn\u00f8gle<\/li>\n<li>Racks foran og bagp\u00e5<\/li>\n<li>Kantbeskyttere til reoler<\/li>\n<li>\"Puder\" under benene p\u00e5 reolerne<\/li>\n<li>Fastg\u00f8relse af m\u00f8trikker<\/li>\n<li>Fastg\u00f8relsesclips<\/li>\n<li>PPF-b\u00e5ndbredde<\/li>\n<li>Guide til fastg\u00f8relse<\/li>\n<\/ul>\n<\/li>\n<\/ul>\n<\/li>\n<\/ul>\n<p><strong>V\u00e6r opm\u00e6rksom! Tagbagageb\u00e6rerne er originale, ikke Tesla-originale.<\/strong><br \/>\nTagbagageb\u00e6rerne ligner Teslas originale.<\/p>\n<p>Du kan downloade installationsvejledningen<strong> <a href=\"https:\/\/www.vempele.fi\/wp-content\/uploads\/2022\/12\/Kattotelineiden-asennusohje.pdf\">Her.<\/a><\/strong><\/p>","protected":false},"excerpt":{"rendered":"<p>Tesla Model 3 tagbagageb\u00e6rer i den moderigtige farve sort.<\/p>\n<p>En fantastisk m\u00e5de at \u00f8ge transportkapaciteten p\u00e5; du kan bruge tagbagageb\u00e6rerne til at fastg\u00f8re f.eks. en skiboks eller en cykelholder p\u00e5 taget af din Tesla.<\/p>\n<p>De er ogs\u00e5 gode til bare at skifte look.<\/p>\n<p>Bem\u00e6rk: Disse tagbagageb\u00e6rere er de originale, ikke de originale.<\/p>\n<p>Du kan downloade installationsvejledningen<strong> <a href=\"https:\/\/www.vempele.fi\/wp-content\/uploads\/2022\/12\/Kattotelineiden-asennusohje.pdf\">Her.<\/a><\/strong><\/p>\n<p><strong>Ny, l\u00e5sbar model!<\/strong><\/p>","protected":false},"featured_media":10725,"comment_status":"open","ping_status":"closed","template":"","meta":[],"product_brand":[838],"product_cat":[151,452,481,128],"product_tag":[83,365,156,552,121],"class_list":{"0":"post-10729","1":"product","2":"type-product","3":"status-publish","4":"has-post-thumbnail","6":"product_brand-teslaasi","7":"product_cat-model-3","8":"product_cat-m3-tarvikkeet","9":"product_cat-tarvikkeet-ulkopuolelle-model-3","10":"product_cat-tesla-tuotteet","11":"product_tag-autotarvikkeet","12":"product_tag-kattotelineet","13":"product_tag-model-3","14":"product_tag-taakkatelineet","15":"product_tag-tesla","17":"first","18":"instock","19":"taxable","20":"shipping-taxable","21":"purchasable","22":"product-type-simple"},"jetpack_sharing_enabled":true,"_links":{"self":[{"href":"http:\/\/www.vempele.fi\/da\/wp-json\/wp\/v2\/product\/10729","targetHints":{"allow":["GET"]}}],"collection":[{"href":"http:\/\/www.vempele.fi\/da\/wp-json\/wp\/v2\/product"}],"about":[{"href":"http:\/\/www.vempele.fi\/da\/wp-json\/wp\/v2\/types\/product"}],"replies":[{"embeddable":true,"href":"http:\/\/www.vempele.fi\/da\/wp-json\/wp\/v2\/comments?post=10729"}],"wp:featuredmedia":[{"embeddable":true,"href":"http:\/\/www.vempele.fi\/da\/wp-json\/wp\/v2\/media\/10725"}],"wp:attachment":[{"href":"http:\/\/www.vempele.fi\/da\/wp-json\/wp\/v2\/media?parent=10729"}],"wp:term":[{"taxonomy":"product_brand","embeddable":true,"href":"http:\/\/www.vempele.fi\/da\/wp-json\/wp\/v2\/product_brand?post=10729"},{"taxonomy":"product_cat","embeddable":true,"href":"http:\/\/www.vempele.fi\/da\/wp-json\/wp\/v2\/product_cat?post=10729"},{"taxonomy":"product_tag","embeddable":true,"href":"http:\/\/www.vempele.fi\/da\/wp-json\/wp\/v2\/product_tag?post=10729"}],"curies":[{"name":"wp","href":"https:\/\/api.w.org\/{rel}","templated":true}]}}