{"id":12543,"date":"2022-08-17T15:26:44","date_gmt":"2022-08-17T12:26:44","guid":{"rendered":"https:\/\/www.vempele.fi\/?post_type=product&#038;p=12543"},"modified":"2025-11-05T08:39:32","modified_gmt":"2025-11-05T06:39:32","slug":"nokia-hakkapeliitta-10-ev-255-40r20-101t-xl","status":"publish","type":"product","link":"http:\/\/www.vempele.fi\/da\/tuote\/nokia-hakkapeliitta-10-ev-255-40r20-101t-xl\/","title":{"rendered":"Nokian D\u00e6k Hakkapeliitta 10 EV 255\/40R20 101T XL - Model Y"},"content":{"rendered":"<p>1 stk Nokian D\u00e6k Hakkapeliitta 10 EV: 255\/40R20 101T XL.<\/p>\n<ul>\n<li class=\"single-product__section-title\">EU-d\u00e6km\u00e6rkning<\/li>\n<li>Type: pigd\u00e6k<\/li>\n<li>Tommer: 20<\/li>\n<li>Bredde: 255<\/li>\n<li>Profil: 40<\/li>\n<li class=\"single-product__section-title\">Hastighedskategori: 190 km\/t (T)<\/li>\n<li class=\"single-product__section-title\">Belastningskapacitet: 825 kg (101)<\/li>\n<\/ul>","protected":false},"excerpt":{"rendered":"<p class=\"single-product__title\">Nokian D\u00e6k Hakkapeliitta 10 EV 255\/40R20 101T XL.<\/p>\n<p>D\u00e6k med pigge. Anbefales is\u00e6r til Tesla Model Y.<\/p>\n<p><strong>N\u00e6ste generations sikkerhed<\/strong><\/p>\n<p>Nokias Hakkapeliitta 10 EV giver ro i sindet i den nordlige vinter. Dette pigd\u00e6k er designet til elbiler og hybrider og kombinerer milj\u00f8venlighed, k\u00f8rekomfort og suver\u00e6nt vejgreb p\u00e5 sne og is. Nokian Hakkapeliitta 10 EV bruger Nokian Tyres' dobbeltpindsteknologi med midterpinde til forbedret greb ved acceleration og bremsning og skulderpinde til maksimalt greb i sving og vognbaneskift. Nokian Hakkapeliitta 10 EV har et nyt overfladem\u00f8nster, der giver stabilitet og vejgreb i sneen, samt optimal placering af piggene, der giver et j\u00e6vnt og behageligt lydmilj\u00f8.<\/p>\n<p>- Ekstrem sikkerhed - overlegen greb p\u00e5 is og sne<br \/>\n- SilentDrive\u2122-teknologi - ultra-st\u00f8jsvagt lydniveau<br \/>\n- L\u00e6ngere r\u00e6kkevidde, fremragende stabilitet<\/p>\n<p>Stille d\u00e6kst\u00f8j er en s\u00e6rlig vigtig faktor for k\u00f8rekomforten i elbiler, fordi elbiler er stille. Den us\u00e6dvanligt stille lyd fra det nye Nokia Hakkapeliitta 10 EV er muliggjort af tilf\u00f8jelsen af et akustisk skumlag p\u00e5 d\u00e6kkets indre overflade. Den nye SilentDrive\u2122-teknologi d\u00e6mper irriterende st\u00f8jspidser, hvilket resulterer i en mere stille d\u00e6klyd, mindre st\u00f8j i kabinen og en mere behagelig k\u00f8rsel.<\/p>\n<p><strong>Et overfladem\u00f8nster, der sikrer stabilitet og styrbarhed under alle vejrforhold<\/strong><\/p>\n<p>Nokian Hakkapeliitta 10 EV's st\u00e6rkt laminerede slidbanem\u00f8nster sikrer en stabil og alsidig pr\u00e6station under varierende vejrforhold p\u00e5 is, sne og strukturerede veje. Den stabilitet, som det st\u00e6rkt laminerede d\u00e6km\u00f8nster giver, \u00f8ger ogs\u00e5 k\u00f8resikkerheden ved vognbaneskift i sne eller sjap. D\u00e6kkets stive midteromr\u00e5de g\u00f8r k\u00f8rselsresponsen meget pr\u00e6cis p\u00e5 bare veje og sikrer samtidig fremragende vinteregenskaber. Den solide konstruktion af Nokia Hakkapeliitta 10 EV g\u00f8r d\u00e6kket ekstremt stabilt, og slidbanen er designet til at modst\u00e5 h\u00f8je vridningsbelastninger og tunge d\u00e6kbelastninger.<\/p>\n<p><strong>Ansvarlig sikkerhed<\/strong><\/p>\n<p>Fra milde vinterdage til frostgrader forbliver Nokians nye Hakkapeliitta 10 EV-overfladeblanding fleksibel. Et let rullende overfladem\u00f8nster og den opfindsomme brug af r\u00e5materialer g\u00f8r Nokian Hakkapeliitta 10 EV til et mere ansvarligt valg for bilisterne. Nokian Hakkapeliitta 10 EV har lav rullemodstand, hvilket giver br\u00e6ndstofbesparelser og reducerer skadelige emissioner under k\u00f8rslen. Nokian Hakkapeliitta 10 EV \u00f8ger en elbils aktionsradius takket v\u00e6re den aerodynamiske, tyndt rillede d\u00e6kside, mens d\u00e6kkets opfindsomme brug af r\u00e5materialer og lette rullem\u00f8nster g\u00f8r Nokian Hakkapeliitta 10 EV til et mere ansvarligt valg for bilister.<\/p>\n<p><strong>Lydl\u00f8st pigd\u00e6k til elbiler og hybrider<\/strong><\/p>\n<p>Nokian Hakkapeliitta 10 EV er perfekt til moderne elbiler. Med SilentDrive\u2122-teknologi har Nokian Hakkapeliitta 10 EV et j\u00e6vnt og behageligt lydmilj\u00f8 for en komfortabel k\u00f8rsel, og knopperne er optimalt placeret for at minimere forstyrrende lydb\u00f8lger og forhindre, at d\u00e6kst\u00f8j g\u00e5r ud over k\u00f8rekomforten.<\/p>\n<p>Hvis lagersaldoen er nul, vil vi have d\u00e6kket p\u00e5 lager om cirka en uge.<\/p>","protected":false},"featured_media":12574,"comment_status":"open","ping_status":"closed","template":"","meta":[],"product_brand":[],"product_cat":[154,371,128],"product_tag":[301,394,299,300,121,203,321],"class_list":{"0":"post-12543","1":"product","2":"type-product","3":"status-publish","4":"has-post-thumbnail","6":"product_cat-model-y","7":"product_cat-renkaat","8":"product_cat-tesla-tuotteet","9":"product_tag-autonrenkaat","10":"product_tag-nokian-renkaat","11":"product_tag-rengas","12":"product_tag-renkaat","13":"product_tag-tesla","14":"product_tag-tesla-model-y","15":"product_tag-vanteet","16":"product_shipping_class-nouto","18":"first","19":"instock","20":"taxable","21":"shipping-taxable","22":"purchasable","23":"product-type-simple"},"jetpack_sharing_enabled":true,"_links":{"self":[{"href":"http:\/\/www.vempele.fi\/da\/wp-json\/wp\/v2\/product\/12543","targetHints":{"allow":["GET"]}}],"collection":[{"href":"http:\/\/www.vempele.fi\/da\/wp-json\/wp\/v2\/product"}],"about":[{"href":"http:\/\/www.vempele.fi\/da\/wp-json\/wp\/v2\/types\/product"}],"replies":[{"embeddable":true,"href":"http:\/\/www.vempele.fi\/da\/wp-json\/wp\/v2\/comments?post=12543"}],"wp:featuredmedia":[{"embeddable":true,"href":"http:\/\/www.vempele.fi\/da\/wp-json\/wp\/v2\/media\/12574"}],"wp:attachment":[{"href":"http:\/\/www.vempele.fi\/da\/wp-json\/wp\/v2\/media?parent=12543"}],"wp:term":[{"taxonomy":"product_brand","embeddable":true,"href":"http:\/\/www.vempele.fi\/da\/wp-json\/wp\/v2\/product_brand?post=12543"},{"taxonomy":"product_cat","embeddable":true,"href":"http:\/\/www.vempele.fi\/da\/wp-json\/wp\/v2\/product_cat?post=12543"},{"taxonomy":"product_tag","embeddable":true,"href":"http:\/\/www.vempele.fi\/da\/wp-json\/wp\/v2\/product_tag?post=12543"}],"curies":[{"name":"wp","href":"https:\/\/api.w.org\/{rel}","templated":true}]}}