{"id":27805,"date":"2024-04-18T18:50:33","date_gmt":"2024-04-18T15:50:33","guid":{"rendered":"https:\/\/www.vempele.fi\/?post_type=product&#038;p=27805"},"modified":"2026-04-13T11:00:09","modified_gmt":"2026-04-13T08:00:09","slug":"anti-roll-bar-bag-hojre-lemforder-tesla-model-3-y","status":"publish","type":"product","link":"http:\/\/www.vempele.fi\/da\/tuote\/kallistuksen-vaimennin-taka-oikea-lemforder-tesla-model-3-y\/","title":{"rendered":"H\u00e6ldningsd\u00e6mper bag til h\u00f8jre - LEMFORDER - Tesla Model 3 \/ Y"},"content":{"rendered":"<ul>\n<li>Producent: LEMF\u00d6RDER<\/li>\n<li>Egnethed:\n<ul>\n<li>Model 3 Pre-Refresh vm. 2019 - 2021<\/li>\n<li>Model 3 Refresh vm. 2021 - 2023<\/li>\n<li>Model Y<\/li>\n<\/ul>\n<\/li>\n<li>Producentens produktnummer: 44381 01<\/li>\n<li>Tesla-reservedelsnumre leveret af producenten\n<ul>\n<li>1044496-00-F<\/li>\n<\/ul>\n<\/li>\n<li>Monteringspunkt: bagaksel<\/li>\n<\/ul>\n<p>&nbsp;<\/p>","protected":false},"excerpt":{"rendered":"<p>H\u00f8jre stabilisator p\u00e5 bagakslen (dog bone)<\/p>","protected":false},"featured_media":27806,"comment_status":"open","ping_status":"closed","template":"","meta":[],"product_brand":[762],"product_cat":[151,154,471,472],"product_tag":[635,634,156,271,577,121,319],"class_list":{"0":"post-27805","1":"product","2":"type-product","3":"status-publish","4":"has-post-thumbnail","6":"product_brand-lemforder","7":"product_cat-model-3","8":"product_cat-model-y","9":"product_cat-model-3-varaosat","10":"product_cat-varaosat-model-y","11":"product_tag-kallistuksenvakaaja","12":"product_tag-koiranluu","13":"product_tag-model-3","14":"product_tag-model-y","15":"product_tag-taka-akseli","16":"product_tag-tesla","17":"product_tag-varaosat","19":"first","20":"outofstock","21":"taxable","22":"shipping-taxable","23":"purchasable","24":"product-type-simple"},"jetpack_sharing_enabled":true,"_links":{"self":[{"href":"http:\/\/www.vempele.fi\/da\/wp-json\/wp\/v2\/product\/27805","targetHints":{"allow":["GET"]}}],"collection":[{"href":"http:\/\/www.vempele.fi\/da\/wp-json\/wp\/v2\/product"}],"about":[{"href":"http:\/\/www.vempele.fi\/da\/wp-json\/wp\/v2\/types\/product"}],"replies":[{"embeddable":true,"href":"http:\/\/www.vempele.fi\/da\/wp-json\/wp\/v2\/comments?post=27805"}],"wp:featuredmedia":[{"embeddable":true,"href":"http:\/\/www.vempele.fi\/da\/wp-json\/wp\/v2\/media\/27806"}],"wp:attachment":[{"href":"http:\/\/www.vempele.fi\/da\/wp-json\/wp\/v2\/media?parent=27805"}],"wp:term":[{"taxonomy":"product_brand","embeddable":true,"href":"http:\/\/www.vempele.fi\/da\/wp-json\/wp\/v2\/product_brand?post=27805"},{"taxonomy":"product_cat","embeddable":true,"href":"http:\/\/www.vempele.fi\/da\/wp-json\/wp\/v2\/product_cat?post=27805"},{"taxonomy":"product_tag","embeddable":true,"href":"http:\/\/www.vempele.fi\/da\/wp-json\/wp\/v2\/product_tag?post=27805"}],"curies":[{"name":"wp","href":"https:\/\/api.w.org\/{rel}","templated":true}]}}