{"id":31907,"date":"2024-10-04T00:00:00","date_gmt":"2024-10-03T21:00:00","guid":{"rendered":"https:\/\/www.vempele.fi\/fi\/?post_type=product&#038;p=31907"},"modified":"2026-04-01T15:51:08","modified_gmt":"2026-04-01T12:51:08","slug":"linglong-nord-master-testimenestys-235-45r18-98t-tesla-model-3","status":"publish","type":"product","link":"http:\/\/www.vempele.fi\/da\/tuote\/linglong-nord-master-testimenestys-235-45r18-98t-tesla-model-3\/","title":{"rendered":"Linglong Nord Master TESTIMENESTYS! 235\/45R18 98T - Tesla Model 3"},"content":{"rendered":"<p>1 stk Linglong Nord Master TEST TEST! 235\/45-18 98T<\/p>\n<ul>\n<li>EU-d\u00e6km\u00e6rkning<\/li>\n<li>Type: friktionsring<\/li>\n<li>Tommer: 18<\/li>\n<li>Bredde: 235<\/li>\n<li>Profil: 45<\/li>\n<li>Hastighedskategori: T<\/li>\n<li>Belastningsklasse: 98<\/li>\n<li>Klassificering af d\u00e6k: <\/li>\n<li>Br\u00e6ndstof\u00f8konomi: <\/li>\n<li>V\u00e5d vedligeholdelse: <\/li>\n<li>Klassificering af st\u00f8j p\u00e5 rattet:\u00a0 <\/li>\n<\/ul>\n<p>&nbsp;<\/p>\n<p>D\u00e6kkene leveres direkte fra partnerens lager.<\/p>\n<p><img decoding=\"async\" src=\"https:\/\/www.vempele.fi\/wp-content\/uploads\/2024\/10\/Label_1080872.svg\" width=\"300\" \/><\/p>\n<p>D\u00e6kinformation hentet fra en partner.<\/p>","protected":false},"excerpt":{"rendered":"<p>Linglong Nord Master - testvinderen Linglong Nord Master er et nyt h\u00f8jtydende friktionsd\u00e6k, der er testvinder.  Nord Masters fantastiske testresultat var kun 0,8 point fra vinderen - p\u00e5 trods af, at det er n\u00e6sten 40 % billigere.  Linglongs succes er bem\u00e6rkelsesv\u00e6rdig: Det blev sl\u00e5et af store navne som Bridgestone Blizzak Ice.  Desuden var Nord Master det mest st\u00f8jsvage d\u00e6k i Test World-testen i Ivalo (delt 1. plads).  Linglong Nord Master er specielt designet til vinterforhold i de nordiske lande.  D\u00e6kket kan med rette kaldes mesteren i nordiske vinterforhold - den nyeste state-of-the-art-teknologi er blevet brugt i designet for at optimere d\u00e6kket til udfordrende vinterforhold.  \"LINGLONG HAR GOD TID P\u00c5 IS\" Aftonbladet 26. 9. 2020<br \/>\n&#13;<br \/>\nLinglong betragtes i vid udstr\u00e6kning som den kinesiske d\u00e6kproducent af h\u00f8jeste kvalitet.  Is\u00e6r den spektakul\u00e6re test- og salgssucces for Linglongs flagskibsprodukt, GreenMax-d\u00e6kfamilien, har skabt et st\u00e6rkt omd\u00f8mme for m\u00e6rket i hele Europa.  Linglong er str\u00f8get til tops p\u00e5 de finske d\u00e6klister takket v\u00e6re fremragende kundetilfredshed og den bedste v\u00e6rdi for pengene p\u00e5 markedet.<br \/>\n\u00a0 <\/p>\n<p>D\u00e6kkene leveres direkte fra partnerens lager.<\/p>","protected":false},"featured_media":31909,"comment_status":"open","ping_status":"open","template":"","meta":[],"product_brand":[],"product_cat":[371],"product_tag":[704,632,156,705,121],"class_list":{"0":"post-31907","1":"product","2":"type-product","3":"status-publish","4":"has-post-thumbnail","6":"product_cat-renkaat","7":"product_tag-kitkarengas","8":"product_tag-linglong","9":"product_tag-model-3","10":"product_tag-nord-master-testimenestys","11":"product_tag-tesla","13":"first","14":"instock","15":"taxable","16":"shipping-taxable","17":"purchasable","18":"product-type-simple"},"jetpack_sharing_enabled":true,"_links":{"self":[{"href":"http:\/\/www.vempele.fi\/da\/wp-json\/wp\/v2\/product\/31907","targetHints":{"allow":["GET"]}}],"collection":[{"href":"http:\/\/www.vempele.fi\/da\/wp-json\/wp\/v2\/product"}],"about":[{"href":"http:\/\/www.vempele.fi\/da\/wp-json\/wp\/v2\/types\/product"}],"replies":[{"embeddable":true,"href":"http:\/\/www.vempele.fi\/da\/wp-json\/wp\/v2\/comments?post=31907"}],"wp:featuredmedia":[{"embeddable":true,"href":"http:\/\/www.vempele.fi\/da\/wp-json\/wp\/v2\/media\/31909"}],"wp:attachment":[{"href":"http:\/\/www.vempele.fi\/da\/wp-json\/wp\/v2\/media?parent=31907"}],"wp:term":[{"taxonomy":"product_brand","embeddable":true,"href":"http:\/\/www.vempele.fi\/da\/wp-json\/wp\/v2\/product_brand?post=31907"},{"taxonomy":"product_cat","embeddable":true,"href":"http:\/\/www.vempele.fi\/da\/wp-json\/wp\/v2\/product_cat?post=31907"},{"taxonomy":"product_tag","embeddable":true,"href":"http:\/\/www.vempele.fi\/da\/wp-json\/wp\/v2\/product_tag?post=31907"}],"curies":[{"name":"wp","href":"https:\/\/api.w.org\/{rel}","templated":true}]}}