{"id":42333,"date":"2024-10-03T00:00:00","date_gmt":"2024-10-02T21:00:00","guid":{"rendered":"https:\/\/www.vempele.fi\/fi\/tuote\/linglong-crosswind-4x4-hp-235-55r18-100v-tesla-model-y\/"},"modified":"2026-04-19T15:51:10","modified_gmt":"2026-04-19T12:51:10","slug":"linglong-crosswind-4x4-hp-235-55r18-100v-tesla-model-y","status":"publish","type":"product","link":"http:\/\/www.vempele.fi\/da\/tuote\/linglong-crosswind-4x4-hp-235-55r18-100v-tesla-model-y\/","title":{"rendered":"Linglong Crosswind 4X4 HP 235\/55R18 100V - Tesla Model Y"},"content":{"rendered":"<p>1 Linglong Crosswind 4X4 HP 235\/55-18 100V<\/p>\n<ul>\n<li>EU-d\u00e6km\u00e6rkning<\/li>\n<li>Type: sommerd\u00e6k<\/li>\n<li>Tommer: 18<\/li>\n<li>Bredde: 235<\/li>\n<li>Profil: 55<\/li>\n<li>Hastighedskategori: V<\/li>\n<li>Belastningsklasse: 100<\/li>\n<li>Klassificering af d\u00e6k: <\/li>\n<li>Br\u00e6ndstof\u00f8konomi: B<\/li>\n<li>V\u00e5d vedligeholdelse: B<\/li>\n<li>St\u00f8jklassificering og -intensitet i kabinen: B - 71dB<\/li>\n<\/ul>\n<p>&nbsp;<\/p>\n<p>D\u00e6kkene leveres direkte fra partnerens lager.<\/p>\n<p><img decoding=\"async\" src=\"\" width=\"300\" \/><\/p>\n<p>D\u00e6kinformation hentet fra en partner.<\/p>","protected":false},"excerpt":{"rendered":"<p>Linglong CROSSWIND 4\u00d74 HP - et kraftfuldt og alsidigt d\u00e6k til SUV'er og CUV'er<br \/>\nLinglong CROSSWIND 4\u00d74 HP er et hel\u00e5rsd\u00e6k af h\u00f8j kvalitet, der er specielt udviklet til SUV'er og SUV'er.  D\u00e6kket har fremragende egenskaber p\u00e5 b\u00e5de t\u00f8rre og v\u00e5de veje, hvilket g\u00f8r det til et godt valg til b\u00e5de by- og motorvejsk\u00f8rsel.<br \/>\nFunktioner:<br \/>\n&#13;<br \/>\nSpecielt lameldesign: forst\u00e6rkede m\u00f8nsterstykker forbedrer grebet og sikrer pr\u00e6cis man\u00f8vredygtighed under alle forhold.<br \/>\nFire brede hovedriller: Effektiv vandafledning minimerer risikoen for vandskred og \u00f8ger sikkerheden p\u00e5 v\u00e5de veje.<br \/>\nKontinuerlig midterribbe med lameller: forbedrer k\u00f8restabiliteten og reducerer st\u00f8jniveauet, hvilket giver en behagelig og st\u00f8jsvag k\u00f8reoplevelse.<br \/>\nOptimeret m\u00f8nstersekvensering: reducerer st\u00f8j og forbedrer k\u00f8rekomforten, hvilket g\u00f8r rejsen behagelig selv p\u00e5 lange ture.<br \/>\n&#13;<br \/>\nPr\u00e6stationer:<br \/>\n&#13;<br \/>\nFremragende k\u00f8reegenskaber: Linglong CROSSWIND 4\u00d74 HP tilbyder pr\u00e6cis man\u00f8vredygtighed og k\u00f8restabilitet, s\u00e5 du kan k\u00f8re sikkert b\u00e5de i bytrafikken og p\u00e5 motorvejen.<br \/>\nEffektiv dr\u00e6ning: Fire brede hovedriller fjerner effektivt vand, hvilket reducerer risikoen for vandspild og \u00f8ger sikkerheden under v\u00e5de forhold.<br \/>\nKomfortabel og st\u00f8jsvag k\u00f8rsel: Optimeret overfladem\u00f8nster reducerer d\u00e6kst\u00f8j og \u00f8ger k\u00f8rekomforten, hvilket g\u00f8r k\u00f8reoplevelsen behagelig.<br \/>\n&#13;<br \/>\nV\u00e6lg Linglong CROSSWIND 4\u00d74 HP, og nyd en sikker og behagelig k\u00f8reoplevelse \u00e5ret rundt! <\/p>\n<p> D\u00e6kkene leveres direkte fra partnerens lager.<\/p>","protected":false},"featured_media":42335,"comment_status":"open","ping_status":"open","template":"","meta":[],"product_brand":[],"product_cat":[371],"product_tag":[826,696,632,271,121],"class_list":{"0":"post-42333","1":"product","2":"type-product","3":"status-publish","4":"has-post-thumbnail","6":"product_cat-renkaat","7":"product_tag-crosswind-4x4-hp","8":"product_tag-kesarengas","9":"product_tag-linglong","10":"product_tag-model-y","11":"product_tag-tesla","13":"first","14":"instock","15":"taxable","16":"shipping-taxable","17":"purchasable","18":"product-type-simple"},"jetpack_sharing_enabled":true,"_links":{"self":[{"href":"http:\/\/www.vempele.fi\/da\/wp-json\/wp\/v2\/product\/42333","targetHints":{"allow":["GET"]}}],"collection":[{"href":"http:\/\/www.vempele.fi\/da\/wp-json\/wp\/v2\/product"}],"about":[{"href":"http:\/\/www.vempele.fi\/da\/wp-json\/wp\/v2\/types\/product"}],"replies":[{"embeddable":true,"href":"http:\/\/www.vempele.fi\/da\/wp-json\/wp\/v2\/comments?post=42333"}],"wp:featuredmedia":[{"embeddable":true,"href":"http:\/\/www.vempele.fi\/da\/wp-json\/wp\/v2\/media\/42335"}],"wp:attachment":[{"href":"http:\/\/www.vempele.fi\/da\/wp-json\/wp\/v2\/media?parent=42333"}],"wp:term":[{"taxonomy":"product_brand","embeddable":true,"href":"http:\/\/www.vempele.fi\/da\/wp-json\/wp\/v2\/product_brand?post=42333"},{"taxonomy":"product_cat","embeddable":true,"href":"http:\/\/www.vempele.fi\/da\/wp-json\/wp\/v2\/product_cat?post=42333"},{"taxonomy":"product_tag","embeddable":true,"href":"http:\/\/www.vempele.fi\/da\/wp-json\/wp\/v2\/product_tag?post=42333"}],"curies":[{"name":"wp","href":"https:\/\/api.w.org\/{rel}","templated":true}]}}