{"id":45337,"date":"2024-10-03T00:00:00","date_gmt":"2024-10-02T21:00:00","guid":{"rendered":"https:\/\/www.vempele.fi\/tuote\/linglong-sport-master-e-llst-sahkoautoihin-235-45r18-98v-tesla-model-3\/"},"modified":"2026-04-19T16:03:24","modified_gmt":"2026-04-19T13:03:24","slug":"linglong-sport-master-e-llst-til-savvaerk-235-45r18-98v-tesla-model-3","status":"publish","type":"product","link":"http:\/\/www.vempele.fi\/da\/tuote\/linglong-sport-master-e-llst-sahkoautoihin-235-45r18-98v-tesla-model-3\/","title":{"rendered":"Linglong Sport Master e LLST - Til elbiler - 235\/45R18 98V - Tesla Model 3"},"content":{"rendered":"<p>1 stk Linglong Sport Master e LLST - Til elbiler - 235\/45-18 98V<\/p>\n<ul>\n<li>EU-d\u00e6km\u00e6rkning<\/li>\n<li>Type: sommerd\u00e6k<\/li>\n<li>Tommer: 18<\/li>\n<li>Bredde: 235<\/li>\n<li>Profil: 45<\/li>\n<li>Hastighedskategori: V<\/li>\n<li>Belastningsklasse: 98<\/li>\n<li>D\u00e6kklassificering: C1<\/li>\n<li>Br\u00e6ndstof\u00f8konomi: A<\/li>\n<li>V\u00e5d vedligeholdelse: B<\/li>\n<li>St\u00f8jniveau og -intensitet i kabinen: A - 69dB<\/li>\n<\/ul>\n<p>&nbsp;<\/p>\n<p>D\u00e6kkene leveres direkte fra partnerens lager.<\/p>\n<p><img decoding=\"async\" src=\"\" width=\"300\" \/><\/p>\n<p>D\u00e6kinformation hentet fra en partner.<\/p>","protected":false},"excerpt":{"rendered":"<p>Det helt nye Linglong Sport Master e er specielt designet til elbiler.  Den har markedets bedste energiforbrug i klasse A, den l\u00e6ngste r\u00e6kkevidde i klasse A, den mest st\u00f8jsvage lyd i klasse A og op til 34 % mindre rullemodstand.  Lav rullemodstand er ikke bare et tal - fordelene er bl.a. l\u00e6ngere k\u00f8reafstand p\u00e5 en enkelt opladning, lavere energiomkostninger og bedre milj\u00f8venlighed.<br \/>\nDet innovative design af Sport Master e giver ekstrem st\u00f8jsvaghed og holdbarhed til den kraftfulde ydeevne i elektriske k\u00f8ret\u00f8jer.  Til sammenligning var d\u00e6kket hele 5,13 % mere st\u00f8jsvagt end konkurrenterne.  Sport Master e giver mulighed for en ubesv\u00e6ret og behagelig k\u00f8reoplevelse.  Det demonstrerer ogs\u00e5 perfekt energioptimering til elbilernes h\u00f8jere effektbehov end normalt. En version med den nye Linglong Silent Tech-lydd\u00e6mper.  Linglong Silent Tech reducerer resonansen fra d\u00e6kkene og s\u00e6nker st\u00f8jniveauet inde i bilen med op til 6 dB - en mere behagelig og st\u00f8jsvag k\u00f8reoplevelse, is\u00e6r p\u00e5 uj\u00e6vne veje. \u00a0 <\/p>\n<p> D\u00e6kkene leveres direkte fra partnerens lager.<\/p>","protected":false},"featured_media":31813,"comment_status":"open","ping_status":"open","template":"","meta":[],"product_brand":[],"product_cat":[371],"product_tag":[696,632,156,844,121],"class_list":{"0":"post-45337","1":"product","2":"type-product","3":"status-publish","4":"has-post-thumbnail","6":"product_cat-renkaat","7":"product_tag-kesarengas","8":"product_tag-linglong","9":"product_tag-model-3","10":"product_tag-sport-master-e-llst-sahkoautoihin","11":"product_tag-tesla","13":"first","14":"instock","15":"taxable","16":"shipping-taxable","17":"purchasable","18":"product-type-simple"},"jetpack_sharing_enabled":true,"_links":{"self":[{"href":"http:\/\/www.vempele.fi\/da\/wp-json\/wp\/v2\/product\/45337","targetHints":{"allow":["GET"]}}],"collection":[{"href":"http:\/\/www.vempele.fi\/da\/wp-json\/wp\/v2\/product"}],"about":[{"href":"http:\/\/www.vempele.fi\/da\/wp-json\/wp\/v2\/types\/product"}],"replies":[{"embeddable":true,"href":"http:\/\/www.vempele.fi\/da\/wp-json\/wp\/v2\/comments?post=45337"}],"wp:featuredmedia":[{"embeddable":true,"href":"http:\/\/www.vempele.fi\/da\/wp-json\/wp\/v2\/media\/31813"}],"wp:attachment":[{"href":"http:\/\/www.vempele.fi\/da\/wp-json\/wp\/v2\/media?parent=45337"}],"wp:term":[{"taxonomy":"product_brand","embeddable":true,"href":"http:\/\/www.vempele.fi\/da\/wp-json\/wp\/v2\/product_brand?post=45337"},{"taxonomy":"product_cat","embeddable":true,"href":"http:\/\/www.vempele.fi\/da\/wp-json\/wp\/v2\/product_cat?post=45337"},{"taxonomy":"product_tag","embeddable":true,"href":"http:\/\/www.vempele.fi\/da\/wp-json\/wp\/v2\/product_tag?post=45337"}],"curies":[{"name":"wp","href":"https:\/\/api.w.org\/{rel}","templated":true}]}}