{"id":46073,"date":"2024-10-03T00:00:00","date_gmt":"2024-10-02T21:00:00","guid":{"rendered":"https:\/\/www.vempele.fi\/fi\/tuote\/linglong-sport-master-c-s-255-45r19-100v-tesla-model-y-2\/"},"modified":"2026-04-18T09:00:32","modified_gmt":"2026-04-18T06:00:32","slug":"linglong-sport-master-c-s-255-45r19-100v-tesla-model-y-2","status":"publish","type":"product","link":"http:\/\/www.vempele.fi\/da\/tuote\/linglong-sport-master-c-s-255-45r19-100v-tesla-model-y-2\/","title":{"rendered":"Linglong Sport Master C\/S 255\/45R19 100V - Tesla Model Y"},"content":{"rendered":"<p>1 Linglong Sport Master C\/S 255\/45-19 100V<\/p>\n<ul>\n<li>EU-d\u00e6km\u00e6rkning<\/li>\n<li>Type: sommerd\u00e6k<\/li>\n<li>Tommer: 19<\/li>\n<li>Bredde: 255<\/li>\n<li>Profil: 45<\/li>\n<li>Hastighedskategori: V<\/li>\n<li>Belastningsklasse: 100<\/li>\n<li>D\u00e6kklassificering: C1<\/li>\n<li>Br\u00e6ndstof\u00f8konomi: <\/li>\n<li>V\u00e5d vedligeholdelse: <\/li>\n<li>Klassificering og intensitet af kabinest\u00f8j: - dB<\/li>\n<\/ul>\n<p>&nbsp;<\/p>\n<p>D\u00e6kkene leveres direkte fra partnerens lager.<\/p>\n<p><img decoding=\"async\" src=\"https:\/\/www.vempele.fi\/wp-content\/uploads\/2025\/04\/Label_2121852.svg\" width=\"300\" \/><\/p>\n<p>D\u00e6kinformation hentet fra en partner.<\/p>","protected":false},"excerpt":{"rendered":"<p>Linglong Sport Master C\/S on laadukas ja pit\u00e4v\u00e4 SUV-rengas.  A-luokan m\u00e4rk\u00e4pitoa.  Loistavat ajo-ominaisuudet, jotka tulevat esille Pohjolan vaihtelevissa kes\u00e4olosuhteissa.  Kuvion ja kumiseoksen optimointi suunniteltu uusinta rengasteknologiaa k\u00e4ytt\u00e4en.  Erinomainen SUV-rengas parhaassa hinta-laatusuhteessa. HUOM!  Renkaan kyljess\u00e4 oleva nimi voi valmistajan tekem\u00e4st\u00e4 nimimuutoksesta johtuen olla joko Sport Master C\/S tai Grip Master C\/S.  Molemmat renkaat ovat tarkalleen sama tuote. <\/p>\n<p> D\u00e6kkene leveres direkte fra partnerens lager.<\/p>","protected":false},"featured_media":46070,"comment_status":"open","ping_status":"open","template":"","meta":[],"product_brand":[],"product_cat":[371],"product_tag":[696,632,271,845,121],"class_list":{"0":"post-46073","1":"product","2":"type-product","3":"status-publish","4":"has-post-thumbnail","6":"product_cat-renkaat","7":"product_tag-kesarengas","8":"product_tag-linglong","9":"product_tag-model-y","10":"product_tag-sport-master-c-s","11":"product_tag-tesla","13":"first","14":"instock","15":"taxable","16":"shipping-taxable","17":"purchasable","18":"product-type-simple"},"jetpack_sharing_enabled":true,"_links":{"self":[{"href":"http:\/\/www.vempele.fi\/da\/wp-json\/wp\/v2\/product\/46073","targetHints":{"allow":["GET"]}}],"collection":[{"href":"http:\/\/www.vempele.fi\/da\/wp-json\/wp\/v2\/product"}],"about":[{"href":"http:\/\/www.vempele.fi\/da\/wp-json\/wp\/v2\/types\/product"}],"replies":[{"embeddable":true,"href":"http:\/\/www.vempele.fi\/da\/wp-json\/wp\/v2\/comments?post=46073"}],"wp:featuredmedia":[{"embeddable":true,"href":"http:\/\/www.vempele.fi\/da\/wp-json\/wp\/v2\/media\/46070"}],"wp:attachment":[{"href":"http:\/\/www.vempele.fi\/da\/wp-json\/wp\/v2\/media?parent=46073"}],"wp:term":[{"taxonomy":"product_brand","embeddable":true,"href":"http:\/\/www.vempele.fi\/da\/wp-json\/wp\/v2\/product_brand?post=46073"},{"taxonomy":"product_cat","embeddable":true,"href":"http:\/\/www.vempele.fi\/da\/wp-json\/wp\/v2\/product_cat?post=46073"},{"taxonomy":"product_tag","embeddable":true,"href":"http:\/\/www.vempele.fi\/da\/wp-json\/wp\/v2\/product_tag?post=46073"}],"curies":[{"name":"wp","href":"https:\/\/api.w.org\/{rel}","templated":true}]}}