{"id":404,"date":"2018-06-07T09:15:20","date_gmt":"2018-06-07T06:15:20","guid":{"rendered":"https:\/\/www.vempele.fi\/?page_id=404"},"modified":"2020-07-06T13:47:56","modified_gmt":"2020-07-06T10:47:56","slug":"datenschutzhinweis","status":"publish","type":"page","link":"http:\/\/www.vempele.fi\/de\/yksityisyydensuojatiedote\/","title":{"rendered":"Hinweis zum Datenschutz"},"content":{"rendered":"<ul>\n<li><strong>Warum werden Daten gesammelt?<\/strong><\/li>\n<\/ul>\n<p>Der Vempele-Onlineshop unterh\u00e4lt ein Kundenregister, um die Kundenbeziehungen zu verwalten. Personenbezogene Daten werden in dem Ma\u00dfe erhoben, wie es f\u00fcr die Erbringung der Dienstleistung an die Kunden erforderlich ist.<\/p>\n<p>Anonyme Informationen werden mit Hilfe von Cookies gesammelt, um die Website besser an die Bed\u00fcrfnisse der Nutzer anpassen zu k\u00f6nnen. Diese Informationen, mit denen der Kunde nicht identifiziert werden kann, umfassen die vom Benutzer auf der Seite durchgef\u00fchrten Aktionen (wie Klicks), technische Informationen (wie Browser), Land und Datum.<\/p>\n<ul>\n<li><strong>Welche pers\u00f6nlichen Daten werden gesammelt?<\/strong><\/li>\n<\/ul>\n<p>Informationen, die bei der Erstellung einer Kunden-ID zu erfassen sind:<\/p>\n<ol>\n<li style=\"text-align: left;\">Name<\/li>\n<li style=\"text-align: left;\">Adresse<\/li>\n<li style=\"text-align: left;\">Rufnummer<\/li>\n<li style=\"text-align: left;\">E-Mail-Adresse (der erste Teil der E-Mail ist auch Ihr Benutzername)<\/li>\n<li style=\"text-align: left;\">Passwort<\/li>\n<\/ol>\n<p>Ihre E-Mail-Adresse und Ihr Passwort werden zum Zeitpunkt der Registrierung gespeichert. Andere Informationen werden nur gespeichert, wenn die Bestellung aufgegeben wird oder wenn der Kunde seine eigenen Informationen auf der Website vervollst\u00e4ndigt.<\/p>\n<p>Wenn der Kunde eine Bestellung aufgibt, ohne sich zu registrieren, wird die Bestellung zur Bearbeitung gespeichert:<\/p>\n<ol>\n<li>Name<\/li>\n<li>Adresse<\/li>\n<li>Rufnummer<\/li>\n<li>E-Mail Adresse<\/li>\n<\/ol>\n<ul>\n<li><strong>Wo man die Daten erh\u00e4lt<\/strong><\/li>\n<\/ul>\n<p>Die Informationen werden direkt vom Kunden gesammelt, wenn der Kunde eine Bestellung aufgibt oder eine Kunden-ID erstellt. Wenn der Kunde Vempele per Telefon, E-Mail oder Kontaktformular kontaktiert, werden diese Informationen nicht l\u00e4nger als bis zum Grund der Kontaktaufnahme gespeichert.<\/p>\n<p>Anonymisierte Daten \u00fcber Besucher der Vempele-Website werden mit Google Analytics gesammelt. Diese Anwendung zeichnet Informationen dar\u00fcber auf, welche Seiten besucht werden, wie lange der Besucher auf der Website bleibt, wie der Besucher auf die Website gelangt und welche Links angeklickt werden. Diese Informationen werden gesammelt, um sicherzustellen, dass die Website den Bed\u00fcrfnissen der Nutzer entspricht.<\/p>\n<ul>\n<li><strong>Wie lange die Daten aufbewahrt werden<\/strong><\/li>\n<\/ul>\n<p>Die Daten des registrierten Kunden werden so lange gespeichert, wie die Kundenbeziehung besteht.<\/p>\n<p>Daten, die ein nicht registrierter Kunde zum Zwecke der Abwicklung einer Bestellung angibt, werden maximal 365 Tage gespeichert. Die Daten werden gespeichert, um auf Wunsch des Kunden eine nachtr\u00e4gliche Kontrolle der Bestellung zu erm\u00f6glichen.<\/p>\n<ul>\n<li><strong>Empf\u00e4nger der personenbezogenen Daten<\/strong><\/li>\n<\/ul>\n<p>Die im Register enthaltenen personenbezogenen Daten werden nur dann an Dritte weitergegeben, wenn dies erforderlich ist, und zwar wie folgt:<\/p>\n<p>a) Zur Bereitstellung der Zahlungsinformationen f\u00fcr den Service an Checkout Finland, unseren Zahlungsdienstleister.<\/p>\n<p>b) an die Lieferadresse, die unserem Transportunternehmen Shipit Oy Ab f\u00fcr die Lieferung der Produkte mitgeteilt wurde.<\/p>\n<p>c) an \u00f6ffentliche Beh\u00f6rden f\u00fcr Informationsanfragen auf der Grundlage des finnischen Rechts.<\/p>\n<p>d) an Versicherungsgesellschaften zum Zwecke der Bearbeitung von Schadensersatzanspr\u00fcchen.<\/p>\n<ul>\n<li><strong>Recht auf Zugang zu Ihren Daten<\/strong><\/li>\n<\/ul>\n<p>Der Kunde hat das Recht, seine eigenen Daten im Register zu \u00fcberpr\u00fcfen. Sie k\u00f6nnen Ihre pers\u00f6nlichen Daten \u00fcberpr\u00fcfen, indem Sie sich in den Vempele-Onlineshop einloggen.<\/p>\n<ul>\n<li><strong>Das Recht, die Berichtigung unrichtiger Daten oder die L\u00f6schung aller Daten zu verlangen<\/strong><\/li>\n<\/ul>\n<p>Der Kunde hat das Recht, die Berichtigung unrichtiger Daten zu verlangen, und er kann unrichtige Daten auch selbst berichtigen, nachdem er sich auf der Website angemeldet hat. Der Kunde hat auch das Recht zu verlangen, dass seine pers\u00f6nlichen Daten aus dem Register gel\u00f6scht werden.<\/p>\n<ul>\n<li><strong>Recht auf Einschr\u00e4nkung der Verarbeitung<\/strong><\/li>\n<\/ul>\n<p>Die Kunden haben das Recht, die Verarbeitung ihrer personenbezogenen Daten einzuschr\u00e4nken. Sobald der Kunde einen solchen Antrag gestellt hat, wird der Vempele-Onlineshop die personenbezogenen Daten des Kunden nicht mehr verarbeiten, es sei denn, es gibt einen Rechtsgrund f\u00fcr die Verarbeitung.<\/p>\n<ul>\n<li><strong>Das Recht, Daten von einem System in ein anderes zu \u00fcbertragen<\/strong><\/li>\n<\/ul>\n<p>Der Kunde hat das Recht, personenbezogene Daten in einem strukturierten Format zu erhalten, wobei der Kunde die Daten auf Wunsch an einen anderen f\u00fcr die Verarbeitung Verantwortlichen weitergeben kann.<\/p>\n<p>Der Kunde kann Vempele e-shop in den oben genannten Angelegenheiten per E-Mail, Brief oder \u00fcber das Kontaktformular auf der Website kontaktieren.<\/p>","protected":false},"excerpt":{"rendered":"<p>Miksi tietoja ker\u00e4t\u00e4\u00e4n Vempele-verkkokauppa yll\u00e4pit\u00e4\u00e4 asiakasrekisteri\u00e4 asiakassuhteiden hoitamiseksi. Henkil\u00f6tietoja ker\u00e4t\u00e4\u00e4n sen verran kuin on tarvetta palvelun tarjoamiseksi asiakkaille. Anonyymeja tietoja ker\u00e4t\u00e4\u00e4n ev\u00e4steiden avulla, jotta voidaan kehitt\u00e4\u00e4 sivuja vastaamaan paremmin k\u00e4ytt\u00e4j\u00e4n tarpeita. T\u00e4llaisia tietoja, joista asiakasta ei voida identifioida, ovat k\u00e4ytt\u00e4j\u00e4n tekem\u00e4t toimet sivulla (kuten klikkaukset), tekniset tiedot (kuten selaimet), maa ja p\u00e4iv\u00e4m\u00e4\u00e4r\u00e4. Mit\u00e4 henkil\u00f6tietoja ker\u00e4t\u00e4\u00e4n [&hellip;]<\/p>\n","protected":false},"author":2,"featured_media":0,"parent":0,"menu_order":0,"comment_status":"closed","ping_status":"closed","template":"","meta":{"footnotes":""},"class_list":["post-404","page","type-page","status-publish","hentry"],"jetpack_sharing_enabled":true,"_links":{"self":[{"href":"http:\/\/www.vempele.fi\/de\/wp-json\/wp\/v2\/pages\/404","targetHints":{"allow":["GET"]}}],"collection":[{"href":"http:\/\/www.vempele.fi\/de\/wp-json\/wp\/v2\/pages"}],"about":[{"href":"http:\/\/www.vempele.fi\/de\/wp-json\/wp\/v2\/types\/page"}],"author":[{"embeddable":true,"href":"http:\/\/www.vempele.fi\/de\/wp-json\/wp\/v2\/users\/2"}],"replies":[{"embeddable":true,"href":"http:\/\/www.vempele.fi\/de\/wp-json\/wp\/v2\/comments?post=404"}],"version-history":[{"count":0,"href":"http:\/\/www.vempele.fi\/de\/wp-json\/wp\/v2\/pages\/404\/revisions"}],"wp:attachment":[{"href":"http:\/\/www.vempele.fi\/de\/wp-json\/wp\/v2\/media?parent=404"}],"curies":[{"name":"wp","href":"https:\/\/api.w.org\/{rel}","templated":true}]}}