{"id":10711,"date":"2022-04-21T15:40:03","date_gmt":"2022-04-21T12:40:03","guid":{"rendered":"https:\/\/www.vempele.fi\/?post_type=product&#038;p=10711"},"modified":"2026-04-10T19:14:26","modified_gmt":"2026-04-10T16:14:26","slug":"tesla-model-y-dachgepacktrager","status":"publish","type":"product","link":"http:\/\/www.vempele.fi\/de\/tuote\/tesla-model-y-kattotelineet\/","title":{"rendered":"Dachgep\u00e4cktr\u00e4ger - Tesla Model Y"},"content":{"rendered":"<p>Einfache Installation mit der mitgelieferten Anleitung.<\/p>\n<p>Das Paket enth\u00e4lt alles, was Sie f\u00fcr die Montage der Gep\u00e4cktr\u00e4ger ben\u00f6tigen. Au\u00dferdem sind PPF-Streifen (Paint Protection Film) unter den F\u00fc\u00dfen der Gep\u00e4cktr\u00e4ger enthalten, um die Lackierung Ihres Fahrzeugs zu sch\u00fctzen. PPF-Folien sind transparent.<\/p>\n<p><b>Weitere Informationen:<\/b><\/p>\n<ul>\n<li style=\"list-style-type: none;\">\n<ul>\n<li>Kompatibilit\u00e4t:\n<ul>\n<li>Tesla Model Y 2020 - 2024<\/li>\n<li>Tesla Model Y Juniper 2025 -&gt;<\/li>\n<\/ul>\n<\/li>\n<li>Einfache Installation<\/li>\n<li>Langlebiges Aluminium<\/li>\n<li>Abmessungen der Verpackung: 136 x 16 x 18 cm, 6,9 kg<\/li>\n<li>Das Paket umfasst\n<ul>\n<li>Montageschl\u00fcssel<\/li>\n<li>Racks vorne und hinten<\/li>\n<li>Endkappen f\u00fcr Regale<\/li>\n<li>\"Pads\" unter den Beinen der Regale<\/li>\n<li>Befestigungsmuttern<\/li>\n<li>Schl\u00fcsselw\u00f6rter<\/li>\n<li>PPF-Bandbreite<\/li>\n<li>Anleitung zur Befestigung<\/li>\n<\/ul>\n<\/li>\n<\/ul>\n<\/li>\n<\/ul>\n<p><strong>Achtung! Dachgep\u00e4cktr\u00e4ger sind original, nicht Tesla original.<\/strong><\/p>\n<p>Sie k\u00f6nnen die Installationsanleitung herunterladen<strong> <a href=\"https:\/\/www.vempele.fi\/wp-content\/uploads\/2022\/12\/Kattotelineiden-asennusohje.pdf\">Hier.<\/a><\/strong><\/p>","protected":false},"excerpt":{"rendered":"<p>Die Dachtr\u00e4ger f\u00fcr das Model Y sind in einer modischen Farbe, n\u00e4mlich Schwarz, gehalten.<\/p>\n<p>Eine gro\u00dfartige M\u00f6glichkeit, Ihre Transportkapazit\u00e4t weiter zu erh\u00f6hen: Mit den Dachtr\u00e4gern k\u00f6nnen Sie z. B. eine Skibox oder einen Fahrradtr\u00e4ger auf dem Dach Ihres Tesla befestigen.<\/p>\n<p>Sie eignen sich auch hervorragend, um einfach nur den Look zu \u00e4ndern.<\/p>\n<p>Hinweis: Bei diesen Dachtr\u00e4gern handelt es sich um die Originaldachtr\u00e4ger, nicht um die Originaltr\u00e4ger.<\/p>\n<p>Sie k\u00f6nnen die Installationsanleitung herunterladen<strong> <a href=\"https:\/\/www.vempele.fi\/wp-content\/uploads\/2022\/12\/Kattotelineiden-asennusohje.pdf\">Hier.<\/a><\/strong><\/p>\n<p><strong>Jetzt ein neues, abschlie\u00dfbares Modell!<\/strong><\/p>","protected":false},"featured_media":10725,"comment_status":"open","ping_status":"closed","template":"","meta":[],"product_brand":[838],"product_cat":[154,455,483,128],"product_tag":[83,365,271,121,203],"class_list":{"0":"post-10711","1":"product","2":"type-product","3":"status-publish","4":"has-post-thumbnail","6":"product_brand-teslaasi","7":"product_cat-model-y","8":"product_cat-my-tarvikkeet","9":"product_cat-tarvikkeet-ulkopuolelle-model-y","10":"product_cat-tesla-tuotteet","11":"product_tag-autotarvikkeet","12":"product_tag-kattotelineet","13":"product_tag-model-y","14":"product_tag-tesla","15":"product_tag-tesla-model-y","17":"first","18":"instock","19":"taxable","20":"shipping-taxable","21":"purchasable","22":"product-type-simple"},"jetpack_sharing_enabled":true,"_links":{"self":[{"href":"http:\/\/www.vempele.fi\/de\/wp-json\/wp\/v2\/product\/10711","targetHints":{"allow":["GET"]}}],"collection":[{"href":"http:\/\/www.vempele.fi\/de\/wp-json\/wp\/v2\/product"}],"about":[{"href":"http:\/\/www.vempele.fi\/de\/wp-json\/wp\/v2\/types\/product"}],"replies":[{"embeddable":true,"href":"http:\/\/www.vempele.fi\/de\/wp-json\/wp\/v2\/comments?post=10711"}],"wp:featuredmedia":[{"embeddable":true,"href":"http:\/\/www.vempele.fi\/de\/wp-json\/wp\/v2\/media\/10725"}],"wp:attachment":[{"href":"http:\/\/www.vempele.fi\/de\/wp-json\/wp\/v2\/media?parent=10711"}],"wp:term":[{"taxonomy":"product_brand","embeddable":true,"href":"http:\/\/www.vempele.fi\/de\/wp-json\/wp\/v2\/product_brand?post=10711"},{"taxonomy":"product_cat","embeddable":true,"href":"http:\/\/www.vempele.fi\/de\/wp-json\/wp\/v2\/product_cat?post=10711"},{"taxonomy":"product_tag","embeddable":true,"href":"http:\/\/www.vempele.fi\/de\/wp-json\/wp\/v2\/product_tag?post=10711"}],"curies":[{"name":"wp","href":"https:\/\/api.w.org\/{rel}","templated":true}]}}