{"id":10729,"date":"2022-04-22T16:08:50","date_gmt":"2022-04-22T13:08:50","guid":{"rendered":"https:\/\/www.vempele.fi\/?post_type=product&#038;p=10729"},"modified":"2026-04-12T14:48:34","modified_gmt":"2026-04-12T11:48:34","slug":"tesla-model-3-dachgepacktrager","status":"publish","type":"product","link":"http:\/\/www.vempele.fi\/de\/tuote\/tesla-model-3-kattotelineet\/","title":{"rendered":"Dachgep\u00e4cktr\u00e4ger - Tesla Model 3"},"content":{"rendered":"<p>Einfache Installation mit der mitgelieferten Anleitung.<\/p>\n<p>Das Paket enth\u00e4lt alles, was Sie f\u00fcr die Montage der Gep\u00e4cktr\u00e4ger ben\u00f6tigen. Au\u00dferdem sind PPF-Streifen (Paint Protection Film) unter den F\u00fc\u00dfen der Gep\u00e4cktr\u00e4ger enthalten, um die Lackierung Ihres Fahrzeugs zu sch\u00fctzen. PPF-Folien sind transparent.<\/p>\n<p>Der Hersteller hat die Racks auf eine Belastung von 200 kg getestet. Wir empfehlen jedoch eine maximale Belastung von 68 kg, die auch von Tesla empfohlen wird.<\/p>\n<p><b>Weitere Informationen:<\/b><\/p>\n<ul>\n<li style=\"list-style-type: none;\">\n<ul>\n<li>Kompatibilit\u00e4t:\n<ul>\n<li>Model 3 Pre-Refresh vm. 2019 - 2021<\/li>\n<li>Modell 3 Auffrischung vm. 2021 - 2023<\/li>\n<li>Modell 3 Highland vm 2023 -&gt;<\/li>\n<\/ul>\n<\/li>\n<li>Einfache Installation<\/li>\n<li>Langlebiges Aluminium<\/li>\n<li>Abmessungen der Verpackung: 136 x 16 x 18 cm, 7,4 kg<\/li>\n<li>Das Paket umfasst\n<ul>\n<li>Montageschl\u00fcssel<\/li>\n<li>Racks vorne und hinten<\/li>\n<li>Kantenschoner f\u00fcr Regale<\/li>\n<li>\"Pads\" unter den Beinen der Regale<\/li>\n<li>Befestigungsmuttern<\/li>\n<li>Befestigungsschellen<\/li>\n<li>PPF-Bandbreite<\/li>\n<li>Anleitung zur Befestigung<\/li>\n<\/ul>\n<\/li>\n<\/ul>\n<\/li>\n<\/ul>\n<p><strong>Achtung! Dachgep\u00e4cktr\u00e4ger sind original, nicht Tesla original.<\/strong><br \/>\nDie Dachgep\u00e4cktr\u00e4ger sehen aus wie die Originale von Tesla.<\/p>\n<p>Sie k\u00f6nnen die Installationsanleitung herunterladen<strong> <a href=\"https:\/\/www.vempele.fi\/wp-content\/uploads\/2022\/12\/Kattotelineiden-asennusohje.pdf\">Hier.<\/a><\/strong><\/p>","protected":false},"excerpt":{"rendered":"<p>Tesla Model 3 Dachgep\u00e4cktr\u00e4ger in der Trendfarbe Schwarz.<\/p>\n<p>Eine gro\u00dfartige M\u00f6glichkeit, Ihre Transportkapazit\u00e4t weiter zu erh\u00f6hen: Mit den Dachtr\u00e4gern k\u00f6nnen Sie z. B. eine Skibox oder einen Fahrradtr\u00e4ger auf dem Dach Ihres Tesla befestigen.<\/p>\n<p>Sie eignen sich auch hervorragend, um einfach nur den Look zu \u00e4ndern.<\/p>\n<p>Hinweis: Bei diesen Dachtr\u00e4gern handelt es sich um die Originaldachtr\u00e4ger, nicht um die Originaltr\u00e4ger.<\/p>\n<p>Sie k\u00f6nnen die Installationsanleitung herunterladen<strong> <a href=\"https:\/\/www.vempele.fi\/wp-content\/uploads\/2022\/12\/Kattotelineiden-asennusohje.pdf\">Hier.<\/a><\/strong><\/p>\n<p><strong>Neues, abschlie\u00dfbares Modell!<\/strong><\/p>","protected":false},"featured_media":10725,"comment_status":"open","ping_status":"closed","template":"","meta":[],"product_brand":[838],"product_cat":[151,452,481,128],"product_tag":[83,365,156,552,121],"class_list":{"0":"post-10729","1":"product","2":"type-product","3":"status-publish","4":"has-post-thumbnail","6":"product_brand-teslaasi","7":"product_cat-model-3","8":"product_cat-m3-tarvikkeet","9":"product_cat-tarvikkeet-ulkopuolelle-model-3","10":"product_cat-tesla-tuotteet","11":"product_tag-autotarvikkeet","12":"product_tag-kattotelineet","13":"product_tag-model-3","14":"product_tag-taakkatelineet","15":"product_tag-tesla","17":"first","18":"instock","19":"taxable","20":"shipping-taxable","21":"purchasable","22":"product-type-simple"},"jetpack_sharing_enabled":true,"_links":{"self":[{"href":"http:\/\/www.vempele.fi\/de\/wp-json\/wp\/v2\/product\/10729","targetHints":{"allow":["GET"]}}],"collection":[{"href":"http:\/\/www.vempele.fi\/de\/wp-json\/wp\/v2\/product"}],"about":[{"href":"http:\/\/www.vempele.fi\/de\/wp-json\/wp\/v2\/types\/product"}],"replies":[{"embeddable":true,"href":"http:\/\/www.vempele.fi\/de\/wp-json\/wp\/v2\/comments?post=10729"}],"wp:featuredmedia":[{"embeddable":true,"href":"http:\/\/www.vempele.fi\/de\/wp-json\/wp\/v2\/media\/10725"}],"wp:attachment":[{"href":"http:\/\/www.vempele.fi\/de\/wp-json\/wp\/v2\/media?parent=10729"}],"wp:term":[{"taxonomy":"product_brand","embeddable":true,"href":"http:\/\/www.vempele.fi\/de\/wp-json\/wp\/v2\/product_brand?post=10729"},{"taxonomy":"product_cat","embeddable":true,"href":"http:\/\/www.vempele.fi\/de\/wp-json\/wp\/v2\/product_cat?post=10729"},{"taxonomy":"product_tag","embeddable":true,"href":"http:\/\/www.vempele.fi\/de\/wp-json\/wp\/v2\/product_tag?post=10729"}],"curies":[{"name":"wp","href":"https:\/\/api.w.org\/{rel}","templated":true}]}}