{"id":31907,"date":"2024-10-04T00:00:00","date_gmt":"2024-10-03T21:00:00","guid":{"rendered":"https:\/\/www.vempele.fi\/fi\/?post_type=product&#038;p=31907"},"modified":"2026-04-01T15:51:08","modified_gmt":"2026-04-01T12:51:08","slug":"linglong-nord-master-testimenestys-235-45r18-98t-tesla-model-3","status":"publish","type":"product","link":"http:\/\/www.vempele.fi\/de\/tuote\/linglong-nord-master-testimenestys-235-45r18-98t-tesla-model-3\/","title":{"rendered":"Linglong Nord Master TESTIMENESTYS! 235\/45R18 98T - Tesla Model 3"},"content":{"rendered":"<p>1 St\u00fcck Linglong Nord Master TEST TEST! 235\/45-18 98T<\/p>\n<ul>\n<li>EU-Reifenkennzeichnung<\/li>\n<li>Typ: Reibring<\/li>\n<li>Zentimeter: 18<\/li>\n<li>Breite: 235<\/li>\n<li>Profil: 45<\/li>\n<li>Geschwindigkeitskategorie: T<\/li>\n<li>Belastungsklasse: 98<\/li>\n<li>Reifenklassifizierung: <\/li>\n<li>Kraftstoffverbrauch: <\/li>\n<li>Nasspflege: <\/li>\n<li>Klassifizierung der Lenkradger\u00e4usche:\u00a0 <\/li>\n<\/ul>\n<p>&nbsp;<\/p>\n<p>Die Reifen werden direkt aus dem Lager des Partners geliefert.<\/p>\n<p><img decoding=\"async\" src=\"https:\/\/www.vempele.fi\/wp-content\/uploads\/2024\/10\/Label_1080872.svg\" width=\"300\" \/><\/p>\n<p>Von einem Partner abgerufene Reifeninformationen.<\/p>","protected":false},"excerpt":{"rendered":"<p>Linglong Nord Master - der Testsieger Der Linglong Nord Master ist ein neuer leistungsstarker Reifentest-Sieger.  Mit seinem erstaunlichen Testergebnis lag der Nord Master nur 0,8 Punkte hinter dem Sieger - und das, obwohl er fast 40 % g\u00fcnstiger ist.  Der Erfolg des Linglong ist bemerkenswert: Er wurde von namhaften Konkurrenten wie dem Bridgestone Blizzak Ice geschlagen.  Dar\u00fcber hinaus war der Nord Master der leiseste Reifen beim Test World Test in Ivalo (geteilter 1. Platz).  Der Linglong Nord Master wurde speziell f\u00fcr die Winterbedingungen in den nordischen L\u00e4ndern entwickelt.  Der Reifen kann zu Recht als Champion f\u00fcr nordische Winterbedingungen bezeichnet werden - bei seiner Konstruktion wurde die neueste Technologie eingesetzt, um den Reifen f\u00fcr die schwierigen Winterbedingungen zu optimieren.  \"LINGLONG HAT GUTE ZEIT AUF EIS\" Aftonbladet 26. 9. 2020<br \/>\n&#13;<br \/>\nLinglong gilt weithin als der chinesische Reifenhersteller mit der h\u00f6chsten Qualit\u00e4t.  Insbesondere der spektakul\u00e4re Test- und Verkaufserfolg des Flaggschiffs von Linglong, der GreenMax-Reifenfamilie, hat der Marke in ganz Europa einen guten Ruf eingebracht.  Dank der hervorragenden Kundenzufriedenheit und dem besten Preis-Leistungs-Verh\u00e4ltnis auf dem Markt hat sich Linglong an die Spitze der finnischen Reifencharts geschossen.<br \/>\n\u00a0 <\/p>\n<p>Die Reifen werden direkt aus dem Lager des Partners geliefert.<\/p>","protected":false},"featured_media":31909,"comment_status":"open","ping_status":"open","template":"","meta":[],"product_brand":[],"product_cat":[371],"product_tag":[704,632,156,705,121],"class_list":{"0":"post-31907","1":"product","2":"type-product","3":"status-publish","4":"has-post-thumbnail","6":"product_cat-renkaat","7":"product_tag-kitkarengas","8":"product_tag-linglong","9":"product_tag-model-3","10":"product_tag-nord-master-testimenestys","11":"product_tag-tesla","13":"first","14":"instock","15":"taxable","16":"shipping-taxable","17":"purchasable","18":"product-type-simple"},"jetpack_sharing_enabled":true,"_links":{"self":[{"href":"http:\/\/www.vempele.fi\/de\/wp-json\/wp\/v2\/product\/31907","targetHints":{"allow":["GET"]}}],"collection":[{"href":"http:\/\/www.vempele.fi\/de\/wp-json\/wp\/v2\/product"}],"about":[{"href":"http:\/\/www.vempele.fi\/de\/wp-json\/wp\/v2\/types\/product"}],"replies":[{"embeddable":true,"href":"http:\/\/www.vempele.fi\/de\/wp-json\/wp\/v2\/comments?post=31907"}],"wp:featuredmedia":[{"embeddable":true,"href":"http:\/\/www.vempele.fi\/de\/wp-json\/wp\/v2\/media\/31909"}],"wp:attachment":[{"href":"http:\/\/www.vempele.fi\/de\/wp-json\/wp\/v2\/media?parent=31907"}],"wp:term":[{"taxonomy":"product_brand","embeddable":true,"href":"http:\/\/www.vempele.fi\/de\/wp-json\/wp\/v2\/product_brand?post=31907"},{"taxonomy":"product_cat","embeddable":true,"href":"http:\/\/www.vempele.fi\/de\/wp-json\/wp\/v2\/product_cat?post=31907"},{"taxonomy":"product_tag","embeddable":true,"href":"http:\/\/www.vempele.fi\/de\/wp-json\/wp\/v2\/product_tag?post=31907"}],"curies":[{"name":"wp","href":"https:\/\/api.w.org\/{rel}","templated":true}]}}