{"id":37545,"date":"2025-03-01T00:00:00","date_gmt":"2025-02-28T22:00:00","guid":{"rendered":"https:\/\/www.vempele.fi\/?post_type=product&#038;p=37545"},"modified":"2026-03-26T07:51:10","modified_gmt":"2026-03-26T05:51:10","slug":"autec-uteca-glanzend-schwarz-18x80-et35-tesla-model-3","status":"publish","type":"product","link":"http:\/\/www.vempele.fi\/de\/tuote\/autec-uteca-gloss-black-18x80-et35-tesla-model-3\/","title":{"rendered":"AUTEC UTECA Schwarz gl\u00e4nzend 18\u00d78,0 ET35 - Tesla Model 3"},"content":{"rendered":"<p>AUTEC UTECA Schwarz gl\u00e4nzend 18\u00d78,0 ET35<\/p>\n<ul>\n<li>Breite: 8,0\u2033.<\/li>\n<li>Felgendurchmesser: 18\u2033.<\/li>\n<li>Direktmontage: nein. Nein. Die erforderlichen Adapterringe sind im Lieferumfang enthalten.<\/li>\n<li>Mittelloch: 70,0 mm<\/li>\n<li>Original-Mittelschale passt: nein<\/li>\n<li>Bolzenverteilung 5\u00d7114.3<\/li>\n<li>Konus: C - Geeignete Muttern werden mitgeliefert.<\/li>\n<li>Gewicht: 15.200 kg<\/li>\n<li>Lastindex: 0830 kg<\/li>\n<li>T\u00dcV: Ja<\/li>\n<li>Empfohlene Verwendung im Winter: ja<\/li>\n<\/ul>\n<p><strong>Achtung!\u00a0<\/strong>Nicht geeignet f\u00fcr das Modell Performance!<\/p>","protected":false},"excerpt":{"rendered":"<p>AUTEC UTECA Schwarz gl\u00e4nzend 18\u00d78,0 ET35 <\/p>\n<p> Preis ist f\u00fcr eine Felge <\/p>\n<p> Die Felgen werden direkt aus dem Lager des Partners geliefert - Lieferzeit ca. 1 Woche. <\/p>\n<p><a href=\"#tab-description\">Lesen Sie mehr...<\/a><\/p>","protected":false},"featured_media":37515,"comment_status":"open","ping_status":"open","template":"","meta":[],"product_brand":[],"product_cat":[372],"product_tag":[780,156,121,363],"class_list":{"0":"post-37545","1":"product","2":"type-product","3":"status-publish","4":"has-post-thumbnail","6":"product_cat-vanteet","7":"product_tag-a7","8":"product_tag-model-3","9":"product_tag-tesla","10":"product_tag-vanne","12":"first","13":"outofstock","14":"taxable","15":"shipping-taxable","16":"purchasable","17":"product-type-simple"},"jetpack_sharing_enabled":true,"_links":{"self":[{"href":"http:\/\/www.vempele.fi\/de\/wp-json\/wp\/v2\/product\/37545","targetHints":{"allow":["GET"]}}],"collection":[{"href":"http:\/\/www.vempele.fi\/de\/wp-json\/wp\/v2\/product"}],"about":[{"href":"http:\/\/www.vempele.fi\/de\/wp-json\/wp\/v2\/types\/product"}],"replies":[{"embeddable":true,"href":"http:\/\/www.vempele.fi\/de\/wp-json\/wp\/v2\/comments?post=37545"}],"wp:featuredmedia":[{"embeddable":true,"href":"http:\/\/www.vempele.fi\/de\/wp-json\/wp\/v2\/media\/37515"}],"wp:attachment":[{"href":"http:\/\/www.vempele.fi\/de\/wp-json\/wp\/v2\/media?parent=37545"}],"wp:term":[{"taxonomy":"product_brand","embeddable":true,"href":"http:\/\/www.vempele.fi\/de\/wp-json\/wp\/v2\/product_brand?post=37545"},{"taxonomy":"product_cat","embeddable":true,"href":"http:\/\/www.vempele.fi\/de\/wp-json\/wp\/v2\/product_cat?post=37545"},{"taxonomy":"product_tag","embeddable":true,"href":"http:\/\/www.vempele.fi\/de\/wp-json\/wp\/v2\/product_tag?post=37545"}],"curies":[{"name":"wp","href":"https:\/\/api.w.org\/{rel}","templated":true}]}}