{"id":37554,"date":"2025-03-01T00:00:00","date_gmt":"2025-02-28T22:00:00","guid":{"rendered":"https:\/\/www.vempele.fi\/?post_type=product&#038;p=37554"},"modified":"2026-04-06T06:51:11","modified_gmt":"2026-04-06T03:51:11","slug":"rial-lucca-glanzend-schwarz-18x80-et39-tesla-model-3","status":"publish","type":"product","link":"http:\/\/www.vempele.fi\/de\/tuote\/rial-lucca-gloss-black-18x80-et39-tesla-model-3\/","title":{"rendered":"RIAL LUCCA Schwarz gl\u00e4nzend 18\u00d78,0 ET39 - Tesla Model 3"},"content":{"rendered":"<p>RIAL LUCCA Schwarz gl\u00e4nzend 18\u00d78,0 ET39<\/p>\n<ul>\n<li>Breite: 8,0\u2033.<\/li>\n<li>Felgendurchmesser: 18\u2033.<\/li>\n<li>Direktmontage: nein. Nein. Die erforderlichen Adapterringe sind im Lieferumfang enthalten.<\/li>\n<li>Mittelloch: 70,1 mm<\/li>\n<li>Original-Mittelschale passt: nein<\/li>\n<li>Bolzenverteilung 5\u00d7114.3<\/li>\n<li>Konus: C - Geeignete Muttern werden mitgeliefert.<\/li>\n<li>Gewicht: 12.450 kg<\/li>\n<li>Tragf\u00e4higkeitsindex: 0735 kg<\/li>\n<li>T\u00dcV: Ja<\/li>\n<li>Empfohlene Verwendung im Winter: ja<\/li>\n<\/ul>\n<p><strong>Achtung!\u00a0<\/strong>Nicht geeignet f\u00fcr das Modell Performance!<\/p>","protected":false},"excerpt":{"rendered":"<p>RIAL LUCCA Schwarz gl\u00e4nzend 18\u00d78,0 ET39 <\/p>\n<p> Preis ist f\u00fcr eine Felge <\/p>\n<p> Die Felgen werden direkt aus dem Lager des Partners geliefert - Lieferzeit ca. 1 Woche. <\/p>\n<p><a href=\"#tab-description\">Lesen Sie mehr...<\/a><\/p>","protected":false},"featured_media":37524,"comment_status":"open","ping_status":"open","template":"","meta":[],"product_brand":[],"product_cat":[372],"product_tag":[156,782,121,363],"class_list":{"0":"post-37554","1":"product","2":"type-product","3":"status-publish","4":"has-post-thumbnail","6":"product_cat-vanteet","7":"product_tag-model-3","8":"product_tag-ri","9":"product_tag-tesla","10":"product_tag-vanne","12":"first","13":"outofstock","14":"taxable","15":"shipping-taxable","16":"purchasable","17":"product-type-simple"},"jetpack_sharing_enabled":true,"_links":{"self":[{"href":"http:\/\/www.vempele.fi\/de\/wp-json\/wp\/v2\/product\/37554","targetHints":{"allow":["GET"]}}],"collection":[{"href":"http:\/\/www.vempele.fi\/de\/wp-json\/wp\/v2\/product"}],"about":[{"href":"http:\/\/www.vempele.fi\/de\/wp-json\/wp\/v2\/types\/product"}],"replies":[{"embeddable":true,"href":"http:\/\/www.vempele.fi\/de\/wp-json\/wp\/v2\/comments?post=37554"}],"wp:featuredmedia":[{"embeddable":true,"href":"http:\/\/www.vempele.fi\/de\/wp-json\/wp\/v2\/media\/37524"}],"wp:attachment":[{"href":"http:\/\/www.vempele.fi\/de\/wp-json\/wp\/v2\/media?parent=37554"}],"wp:term":[{"taxonomy":"product_brand","embeddable":true,"href":"http:\/\/www.vempele.fi\/de\/wp-json\/wp\/v2\/product_brand?post=37554"},{"taxonomy":"product_cat","embeddable":true,"href":"http:\/\/www.vempele.fi\/de\/wp-json\/wp\/v2\/product_cat?post=37554"},{"taxonomy":"product_tag","embeddable":true,"href":"http:\/\/www.vempele.fi\/de\/wp-json\/wp\/v2\/product_tag?post=37554"}],"curies":[{"name":"wp","href":"https:\/\/api.w.org\/{rel}","templated":true}]}}