{"id":37725,"date":"2024-10-03T00:00:00","date_gmt":"2024-10-02T21:00:00","guid":{"rendered":"https:\/\/www.vempele.fi\/fi\/tuote\/linglong-sport-master-e-sahkoautoihin-235-45r18-98v-tesla-model-3\/"},"modified":"2026-04-19T18:51:10","modified_gmt":"2026-04-19T15:51:10","slug":"linglong-sport-master-e-fur-lkw-235-45r18-98v-tesla-model-3","status":"publish","type":"product","link":"http:\/\/www.vempele.fi\/de\/tuote\/linglong-sport-master-e-sahkoautoihin-235-45r18-98v-tesla-model-3\/","title":{"rendered":"Linglong Sport Master e f\u00fcr Elektroautos - 235\/45R18 98V - Tesla Model 3"},"content":{"rendered":"<p>1 St\u00fcck Linglong Sport Master e f\u00fcr Elektroautos - 235\/45-18 98V<\/p>\n<ul>\n<li>EU-Reifenkennzeichnung<\/li>\n<li>Typ: Sommerreifen<\/li>\n<li>Zentimeter: 18<\/li>\n<li>Breite: 235<\/li>\n<li>Profil: 45<\/li>\n<li>Geschwindigkeitskategorie: V<\/li>\n<li>Belastungsklasse: 98<\/li>\n<li>Reifenklassifizierung: C1<\/li>\n<li>Kraftstoffverbrauch: A<\/li>\n<li>Nasspflege: B<\/li>\n<li>Ger\u00e4uschpegel und -intensit\u00e4t der Kabine: A - 69 dB<\/li>\n<\/ul>\n<p>&nbsp;<\/p>\n<p>Die Reifen werden direkt aus dem Lager des Partners geliefert.<\/p>\n<p><img decoding=\"async\" src=\"https:\/\/www.vempele.fi\/wp-content\/uploads\/2024\/09\/Label_1906304.svg\" width=\"300\" \/><\/p>\n<p>Von einem Partner abgerufene Reifeninformationen.<\/p>","protected":false},"excerpt":{"rendered":"<p>Der brandneue Linglong Sport Master e wurde speziell f\u00fcr Elektroautos entwickelt.  Er bietet den besten Energieverbrauch der Klasse A auf dem Markt, die gr\u00f6\u00dfte Reichweite der Klasse A, das leiseste Ger\u00e4usch der Klasse A und bis zu 34 % weniger Rollwiderstand.  Der geringe Rollwiderstand ist nicht nur eine Zahl - zu seinen Vorteilen geh\u00f6ren l\u00e4ngere Fahrstrecken mit einer einzigen Ladung, niedrigere Energiekosten und eine verbesserte Umweltfreundlichkeit.<br \/>\nDas innovative Design des Sport Master e bietet extreme Ger\u00e4uscharmut und Langlebigkeit f\u00fcr die starke Leistung von Elektrofahrzeugen.  Im Vergleich war der Reifen bis zu 5,13 % leiser als die Konkurrenz.  Der Sport Master e erm\u00f6glicht ein m\u00fcheloses und angenehmes Fahrerlebnis.  Au\u00dferdem bietet er eine perfekte Energieoptimierung f\u00fcr den \u00fcberdurchschnittlichen Leistungsbedarf von Elektroautos. <\/p>\n<p> Die Reifen werden direkt aus dem Lager des Partners geliefert.<\/p>","protected":false},"featured_media":31813,"comment_status":"open","ping_status":"open","template":"","meta":[],"product_brand":[],"product_cat":[371],"product_tag":[696,632,156,763,121],"class_list":{"0":"post-37725","1":"product","2":"type-product","3":"status-publish","4":"has-post-thumbnail","6":"product_cat-renkaat","7":"product_tag-kesarengas","8":"product_tag-linglong","9":"product_tag-model-3","10":"product_tag-sport-master-e-sahkoautoihin","11":"product_tag-tesla","13":"first","14":"instock","15":"taxable","16":"shipping-taxable","17":"purchasable","18":"product-type-simple"},"jetpack_sharing_enabled":true,"_links":{"self":[{"href":"http:\/\/www.vempele.fi\/de\/wp-json\/wp\/v2\/product\/37725","targetHints":{"allow":["GET"]}}],"collection":[{"href":"http:\/\/www.vempele.fi\/de\/wp-json\/wp\/v2\/product"}],"about":[{"href":"http:\/\/www.vempele.fi\/de\/wp-json\/wp\/v2\/types\/product"}],"replies":[{"embeddable":true,"href":"http:\/\/www.vempele.fi\/de\/wp-json\/wp\/v2\/comments?post=37725"}],"wp:featuredmedia":[{"embeddable":true,"href":"http:\/\/www.vempele.fi\/de\/wp-json\/wp\/v2\/media\/31813"}],"wp:attachment":[{"href":"http:\/\/www.vempele.fi\/de\/wp-json\/wp\/v2\/media?parent=37725"}],"wp:term":[{"taxonomy":"product_brand","embeddable":true,"href":"http:\/\/www.vempele.fi\/de\/wp-json\/wp\/v2\/product_brand?post=37725"},{"taxonomy":"product_cat","embeddable":true,"href":"http:\/\/www.vempele.fi\/de\/wp-json\/wp\/v2\/product_cat?post=37725"},{"taxonomy":"product_tag","embeddable":true,"href":"http:\/\/www.vempele.fi\/de\/wp-json\/wp\/v2\/product_tag?post=37725"}],"curies":[{"name":"wp","href":"https:\/\/api.w.org\/{rel}","templated":true}]}}