{"id":42333,"date":"2024-10-03T00:00:00","date_gmt":"2024-10-02T21:00:00","guid":{"rendered":"https:\/\/www.vempele.fi\/fi\/tuote\/linglong-crosswind-4x4-hp-235-55r18-100v-tesla-model-y\/"},"modified":"2026-04-18T05:51:13","modified_gmt":"2026-04-18T02:51:13","slug":"linglong-crosswind-4x4-hp-235-55r18-100v-tesla-model-y","status":"publish","type":"product","link":"http:\/\/www.vempele.fi\/de\/tuote\/linglong-crosswind-4x4-hp-235-55r18-100v-tesla-model-y\/","title":{"rendered":"Linglong Crosswind 4X4 HP 235\/55R18 100V - Tesla Model Y"},"content":{"rendered":"<p>1 Linglong Crosswind 4X4 HP 235\/55-18 100V<\/p>\n<ul>\n<li>EU-Reifenkennzeichnung<\/li>\n<li>Typ: Sommerreifen<\/li>\n<li>Zentimeter: 18<\/li>\n<li>Breite: 235<\/li>\n<li>Profil: 55<\/li>\n<li>Geschwindigkeitskategorie: V<\/li>\n<li>Tragf\u00e4higkeitsklasse: 100<\/li>\n<li>Reifenklassifizierung: <\/li>\n<li>Kraftstoffverbrauch: B<\/li>\n<li>Nasspflege: B<\/li>\n<li>Ger\u00e4uschpegel und -intensit\u00e4t der Kabine: B - 71 dB<\/li>\n<\/ul>\n<p>&nbsp;<\/p>\n<p>Die Reifen werden direkt aus dem Lager des Partners geliefert.<\/p>\n<p><img decoding=\"async\" src=\"\" width=\"300\" \/><\/p>\n<p>Von einem Partner abgerufene Reifeninformationen.<\/p>","protected":false},"excerpt":{"rendered":"<p>Linglong CROSSWIND 4\u00d74 HP - ein leistungsstarker und vielseitiger Reifen f\u00fcr SUVs und CUVs<br \/>\nDer Linglong CROSSWIND 4\u00d74 HP ist ein hochwertiger Ganzjahresreifen, der speziell f\u00fcr SUVs und Gel\u00e4ndewagen entwickelt wurde.  Der Reifen bietet sowohl auf trockener als auch auf nasser Fahrbahn ein hervorragendes Fahrverhalten und ist somit eine gute Wahl sowohl f\u00fcr die Stadt als auch f\u00fcr die Landstra\u00dfe.<br \/>\nMerkmale:<br \/>\n&#13;<br \/>\nSpezielles Lamellendesign: Verst\u00e4rkte Musterteile verbessern die Griffigkeit und sorgen f\u00fcr pr\u00e4zise Man\u00f6vrierbarkeit unter allen Bedingungen.<br \/>\nVier breite Hauptrillen: Die effiziente Wasserableitung minimiert das Risiko von Wasserrutschen und erh\u00f6ht die Sicherheit auf nassen Stra\u00dfen.<br \/>\nDurchgehende Mittelrippe mit Lamellen: Verbessert die Fahrstabilit\u00e4t und reduziert den Ger\u00e4uschpegel, was ein komfortables und leises Fahrerlebnis erm\u00f6glicht.<br \/>\nOptimierte Mustersequenzierung: reduziert die Ger\u00e4uschentwicklung und verbessert den Fahrkomfort, so dass die Fahrt auch auf langen Strecken angenehm ist.<br \/>\n&#13;<br \/>\nLeistung:<br \/>\n&#13;<br \/>\nExzellentes Handling: Der Linglong CROSSWIND 4\u00d74 HP bietet pr\u00e4zise Man\u00f6vrierbarkeit und Fahrstabilit\u00e4t, so dass Sie sowohl im Stadtverkehr als auch auf der Autobahn sicher fahren k\u00f6nnen.<br \/>\nEffiziente Entw\u00e4sserung: Vier breite Hauptrillen leiten das Wasser effektiv ab, verringern die Gefahr des Auslaufens von Wasser und erh\u00f6hen die Sicherheit bei nassen Bedingungen.<br \/>\nKomfortables und leises Fahren: Die optimierte Oberfl\u00e4chengestaltung reduziert die Reifenger\u00e4usche und erh\u00f6ht den Fahrkomfort, so dass das Fahrerlebnis angenehm ist.<br \/>\n&#13;<br \/>\nW\u00e4hlen Sie den Linglong CROSSWIND 4\u00d74 HP und genie\u00dfen Sie das ganze Jahr \u00fcber ein sicheres und komfortables Fahrerlebnis! <\/p>\n<p> Die Reifen werden direkt aus dem Lager des Partners geliefert.<\/p>","protected":false},"featured_media":42335,"comment_status":"open","ping_status":"open","template":"","meta":[],"product_brand":[],"product_cat":[371],"product_tag":[826,696,632,271,121],"class_list":{"0":"post-42333","1":"product","2":"type-product","3":"status-publish","4":"has-post-thumbnail","6":"product_cat-renkaat","7":"product_tag-crosswind-4x4-hp","8":"product_tag-kesarengas","9":"product_tag-linglong","10":"product_tag-model-y","11":"product_tag-tesla","13":"first","14":"instock","15":"taxable","16":"shipping-taxable","17":"purchasable","18":"product-type-simple"},"jetpack_sharing_enabled":true,"_links":{"self":[{"href":"http:\/\/www.vempele.fi\/de\/wp-json\/wp\/v2\/product\/42333","targetHints":{"allow":["GET"]}}],"collection":[{"href":"http:\/\/www.vempele.fi\/de\/wp-json\/wp\/v2\/product"}],"about":[{"href":"http:\/\/www.vempele.fi\/de\/wp-json\/wp\/v2\/types\/product"}],"replies":[{"embeddable":true,"href":"http:\/\/www.vempele.fi\/de\/wp-json\/wp\/v2\/comments?post=42333"}],"wp:featuredmedia":[{"embeddable":true,"href":"http:\/\/www.vempele.fi\/de\/wp-json\/wp\/v2\/media\/42335"}],"wp:attachment":[{"href":"http:\/\/www.vempele.fi\/de\/wp-json\/wp\/v2\/media?parent=42333"}],"wp:term":[{"taxonomy":"product_brand","embeddable":true,"href":"http:\/\/www.vempele.fi\/de\/wp-json\/wp\/v2\/product_brand?post=42333"},{"taxonomy":"product_cat","embeddable":true,"href":"http:\/\/www.vempele.fi\/de\/wp-json\/wp\/v2\/product_cat?post=42333"},{"taxonomy":"product_tag","embeddable":true,"href":"http:\/\/www.vempele.fi\/de\/wp-json\/wp\/v2\/product_tag?post=42333"}],"curies":[{"name":"wp","href":"https:\/\/api.w.org\/{rel}","templated":true}]}}