{"id":6039,"date":"2020-09-29T14:49:46","date_gmt":"2020-09-29T11:49:46","guid":{"rendered":"https:\/\/www.vempele.fi\/?post_type=product&#038;p=6039"},"modified":"2025-12-16T20:38:57","modified_gmt":"2025-12-16T18:38:57","slug":"tesla-model-3-kofferraum-bodenschalldampfer","status":"publish","type":"product","link":"http:\/\/www.vempele.fi\/de\/tuote\/tesla-model-3-takakontin-vaimennusmatto\/","title":{"rendered":"Kofferraum-Bodenschalld\u00e4mpfer - Tesla Model 3"},"content":{"rendered":"<p><strong>Einbauanleitung<\/strong><\/p>\n<p>Einfach zu installieren. Reinigen Sie die zu beklebenden Stellen, entfernen Sie die roten Aufkleber und dr\u00fccken Sie den Teppich gleichm\u00e4\u00dfig auf allen Seiten an. Die lange Klebefl\u00e4che und der Rand der Matte werden unter den Rand der Heckklappendichtung gelegt. Hier ist darauf zu achten, dass der Kleber gut klebt. Bei meinem eigenen Auto war ich zu voreilig und musste eine zweite Lage doppelseitiges Klebeband anbringen, als der Rand des Teppichs trotz des Klebers beim ersten Versuch nicht unter der Dichtung klebte.<\/p>\n<p><b>Weitere Informationen<\/b><\/p>\n<ul>\n<li>Angemessenheit:\n<ul>\n<li>Model 3 Pre-Refresh vm. 2019 - 2021<\/li>\n<li>Modell 3 Auffrischung vm. 2021 - 2023<\/li>\n<\/ul>\n<\/li>\n<li>Standort im Fahrzeug: Kofferraum<\/li>\n<li>Werkstoff: PVC<\/li>\n<li>Farbe: Schwarz<\/li>\n<li>Im Paket enthalten:\n<ul>\n<li>1 x D\u00e4mpfungsmatte f\u00fcr den Kofferraum<\/li>\n<li>6 x Befestigungsschrauben und Zubeh\u00f6r<\/li>\n<\/ul>\n<\/li>\n<li>Ma\u00dfe: Breite von unten (schmaler Teil auf den Bildern) 96 cm, Breite von oben 108,5 cm (an der breitesten Stelle) und Tiefe 76 cm.<\/li>\n<li>Gewicht mit Befestigungszubeh\u00f6r 0,640 kg<\/li>\n<\/ul>","protected":false},"excerpt":{"rendered":"<p>Tesla Model 3 Kofferraum-Schalld\u00e4mpfer. Das Produkt wird mit Klebestreifen geliefert, um die Matte fest an ihrem Platz zu befestigen. Das Produkt wurde entwickelt, um Au\u00dfenger\u00e4usche bei hohen Geschwindigkeiten zu reduzieren. Man sollte von dem Schalld\u00e4mpfer keine Wunder erwarten - zumindest gibt es laut Tesla Bj\u00f6rns Tests keinen messbaren Effekt, aber er ist sch\u00f6ner anzusehen als eine blanke Metalloberfl\u00e4che...<\/p>\n<p>Bestimmt f\u00fcr Tesla Model 3. Vergewissern Sie sich vor dem Kauf \u00fcber die Passgenauigkeit.<\/p>","protected":false},"featured_media":6051,"comment_status":"open","ping_status":"closed","template":"","meta":[],"product_brand":[],"product_cat":[151,452,480,128],"product_tag":[121,120,370],"class_list":{"0":"post-6039","1":"product","2":"type-product","3":"status-publish","4":"has-post-thumbnail","6":"product_cat-model-3","7":"product_cat-m3-tarvikkeet","8":"product_cat-tarvikkeet-sisapuolelle-model-3","9":"product_cat-tesla-tuotteet","10":"product_tag-tesla","11":"product_tag-tesla-model-3","12":"product_tag-vaimennusmatto","13":"product_shipping_class-nouto","15":"first","16":"instock","17":"taxable","18":"shipping-taxable","19":"purchasable","20":"product-type-simple"},"jetpack_sharing_enabled":true,"_links":{"self":[{"href":"http:\/\/www.vempele.fi\/de\/wp-json\/wp\/v2\/product\/6039","targetHints":{"allow":["GET"]}}],"collection":[{"href":"http:\/\/www.vempele.fi\/de\/wp-json\/wp\/v2\/product"}],"about":[{"href":"http:\/\/www.vempele.fi\/de\/wp-json\/wp\/v2\/types\/product"}],"replies":[{"embeddable":true,"href":"http:\/\/www.vempele.fi\/de\/wp-json\/wp\/v2\/comments?post=6039"}],"wp:featuredmedia":[{"embeddable":true,"href":"http:\/\/www.vempele.fi\/de\/wp-json\/wp\/v2\/media\/6051"}],"wp:attachment":[{"href":"http:\/\/www.vempele.fi\/de\/wp-json\/wp\/v2\/media?parent=6039"}],"wp:term":[{"taxonomy":"product_brand","embeddable":true,"href":"http:\/\/www.vempele.fi\/de\/wp-json\/wp\/v2\/product_brand?post=6039"},{"taxonomy":"product_cat","embeddable":true,"href":"http:\/\/www.vempele.fi\/de\/wp-json\/wp\/v2\/product_cat?post=6039"},{"taxonomy":"product_tag","embeddable":true,"href":"http:\/\/www.vempele.fi\/de\/wp-json\/wp\/v2\/product_tag?post=6039"}],"curies":[{"name":"wp","href":"https:\/\/api.w.org\/{rel}","templated":true}]}}