{"id":8999,"date":"2022-01-24T15:59:36","date_gmt":"2022-01-24T13:59:36","guid":{"rendered":"https:\/\/www.vempele.fi\/?post_type=product&#038;p=8999"},"modified":"2026-03-30T13:01:37","modified_gmt":"2026-03-30T10:01:37","slug":"vordersitz-hinten-kick-guard-tesla-model-3-y","status":"publish","type":"product","link":"http:\/\/www.vempele.fi\/de\/tuote\/etupenkin-takaosan-potkusuoja-tesla-model-3-y\/","title":{"rendered":"Trittschutz f\u00fcr Vordersitz hinten - Tesla Model 3 \/ Y"},"content":{"rendered":"<p>Der Trittschutz sch\u00fctzt die R\u00fcckseite des Vordersitzes Ihres Autos vor Schmutz und Kratzern. Das Produkt ist aus Kunstleder gefertigt und verf\u00fcgt \u00fcber ein Ablagefach f\u00fcr kleine Gegenst\u00e4nde.<\/p>\n<ul>\n<li>Material: Kunstleder<\/li>\n<li>Farboptionen: schwarz oder wei\u00df<\/li>\n<li>Lieferumfang: 2 St\u00fcck Trittsch\u00fctzer und Halterungen<\/li>\n<li>Gr\u00f6\u00dfe: ca. 69 x 62 cm<\/li>\n<li>Angemessenheit:\n<ul>\n<li>Modell Y 2020 - 2024<\/li>\n<li>Modell Y Juniper 2024 -&gt;\n<ul>\n<li><strong>Nein<\/strong> Leistung<\/li>\n<li><strong>Nein<\/strong> Standard<\/li>\n<\/ul>\n<\/li>\n<li>Model 3 Pre-Refresh vm. 2019 - 2021<\/li>\n<li>Modell 3 Auffrischung vm. 2021 - 2023<\/li>\n<\/ul>\n<\/li>\n<\/ul>\n<p>Anweisungen f\u00fcr die Installation in den Produktbildern.<\/p>\n<p>&nbsp;<\/p>","protected":false},"excerpt":{"rendered":"<p>Sch\u00fctzen Sie die R\u00fcckenlehnen der Vordersitze Ihres Tesla Model 3 oder Model Y mit Trittblechen. Schieben Sie das Produkt einfach zwischen die R\u00fccksitze und befestigen Sie es von unten mit den mitgelieferten Clips. Das Ergebnis ist ein spektakul\u00e4res Aussehen, und die Passagiere auf den R\u00fccksitzen k\u00f6nnen die Tasche des Produkts nutzen, um eine Vielzahl von Gegenst\u00e4nden zu verstauen. Der Bezug ist leichter sauber zu halten als die urspr\u00fcngliche Sitzlehne - wischen Sie einfach mit einem feuchten Tuch eventuelle Schmutzflecken ab.<\/p>\n<p>Die Kickguards sind in den beliebtesten Farben, schwarz und wei\u00df, erh\u00e4ltlich. Dieses Produkt umfasst Schutzvorrichtungen f\u00fcr beide Sitze und Halterungen unter den Sitzen.<\/p>","protected":false},"featured_media":9076,"comment_status":"open","ping_status":"closed","template":"","meta":[],"product_brand":[],"product_cat":[151,154,452,455,480,482,128],"product_tag":[83,242,305,121,120,203],"class_list":{"0":"post-8999","1":"product","2":"type-product","3":"status-publish","4":"has-post-thumbnail","6":"product_cat-model-3","7":"product_cat-model-y","8":"product_cat-m3-tarvikkeet","9":"product_cat-my-tarvikkeet","10":"product_cat-tarvikkeet-sisapuolelle-model-3","11":"product_cat-tarvikkeet-sisapuolelle-model-y","12":"product_cat-tesla-tuotteet","13":"product_tag-autotarvikkeet","14":"product_tag-potkusuoja","15":"product_tag-suojavarusteet","16":"product_tag-tesla","17":"product_tag-tesla-model-3","18":"product_tag-tesla-model-y","20":"first","21":"instock","22":"taxable","23":"shipping-taxable","24":"purchasable","25":"product-type-variable"},"jetpack_sharing_enabled":true,"_links":{"self":[{"href":"http:\/\/www.vempele.fi\/de\/wp-json\/wp\/v2\/product\/8999","targetHints":{"allow":["GET"]}}],"collection":[{"href":"http:\/\/www.vempele.fi\/de\/wp-json\/wp\/v2\/product"}],"about":[{"href":"http:\/\/www.vempele.fi\/de\/wp-json\/wp\/v2\/types\/product"}],"replies":[{"embeddable":true,"href":"http:\/\/www.vempele.fi\/de\/wp-json\/wp\/v2\/comments?post=8999"}],"wp:featuredmedia":[{"embeddable":true,"href":"http:\/\/www.vempele.fi\/de\/wp-json\/wp\/v2\/media\/9076"}],"wp:attachment":[{"href":"http:\/\/www.vempele.fi\/de\/wp-json\/wp\/v2\/media?parent=8999"}],"wp:term":[{"taxonomy":"product_brand","embeddable":true,"href":"http:\/\/www.vempele.fi\/de\/wp-json\/wp\/v2\/product_brand?post=8999"},{"taxonomy":"product_cat","embeddable":true,"href":"http:\/\/www.vempele.fi\/de\/wp-json\/wp\/v2\/product_cat?post=8999"},{"taxonomy":"product_tag","embeddable":true,"href":"http:\/\/www.vempele.fi\/de\/wp-json\/wp\/v2\/product_tag?post=8999"}],"curies":[{"name":"wp","href":"https:\/\/api.w.org\/{rel}","templated":true}]}}