{"id":404,"date":"2018-06-07T09:15:20","date_gmt":"2018-06-07T06:15:20","guid":{"rendered":"https:\/\/www.vempele.fi\/?page_id=404"},"modified":"2020-07-06T13:47:56","modified_gmt":"2020-07-06T10:47:56","slug":"privacy-notice","status":"publish","type":"page","link":"http:\/\/www.vempele.fi\/en\/yksityisyydensuojatiedote\/","title":{"rendered":"Privacy Policy"},"content":{"rendered":"<ul>\n<li><strong>The purpose of collecting data<\/strong><\/li>\n<\/ul>\n<p>The Vempele webstore maintains a record of customers in order to manage customer relations. Personal data is collected only to the extent that is necessary for providing services to the customers.<\/p>\n<p>We use cookies to collect anonymous data. This helps us to develop the site and enhance user experience. The data from which the user cannot be identified contains actions on the site (such as clicks), technical information (such as browsers), country and date.<\/p>\n<ul>\n<li><strong>What personal data we collect<\/strong><\/li>\n<\/ul>\n<p>Data collected at user registration:<\/p>\n<ol>\n<li style=\"text-align: left;\">Name<\/li>\n<li style=\"text-align: left;\">Address<\/li>\n<li style=\"text-align: left;\">Phone number<\/li>\n<li style=\"text-align: left;\">Email address (the beginning of the address is your user name)<\/li>\n<li style=\"text-align: left;\">Password<\/li>\n<\/ol>\n<p>The email address and the password are stored at the registration. Other data is stored only when the user places an order or supplies their information on the site.<\/p>\n<p>If the user places an order without creating a user account, we collect the following data in order to process the order:<\/p>\n<ol>\n<li>Name<\/li>\n<li>Address<\/li>\n<li>Phone number<\/li>\n<li>Email address<\/li>\n<\/ol>\n<ul>\n<li><strong>Where do we get data from<\/strong><\/li>\n<\/ul>\n<p>The data is collected directly from the user when they place an order or create a user account. If a customer contacts Vempele by phone, email or contact form, their information is not stored for longer than is necessary considering the reason of the contact.<\/p>\n<p>We use Google Analytics to collect anonymous data of the visitors of the Vempele website. The application saves information about visited pages, visit duration, the origin of the visit and clicked links. This data is collected to ensure that the site meets the user's needs.<\/p>\n<ul>\n<li><strong>How long is the data stored<\/strong><\/li>\n<\/ul>\n<p>The data of a registered user is stored for as long as the customer relation exists.<\/p>\n<p>The information provided by an unregistered user is stored no longer than 365 days after placing an order. The data is stored so that the order can be checked up afterwards per customer's request.<\/p>\n<ul>\n<li><strong>Recipient of the personal data<\/strong><\/li>\n<\/ul>\n<p>Registered personal data is granted to third parties only when necessary:<\/p>\n<p>a) to provide payment information for our payment service supplier Checkout Finland<\/p>\n<p>b) to provide the given delivery address for our shipping supplier Shipit Oy Ab<\/p>\n<p>c) to provide information for the authorities in accordance with the Finnish legislation<\/p>\n<p>d) to provide information for insurance companies in order to process damage claims<\/p>\n<ul>\n<li><strong>Right to access own data<\/strong><\/li>\n<\/ul>\n<p>The customer has a right to check up their information in the record. The customer may also check up their information by logging into the Vempele webstore.<\/p>\n<ul>\n<li><strong>Right to request for a revision of incorrect data or deletion of all data<\/strong><\/li>\n<\/ul>\n<p>The customer has a right to request for a revision of incorrect information. They can also revise the information by themselves when being logged in on the Vempele site. In addition, the customer is entitled to request for the deletion of their personal data in from the record.<\/p>\n<ul>\n<li><strong>Right to limit data processing<\/strong><\/li>\n<\/ul>\n<p>The customer has a right to limit the processing of their personal data. When such has been requested, the Vempele webstore will no longer process the customer's personal data unless there is a statutory reason to do so.<\/p>\n<ul>\n<li><strong>Right to transfer data from a system to another<\/strong><\/li>\n<\/ul>\n<p>The customer has a right to receive their personal data in a structured form which they can transfer to another data controller.<\/p>\n<p>Regarding the above, the customer may contact the Vempele webstore by email, letter or the website's contact form.<\/p>","protected":false},"excerpt":{"rendered":"<p>Miksi tietoja ker\u00e4t\u00e4\u00e4n Vempele-verkkokauppa yll\u00e4pit\u00e4\u00e4 asiakasrekisteri\u00e4 asiakassuhteiden hoitamiseksi. Henkil\u00f6tietoja ker\u00e4t\u00e4\u00e4n sen verran kuin on tarvetta palvelun tarjoamiseksi asiakkaille. Anonyymeja tietoja ker\u00e4t\u00e4\u00e4n ev\u00e4steiden avulla, jotta voidaan kehitt\u00e4\u00e4 sivuja vastaamaan paremmin k\u00e4ytt\u00e4j\u00e4n tarpeita. T\u00e4llaisia tietoja, joista asiakasta ei voida identifioida, ovat k\u00e4ytt\u00e4j\u00e4n tekem\u00e4t toimet sivulla (kuten klikkaukset), tekniset tiedot (kuten selaimet), maa ja p\u00e4iv\u00e4m\u00e4\u00e4r\u00e4. Mit\u00e4 henkil\u00f6tietoja ker\u00e4t\u00e4\u00e4n [&hellip;]<\/p>\n","protected":false},"author":2,"featured_media":0,"parent":0,"menu_order":0,"comment_status":"closed","ping_status":"closed","template":"","meta":{"footnotes":""},"class_list":["post-404","page","type-page","status-publish","hentry"],"jetpack_sharing_enabled":true,"_links":{"self":[{"href":"http:\/\/www.vempele.fi\/en\/wp-json\/wp\/v2\/pages\/404","targetHints":{"allow":["GET"]}}],"collection":[{"href":"http:\/\/www.vempele.fi\/en\/wp-json\/wp\/v2\/pages"}],"about":[{"href":"http:\/\/www.vempele.fi\/en\/wp-json\/wp\/v2\/types\/page"}],"author":[{"embeddable":true,"href":"http:\/\/www.vempele.fi\/en\/wp-json\/wp\/v2\/users\/2"}],"replies":[{"embeddable":true,"href":"http:\/\/www.vempele.fi\/en\/wp-json\/wp\/v2\/comments?post=404"}],"version-history":[{"count":0,"href":"http:\/\/www.vempele.fi\/en\/wp-json\/wp\/v2\/pages\/404\/revisions"}],"wp:attachment":[{"href":"http:\/\/www.vempele.fi\/en\/wp-json\/wp\/v2\/media?parent=404"}],"curies":[{"name":"wp","href":"https:\/\/api.w.org\/{rel}","templated":true}]}}