{"id":10711,"date":"2022-04-21T15:40:03","date_gmt":"2022-04-21T12:40:03","guid":{"rendered":"https:\/\/www.vempele.fi\/?post_type=product&#038;p=10711"},"modified":"2026-04-10T19:14:26","modified_gmt":"2026-04-10T16:14:26","slug":"tesla-model-y-kattotelineet","status":"publish","type":"product","link":"http:\/\/www.vempele.fi\/fi\/tuote\/tesla-model-y-kattotelineet\/","title":{"rendered":"Kattotelineet &#8211; Tesla Model Y"},"content":{"rendered":"<p>Helppo asennus mukana tulevan oppaan avulla.<\/p>\n<p>Paketti sis\u00e4lt\u00e4\u00e4 kaiken tarvittavan telineiden asentamiseen. Mukana on my\u00f6s PPF (Paint Protection Film) -kaistaleet telineiden jalkojen alle suojaamaan autosi maalipintaa. PPF-kalvot ovat l\u00e4pin\u00e4kyv\u00e4t.<\/p>\n<p><b>Lis\u00e4tiedot:<\/b><\/p>\n<ul>\n<li style=\"list-style-type: none;\">\n<ul>\n<li>Yhteensopivuus:\n<ul>\n<li>Tesla Model Y 2020 &#8211; 2024<\/li>\n<li>Tesla Model Y Juniper 2025 -&gt;<\/li>\n<\/ul>\n<\/li>\n<li>Helppo asennus<\/li>\n<li>Kest\u00e4v\u00e4\u00e4 alumiinia<\/li>\n<li>Paketin mitat: 136 x 16 x 18 cm, 6,9 kg<\/li>\n<li>Paketti sis\u00e4lt\u00e4\u00e4\n<ul>\n<li>Kiinnitysavaimen<\/li>\n<li>Telineet eteen ja taakse<\/li>\n<li>Telineiden p\u00e4\u00e4tymuovit<\/li>\n<li>&#8221;Padit&#8221; telineiden jalkojen alle<\/li>\n<li>Kiinnitysmutterit<\/li>\n<li>Avaimet<\/li>\n<li>PPF-kaistaleet<\/li>\n<li>Kiinnitysoppaan<\/li>\n<\/ul>\n<\/li>\n<\/ul>\n<\/li>\n<\/ul>\n<p><strong>Huomio! Kattotelineet ovat alkuper\u00e4ist\u00e4 vastaavat, eiv\u00e4t Teslan alkuper\u00e4iset.<\/strong><\/p>\n<p>Asennusohjeet voit ladata<strong> <a href=\"https:\/\/www.vempele.fi\/wp-content\/uploads\/2022\/12\/Kattotelineiden-asennusohje.pdf\">t\u00e4st\u00e4.<\/a><\/strong><\/p>\n","protected":false},"excerpt":{"rendered":"<p>Model Y:hyn sopivat kattotelineet muotiv\u00e4riss\u00e4, eli mustana.<\/p>\n<p>Oiva tapa lis\u00e4t\u00e4 kuljetuskapasiteettia entisest\u00e4\u00e4n; voit k\u00e4ytt\u00e4\u00e4 kattotelineit\u00e4 esimerkiksi suksiboksin tai polkupy\u00f6r\u00e4n kuljetustelineen kiinnitt\u00e4miseen Teslasi katolle.<\/p>\n<p>Sopivat mainiosti my\u00f6s vain ulkon\u00e4k\u00f6muutokseksi.<\/p>\n<p>Huom. n\u00e4m\u00e4 kattotelineet ovat alkuper\u00e4isi\u00e4 vastaavat, eiv\u00e4t alkuper\u00e4iset.<\/p>\n<p>Asennusohjeet voit ladata<strong> <a href=\"https:\/\/www.vempele.fi\/wp-content\/uploads\/2022\/12\/Kattotelineiden-asennusohje.pdf\">t\u00e4st\u00e4.<\/a><\/strong><\/p>\n<p><strong>Nyt uusi, lukollinen malli!<\/strong><\/p>\n","protected":false},"featured_media":10725,"comment_status":"open","ping_status":"closed","template":"","meta":[],"product_brand":[838],"product_cat":[154,455,483,128],"product_tag":[83,365,271,121,203],"class_list":{"0":"post-10711","1":"product","2":"type-product","3":"status-publish","4":"has-post-thumbnail","6":"product_brand-teslaasi","7":"product_cat-model-y","8":"product_cat-my-tarvikkeet","9":"product_cat-tarvikkeet-ulkopuolelle-model-y","10":"product_cat-tesla-tuotteet","11":"product_tag-autotarvikkeet","12":"product_tag-kattotelineet","13":"product_tag-model-y","14":"product_tag-tesla","15":"product_tag-tesla-model-y","17":"first","18":"instock","19":"taxable","20":"shipping-taxable","21":"purchasable","22":"product-type-simple"},"jetpack_sharing_enabled":true,"_links":{"self":[{"href":"http:\/\/www.vempele.fi\/fi\/wp-json\/wp\/v2\/product\/10711","targetHints":{"allow":["GET"]}}],"collection":[{"href":"http:\/\/www.vempele.fi\/fi\/wp-json\/wp\/v2\/product"}],"about":[{"href":"http:\/\/www.vempele.fi\/fi\/wp-json\/wp\/v2\/types\/product"}],"replies":[{"embeddable":true,"href":"http:\/\/www.vempele.fi\/fi\/wp-json\/wp\/v2\/comments?post=10711"}],"wp:featuredmedia":[{"embeddable":true,"href":"http:\/\/www.vempele.fi\/fi\/wp-json\/wp\/v2\/media\/10725"}],"wp:attachment":[{"href":"http:\/\/www.vempele.fi\/fi\/wp-json\/wp\/v2\/media?parent=10711"}],"wp:term":[{"taxonomy":"product_brand","embeddable":true,"href":"http:\/\/www.vempele.fi\/fi\/wp-json\/wp\/v2\/product_brand?post=10711"},{"taxonomy":"product_cat","embeddable":true,"href":"http:\/\/www.vempele.fi\/fi\/wp-json\/wp\/v2\/product_cat?post=10711"},{"taxonomy":"product_tag","embeddable":true,"href":"http:\/\/www.vempele.fi\/fi\/wp-json\/wp\/v2\/product_tag?post=10711"}],"curies":[{"name":"wp","href":"https:\/\/api.w.org\/{rel}","templated":true}]}}