{"id":31933,"date":"2024-10-03T00:00:00","date_gmt":"2024-10-02T21:00:00","guid":{"rendered":"https:\/\/www.vempele.fi\/fi\/?post_type=product&#038;p=31933"},"modified":"2026-04-18T22:51:08","modified_gmt":"2026-04-18T19:51:08","slug":"kontio-bearpaw-245-45r19-102w-tesla-model-s","status":"publish","type":"product","link":"http:\/\/www.vempele.fi\/fi\/tuote\/kontio-bearpaw-245-45r19-102w-tesla-model-s\/","title":{"rendered":"Kontio BearPaw 245\/45R19 102W &#8211; Tesla Model S"},"content":{"rendered":"<p>1 kpl Kontio BearPaw 245\/45-19\u00a0 102W<\/p>\n<ul>\n<li>EU-Rengasmerkinn\u00e4t<\/li>\n<li>Tyyppi: Kes\u00e4rengas<\/li>\n<li>Tuumat: 19<\/li>\n<li>Leveys: 245<\/li>\n<li>Profiili: 45<\/li>\n<li>Nopeusluokka: W<\/li>\n<li>Kantavuusluokka: 102<\/li>\n<li>Rengasluokitus: C1<\/li>\n<li>Polttoainetaloudellisuus: C<\/li>\n<li>M\u00e4rk\u00e4pito: B<\/li>\n<li>Ohjaamomeluluokitus ja voimakkuus:\u00a0 B &#8211; 71dB<\/li>\n<\/ul>\n<p>&nbsp;<\/p>\n<p>Renkaat toimitetaan suoraan yhteisty\u00f6kumppanin varastolta.<\/p>\n<p><img decoding=\"async\" src=\"https:\/\/www.vempele.fi\/wp-content\/uploads\/2024\/10\/Label_1059737.svg\" width=\"300\" \/><\/p>\n<p>Renkaan tiedot haettu yhteisty\u00f6kumppanilta.<\/p>\n","protected":false},"excerpt":{"rendered":"<p>Kontio premium-kes\u00e4renkaatKontio premium-kes\u00e4renkaat on suunniteltu Pohjolan teille suomalaiselle autoilijalle.  Kontio premium-kes\u00e4renkaat ovat hiljaisia ja luotettavia.  Kuin rehelliset suomalaiset itse. &#13;<br \/>\n\u00a0&#13;<br \/>\n\u00a0&#13;<br \/>\n\u00a0&#13;<br \/>\n\u00a0 <\/p>\n<p> Renkaat toimitetaan suoraan yhteisty\u00f6kumppanin varastolta.<\/p>\n","protected":false},"featured_media":31935,"comment_status":"open","ping_status":"open","template":"","meta":[],"product_brand":[],"product_cat":[371],"product_tag":[615,696,614,172,121],"class_list":{"0":"post-31933","1":"product","2":"type-product","3":"status-publish","4":"has-post-thumbnail","6":"product_cat-renkaat","7":"product_tag-bearpaw","8":"product_tag-kesarengas","9":"product_tag-kontio","10":"product_tag-model-s","11":"product_tag-tesla","13":"first","14":"instock","15":"taxable","16":"shipping-taxable","17":"purchasable","18":"product-type-simple"},"jetpack_sharing_enabled":true,"_links":{"self":[{"href":"http:\/\/www.vempele.fi\/fi\/wp-json\/wp\/v2\/product\/31933","targetHints":{"allow":["GET"]}}],"collection":[{"href":"http:\/\/www.vempele.fi\/fi\/wp-json\/wp\/v2\/product"}],"about":[{"href":"http:\/\/www.vempele.fi\/fi\/wp-json\/wp\/v2\/types\/product"}],"replies":[{"embeddable":true,"href":"http:\/\/www.vempele.fi\/fi\/wp-json\/wp\/v2\/comments?post=31933"}],"wp:featuredmedia":[{"embeddable":true,"href":"http:\/\/www.vempele.fi\/fi\/wp-json\/wp\/v2\/media\/31935"}],"wp:attachment":[{"href":"http:\/\/www.vempele.fi\/fi\/wp-json\/wp\/v2\/media?parent=31933"}],"wp:term":[{"taxonomy":"product_brand","embeddable":true,"href":"http:\/\/www.vempele.fi\/fi\/wp-json\/wp\/v2\/product_brand?post=31933"},{"taxonomy":"product_cat","embeddable":true,"href":"http:\/\/www.vempele.fi\/fi\/wp-json\/wp\/v2\/product_cat?post=31933"},{"taxonomy":"product_tag","embeddable":true,"href":"http:\/\/www.vempele.fi\/fi\/wp-json\/wp\/v2\/product_tag?post=31933"}],"curies":[{"name":"wp","href":"https:\/\/api.w.org\/{rel}","templated":true}]}}