{"id":35986,"date":"2024-10-03T00:00:00","date_gmt":"2024-10-02T21:00:00","guid":{"rendered":"https:\/\/www.vempele.fi\/fi\/tuote\/linglong-greenmax-winter-ice-i-15-nordic-suv-275-45r20-110t-tesla-model-x-2\/"},"modified":"2026-04-01T13:51:13","modified_gmt":"2026-04-01T10:51:13","slug":"linglong-greenmax-winter-ice-i-15-nordic-suv-275-45r20-110t-tesla-model-x-2","status":"publish","type":"product","link":"http:\/\/www.vempele.fi\/fi\/tuote\/linglong-greenmax-winter-ice-i-15-nordic-suv-275-45r20-110t-tesla-model-x-2\/","title":{"rendered":"Linglong GreenMax Winter Ice I-15 Nordic SUV 275\/45R20 110T &#8211; Tesla Model X"},"content":{"rendered":"<p>1 kpl Linglong GreenMax Winter Ice I-15 Nordic SUV 275\/45-20\u00a0 110T<\/p>\n<ul>\n<li>EU-Rengasmerkinn\u00e4t<\/li>\n<li>Tyyppi: Kitkarengas<\/li>\n<li>Tuumat: 20<\/li>\n<li>Leveys: 275<\/li>\n<li>Profiili: 45<\/li>\n<li>Nopeusluokka: T<\/li>\n<li>Kantavuusluokka: 110<\/li>\n<li>Rengasluokitus: <\/li>\n<li>Polttoainetaloudellisuus: <\/li>\n<li>M\u00e4rk\u00e4pito: <\/li>\n<li>Ohjaamomeluluokitus:\u00a0 <\/li>\n<\/ul>\n<p>&nbsp;<\/p>\n<p>Renkaat toimitetaan suoraan yhteisty\u00f6kumppanin varastolta.<\/p>\n<p><img decoding=\"async\" src=\"\" width=\"300\" \/><\/p>\n<p>Renkaan tiedot haettu yhteisty\u00f6kumppanilta.<\/p>\n","protected":false},"excerpt":{"rendered":"<p>Linglong GreenMax Winter Ice I-15 Nordic SUV &#8211; pohjoismainen kitkarengas&#13;<br \/>\n\u00a0&#13;<br \/>\n\u00a0&#13;<br \/>\n&#13;<br \/>\nErinomainen k\u00e4sitelt\u00e4vyys:GreenMax Winter Ice I-15 Nordic tarjoaa erinomaisen k\u00e4sitelt\u00e4vyyden talviolosuhteissa.  Sen suuntakuvioitu kulutuspinnan muotoilu on suunniteltu tarjoamaan parhaan mahdollisen pidon ja hallittavuuden liukkailla teill\u00e4.  Pitkitt\u00e4isurat renkaan pintakuvioinnissa auttavat poistamaan tehokkaasti lunta ja sohjoa, mik\u00e4 lis\u00e4\u00e4 turvallisuutta ja parantaa ajo-ominaisuuksia. Pohjoismainen erikoiskumiseos:T\u00e4m\u00e4 kitkarengas on varustettu uudella pohjoismaisella erikoiskumiseoksella, joka tarjoaa ainutlaatuista pitoa talviolosuhteissa.  Renkaan kumiseos s\u00e4ilyy pehme\u00e4n\u00e4 ja joustavana jopa kylmimmiss\u00e4 ja vaikeimmissa s\u00e4\u00e4olosuhteissa, jolloin renkaat s\u00e4ilytt\u00e4v\u00e4t pitonsa ja suorituskykyns\u00e4 kylm\u00e4ss\u00e4 s\u00e4\u00e4ss\u00e4. Linglong GreenMax Winter Ice I-15 Nordic on t\u00e4ydellinen valinta, kun etsit luotettavia talvirenkaita Pohjoismaiden talviolosuhteisiin.  Ne tarjoavat erinomaisen pidon ja hallittavuuden, auttavat poistamaan lunta ja sohjoa tehokkaasti sek\u00e4 pysyv\u00e4t joustavina kylmiss\u00e4 s\u00e4\u00e4olosuhteissa. Valitse Linglong GreenMax Winter Ice-15 Nordic ja tee talviajostasi turvallisempaa ja miellytt\u00e4v\u00e4mp\u00e4\u00e4. &#13;<br \/>\n\u00a0 <\/p>\n<p>Renkaat toimitetaan suoraan yhteisty\u00f6kumppanin varastolta.<\/p>\n","protected":false},"featured_media":35985,"comment_status":"open","ping_status":"open","template":"","meta":[],"product_brand":[],"product_cat":[371],"product_tag":[711,704,632,173,121],"class_list":{"0":"post-35986","1":"product","2":"type-product","3":"status-publish","4":"has-post-thumbnail","6":"product_cat-renkaat","7":"product_tag-greenmax-winter-ice-i-15-nordic-suv","8":"product_tag-kitkarengas","9":"product_tag-linglong","10":"product_tag-model-x","11":"product_tag-tesla","13":"first","14":"instock","15":"taxable","16":"shipping-taxable","17":"purchasable","18":"product-type-simple"},"jetpack_sharing_enabled":true,"_links":{"self":[{"href":"http:\/\/www.vempele.fi\/fi\/wp-json\/wp\/v2\/product\/35986","targetHints":{"allow":["GET"]}}],"collection":[{"href":"http:\/\/www.vempele.fi\/fi\/wp-json\/wp\/v2\/product"}],"about":[{"href":"http:\/\/www.vempele.fi\/fi\/wp-json\/wp\/v2\/types\/product"}],"replies":[{"embeddable":true,"href":"http:\/\/www.vempele.fi\/fi\/wp-json\/wp\/v2\/comments?post=35986"}],"wp:featuredmedia":[{"embeddable":true,"href":"http:\/\/www.vempele.fi\/fi\/wp-json\/wp\/v2\/media\/35985"}],"wp:attachment":[{"href":"http:\/\/www.vempele.fi\/fi\/wp-json\/wp\/v2\/media?parent=35986"}],"wp:term":[{"taxonomy":"product_brand","embeddable":true,"href":"http:\/\/www.vempele.fi\/fi\/wp-json\/wp\/v2\/product_brand?post=35986"},{"taxonomy":"product_cat","embeddable":true,"href":"http:\/\/www.vempele.fi\/fi\/wp-json\/wp\/v2\/product_cat?post=35986"},{"taxonomy":"product_tag","embeddable":true,"href":"http:\/\/www.vempele.fi\/fi\/wp-json\/wp\/v2\/product_tag?post=35986"}],"curies":[{"name":"wp","href":"https:\/\/api.w.org\/{rel}","templated":true}]}}