{"id":36352,"date":"2024-10-03T00:00:00","date_gmt":"2024-10-02T21:00:00","guid":{"rendered":"https:\/\/www.vempele.fi\/tuote\/nankang-ns-20-noble-sport-245-45r19-98y-tesla-model-s\/"},"modified":"2026-04-20T22:51:09","modified_gmt":"2026-04-20T19:51:09","slug":"nankang-ns-20-noble-sport-245-45r19-98y-tesla-model-s","status":"publish","type":"product","link":"http:\/\/www.vempele.fi\/fi\/tuote\/nankang-ns-20-noble-sport-245-45r19-98y-tesla-model-s\/","title":{"rendered":"Nankang NS-20 Noble Sport 245\/45R19 98Y &#8211; Tesla Model S"},"content":{"rendered":"<p>1 kpl Nankang NS-20 Noble Sport 245\/45-19\u00a0 98Y<\/p>\n<ul>\n<li>EU-Rengasmerkinn\u00e4t<\/li>\n<li>Tyyppi: Kes\u00e4rengas<\/li>\n<li>Tuumat: 19<\/li>\n<li>Leveys: 245<\/li>\n<li>Profiili: 45<\/li>\n<li>Nopeusluokka: Y<\/li>\n<li>Kantavuusluokka: 98<\/li>\n<li>Rengasluokitus: C1<\/li>\n<li>Polttoainetaloudellisuus: D<\/li>\n<li>M\u00e4rk\u00e4pito: A<\/li>\n<li>Ohjaamomeluluokitus ja voimakkuus:\u00a0 B &#8211; 71dB<\/li>\n<\/ul>\n<p>&nbsp;<\/p>\n<p>Renkaat toimitetaan suoraan yhteisty\u00f6kumppanin varastolta.<\/p>\n<p><img decoding=\"async\" src=\"https:\/\/www.vempele.fi\/wp-content\/uploads\/2025\/04\/Label_469019.svg\" width=\"300\" \/><\/p>\n<p>Renkaan tiedot haettu yhteisty\u00f6kumppanilta.<\/p>\n","protected":false},"excerpt":{"rendered":"<p>Nankang NS-20 Ultra Sport on urheilullinen laaturengas suuriin autoihin, joka on optimoitu tarjoamaan huippuluokan pidon ja ajo-ominaisuudet sek\u00e4 kuivalla ett\u00e4 m\u00e4r\u00e4ll\u00e4 asfaltilla. &#13;<br \/>\n&#13;<br \/>\n4 leve\u00e4\u00e4 pitkitt\u00e4isuraa poistavat vett\u00e4 tehokkaasti, mik\u00e4 parantaa hallittavuutta ja jarrutusmatkoja sateella, sek\u00e4 ehk\u00e4isee vesiliirtoa. &#13;<br \/>\nKapeat pitkitt\u00e4isurat poistavat vett\u00e4 ja niill\u00e4 on lis\u00e4ksi t\u00e4rke\u00e4 osa renkaan kulumisen minimoinnissa. &#13;<br \/>\nRenkaan olka-alueen kuviopalojen uritus v\u00e4hent\u00e4\u00e4 rengasmelua ja olan j\u00e4ykkyytt\u00e4 lis\u00e4ten n\u00e4in ajomukavuutta. &#13;<br \/>\nKapeat poikittaisurat v\u00e4hent\u00e4v\u00e4t tehokkaasti rengasmelua. &#13;<br \/>\nUusi laadukas runsassilica-kumiseos takaa parhaan mahdollisen pidon kaikissa olosuhteissa. &#13;<br \/>\n&#13;<br \/>\nTaiwanilainen Nankang on Aasian vanhimpia ja perinteikk\u00e4impi\u00e4 rengasvalmistajia, jonka tietotaito ja teknologia ovat alansa huippua.  Nankang on jo pitk\u00e4\u00e4n pyrkinyt panostamaan ensisijaisesti renkaidensa laatuun, periaattena on ollut etteiv\u00e4t Nankang-renkaat vain vastaa, vaan my\u00f6s ylitt\u00e4v\u00e4t kaikki nykyajan vaatimukset.  Nankang-renkaat kest\u00e4v\u00e4tkin vertailun mink\u00e4 tahansa muun valmistajan renkaisiin. <\/p>\n<p> Renkaat toimitetaan suoraan yhteisty\u00f6kumppanin varastolta.<\/p>\n","protected":false},"featured_media":36354,"comment_status":"open","ping_status":"open","template":"","meta":[],"product_brand":[],"product_cat":[371],"product_tag":[696,172,707,757,121],"class_list":{"0":"post-36352","1":"product","2":"type-product","3":"status-publish","4":"has-post-thumbnail","6":"product_cat-renkaat","7":"product_tag-kesarengas","8":"product_tag-model-s","9":"product_tag-nankang","10":"product_tag-ns-20-noble-sport","11":"product_tag-tesla","13":"first","14":"instock","15":"taxable","16":"shipping-taxable","17":"purchasable","18":"product-type-simple"},"jetpack_sharing_enabled":true,"_links":{"self":[{"href":"http:\/\/www.vempele.fi\/fi\/wp-json\/wp\/v2\/product\/36352","targetHints":{"allow":["GET"]}}],"collection":[{"href":"http:\/\/www.vempele.fi\/fi\/wp-json\/wp\/v2\/product"}],"about":[{"href":"http:\/\/www.vempele.fi\/fi\/wp-json\/wp\/v2\/types\/product"}],"replies":[{"embeddable":true,"href":"http:\/\/www.vempele.fi\/fi\/wp-json\/wp\/v2\/comments?post=36352"}],"wp:featuredmedia":[{"embeddable":true,"href":"http:\/\/www.vempele.fi\/fi\/wp-json\/wp\/v2\/media\/36354"}],"wp:attachment":[{"href":"http:\/\/www.vempele.fi\/fi\/wp-json\/wp\/v2\/media?parent=36352"}],"wp:term":[{"taxonomy":"product_brand","embeddable":true,"href":"http:\/\/www.vempele.fi\/fi\/wp-json\/wp\/v2\/product_brand?post=36352"},{"taxonomy":"product_cat","embeddable":true,"href":"http:\/\/www.vempele.fi\/fi\/wp-json\/wp\/v2\/product_cat?post=36352"},{"taxonomy":"product_tag","embeddable":true,"href":"http:\/\/www.vempele.fi\/fi\/wp-json\/wp\/v2\/product_tag?post=36352"}],"curies":[{"name":"wp","href":"https:\/\/api.w.org\/{rel}","templated":true}]}}