{"id":37554,"date":"2025-03-01T00:00:00","date_gmt":"2025-02-28T22:00:00","guid":{"rendered":"https:\/\/www.vempele.fi\/?post_type=product&#038;p=37554"},"modified":"2026-04-06T06:51:11","modified_gmt":"2026-04-06T03:51:11","slug":"rial-lucca-gloss-black-18x80-et39-tesla-model-3","status":"publish","type":"product","link":"http:\/\/www.vempele.fi\/fi\/tuote\/rial-lucca-gloss-black-18x80-et39-tesla-model-3\/","title":{"rendered":"RIAL LUCCA Gloss Black 18&#215;8,0 ET39 &#8211; Tesla Model 3"},"content":{"rendered":"<p>RIAL LUCCA Gloss Black 18&#215;8,0 ET39<\/p>\n<ul>\n<li>Leveys: 8,0&#8243;<\/li>\n<li>Vanteen halkaisija: 18&#8243;<\/li>\n<li>Suorasovitteinen: Ei. Tarvittavat soviterenkaat tulevat mukaan.<\/li>\n<li>Keskireik\u00e4: 70,1 mm<\/li>\n<li>Alkuper\u00e4inen keskikuppi sopii: Ei<\/li>\n<li>Pulttijako 5&#215;114.3<\/li>\n<li>Kartio: C &#8211; Sopivat mutterit toimitetaan mukana.<\/li>\n<li>Paino: 12,450 kg<\/li>\n<li>Kantavuusindeksi: 0735 kg<\/li>\n<li>T\u00dcV: Kyll\u00e4<\/li>\n<li>Suositeltu talvik\u00e4ytt\u00f6: Kyll\u00e4<\/li>\n<\/ul>\n<p><strong>Huom!\u00a0<\/strong>Ei sovi Performance malliin!<\/p>\n","protected":false},"excerpt":{"rendered":"<p>RIAL LUCCA Gloss Black 18&#215;8,0 ET39 <\/p>\n<p> Hinta on yhdelle vanteelle <\/p>\n<p> Vanteet toimitetaan suoraan yhteisty\u00f6kumppanin varastosta &#8211; Toimitusaika noin 1 viikko. <\/p>\n<p><a href=\"#tab-description\">Lue lis\u00e4\u00e4&#8230;<\/a><\/p>\n","protected":false},"featured_media":37524,"comment_status":"open","ping_status":"open","template":"","meta":[],"product_brand":[],"product_cat":[372],"product_tag":[156,782,121,363],"class_list":{"0":"post-37554","1":"product","2":"type-product","3":"status-publish","4":"has-post-thumbnail","6":"product_cat-vanteet","7":"product_tag-model-3","8":"product_tag-ri","9":"product_tag-tesla","10":"product_tag-vanne","12":"first","13":"outofstock","14":"taxable","15":"shipping-taxable","16":"purchasable","17":"product-type-simple"},"jetpack_sharing_enabled":true,"_links":{"self":[{"href":"http:\/\/www.vempele.fi\/fi\/wp-json\/wp\/v2\/product\/37554","targetHints":{"allow":["GET"]}}],"collection":[{"href":"http:\/\/www.vempele.fi\/fi\/wp-json\/wp\/v2\/product"}],"about":[{"href":"http:\/\/www.vempele.fi\/fi\/wp-json\/wp\/v2\/types\/product"}],"replies":[{"embeddable":true,"href":"http:\/\/www.vempele.fi\/fi\/wp-json\/wp\/v2\/comments?post=37554"}],"wp:featuredmedia":[{"embeddable":true,"href":"http:\/\/www.vempele.fi\/fi\/wp-json\/wp\/v2\/media\/37524"}],"wp:attachment":[{"href":"http:\/\/www.vempele.fi\/fi\/wp-json\/wp\/v2\/media?parent=37554"}],"wp:term":[{"taxonomy":"product_brand","embeddable":true,"href":"http:\/\/www.vempele.fi\/fi\/wp-json\/wp\/v2\/product_brand?post=37554"},{"taxonomy":"product_cat","embeddable":true,"href":"http:\/\/www.vempele.fi\/fi\/wp-json\/wp\/v2\/product_cat?post=37554"},{"taxonomy":"product_tag","embeddable":true,"href":"http:\/\/www.vempele.fi\/fi\/wp-json\/wp\/v2\/product_tag?post=37554"}],"curies":[{"name":"wp","href":"https:\/\/api.w.org\/{rel}","templated":true}]}}