{"id":37746,"date":"2024-10-03T00:00:00","date_gmt":"2024-10-02T21:00:00","guid":{"rendered":"https:\/\/www.vempele.fi\/fi\/tuote\/linglong-sport-master-e-sahkoautoihin-235-35r20-92v-tesla-model-3\/"},"modified":"2026-04-18T16:51:10","modified_gmt":"2026-04-18T13:51:10","slug":"linglong-sport-master-e-sahkoautoihin-235-35r20-92v-tesla-model-3","status":"publish","type":"product","link":"http:\/\/www.vempele.fi\/fi\/tuote\/linglong-sport-master-e-sahkoautoihin-235-35r20-92v-tesla-model-3\/","title":{"rendered":"Linglong Sport Master e -S\u00e4hk\u00f6autoihin- 235\/35R20 92V &#8211; Tesla Model 3"},"content":{"rendered":"<p>1 kpl Linglong Sport Master e -S\u00e4hk\u00f6autoihin- 235\/35-20\u00a0 92V<\/p>\n<ul>\n<li>EU-Rengasmerkinn\u00e4t<\/li>\n<li>Tyyppi: Kes\u00e4rengas<\/li>\n<li>Tuumat: 20<\/li>\n<li>Leveys: 235<\/li>\n<li>Profiili: 35<\/li>\n<li>Nopeusluokka: V<\/li>\n<li>Kantavuusluokka: 92<\/li>\n<li>Rengasluokitus: C1<\/li>\n<li>Polttoainetaloudellisuus: B<\/li>\n<li>M\u00e4rk\u00e4pito: B<\/li>\n<li>Ohjaamomeluluokitus ja voimakkuus:\u00a0 A &#8211; 69dB<\/li>\n<\/ul>\n<p>&nbsp;<\/p>\n<p>Renkaat toimitetaan suoraan yhteisty\u00f6kumppanin varastolta.<\/p>\n<p><img decoding=\"async\" src=\"https:\/\/www.vempele.fi\/wp-content\/uploads\/2024\/12\/Label_1986037.svg\" width=\"300\" \/><\/p>\n<p>Renkaan tiedot haettu yhteisty\u00f6kumppanilta.<\/p>\n","protected":false},"excerpt":{"rendered":"<p>T\u00e4ysin uusi\u00a0Linglong\u00a0Sport\u00a0Master\u00a0e\u00a0-malli on suunniteltu erityisesti s\u00e4hk\u00f6autoille.  Se tarjoaa markkinoiden parasta A-luokan energiankulutusta, pisint\u00e4 A-luokan rangea, hiljaisimman A-luokan \u00e4\u00e4nen ja jopa 34 prosenttia pienemm\u00e4n vierint\u00e4vastuksen.  Alhainen vierint\u00e4vastus ei ole vain numero \u2013 sen edut ovat entist\u00e4 pidemm\u00e4t ajomatkat yhdell\u00e4 latauksella, alhaisemmat energiakustannukset ja parempi ymp\u00e4rist\u00f6yst\u00e4v\u00e4llisyys. &#13;<br \/>\nSport\u00a0Master\u00a0e\u00a0-mallin innovatiivinen suunnittelu tarjoaa \u00e4\u00e4rimm\u00e4ist\u00e4 hiljaisuutta ja kest\u00e4vyytt\u00e4 s\u00e4hk\u00f6autojen voimakkaille suorituskyvyille.  Vertailussa rengas oli per\u00e4ti 5,13 prosenttia hiljaisempi kuin kilpailija. \u00a0Sport\u00a0Master\u00a0e\u00a0mahdollistaa vaivattoman ja nautinnollisen ajokokemuksen.  Lis\u00e4ksi se osoittaa t\u00e4ydellist\u00e4 energiaoptimointia s\u00e4hk\u00f6autojen tavallista suurempiin tehovaatimuksiin. <\/p>\n<p> Renkaat toimitetaan suoraan yhteisty\u00f6kumppanin varastolta.<\/p>\n","protected":false},"featured_media":31813,"comment_status":"open","ping_status":"open","template":"","meta":[],"product_brand":[],"product_cat":[371],"product_tag":[696,632,156,763,121],"class_list":{"0":"post-37746","1":"product","2":"type-product","3":"status-publish","4":"has-post-thumbnail","6":"product_cat-renkaat","7":"product_tag-kesarengas","8":"product_tag-linglong","9":"product_tag-model-3","10":"product_tag-sport-master-e-sahkoautoihin","11":"product_tag-tesla","13":"first","14":"instock","15":"taxable","16":"shipping-taxable","17":"purchasable","18":"product-type-simple"},"jetpack_sharing_enabled":true,"_links":{"self":[{"href":"http:\/\/www.vempele.fi\/fi\/wp-json\/wp\/v2\/product\/37746","targetHints":{"allow":["GET"]}}],"collection":[{"href":"http:\/\/www.vempele.fi\/fi\/wp-json\/wp\/v2\/product"}],"about":[{"href":"http:\/\/www.vempele.fi\/fi\/wp-json\/wp\/v2\/types\/product"}],"replies":[{"embeddable":true,"href":"http:\/\/www.vempele.fi\/fi\/wp-json\/wp\/v2\/comments?post=37746"}],"wp:featuredmedia":[{"embeddable":true,"href":"http:\/\/www.vempele.fi\/fi\/wp-json\/wp\/v2\/media\/31813"}],"wp:attachment":[{"href":"http:\/\/www.vempele.fi\/fi\/wp-json\/wp\/v2\/media?parent=37746"}],"wp:term":[{"taxonomy":"product_brand","embeddable":true,"href":"http:\/\/www.vempele.fi\/fi\/wp-json\/wp\/v2\/product_brand?post=37746"},{"taxonomy":"product_cat","embeddable":true,"href":"http:\/\/www.vempele.fi\/fi\/wp-json\/wp\/v2\/product_cat?post=37746"},{"taxonomy":"product_tag","embeddable":true,"href":"http:\/\/www.vempele.fi\/fi\/wp-json\/wp\/v2\/product_tag?post=37746"}],"curies":[{"name":"wp","href":"https:\/\/api.w.org\/{rel}","templated":true}]}}