{"id":42333,"date":"2024-10-03T00:00:00","date_gmt":"2024-10-02T21:00:00","guid":{"rendered":"https:\/\/www.vempele.fi\/fi\/tuote\/linglong-crosswind-4x4-hp-235-55r18-100v-tesla-model-y\/"},"modified":"2026-04-17T15:51:13","modified_gmt":"2026-04-17T12:51:13","slug":"linglong-crosswind-4x4-hp-235-55r18-100v-tesla-model-y","status":"publish","type":"product","link":"http:\/\/www.vempele.fi\/fi\/tuote\/linglong-crosswind-4x4-hp-235-55r18-100v-tesla-model-y\/","title":{"rendered":"Linglong Crosswind 4X4 HP 235\/55R18 100V &#8211; Tesla Model Y"},"content":{"rendered":"<p>1 kpl Linglong Crosswind 4X4 HP 235\/55-18\u00a0 100V<\/p>\n<ul>\n<li>EU-Rengasmerkinn\u00e4t<\/li>\n<li>Tyyppi: Kes\u00e4rengas<\/li>\n<li>Tuumat: 18<\/li>\n<li>Leveys: 235<\/li>\n<li>Profiili: 55<\/li>\n<li>Nopeusluokka: V<\/li>\n<li>Kantavuusluokka: 100<\/li>\n<li>Rengasluokitus: <\/li>\n<li>Polttoainetaloudellisuus: B<\/li>\n<li>M\u00e4rk\u00e4pito: B<\/li>\n<li>Ohjaamomeluluokitus ja voimakkuus:\u00a0 B &#8211; 71dB<\/li>\n<\/ul>\n<p>&nbsp;<\/p>\n<p>Renkaat toimitetaan suoraan yhteisty\u00f6kumppanin varastolta.<\/p>\n<p><img decoding=\"async\" src=\"\" width=\"300\" \/><\/p>\n<p>Renkaan tiedot haettu yhteisty\u00f6kumppanilta.<\/p>\n","protected":false},"excerpt":{"rendered":"<p>Linglong CROSSWIND 4\u00d74 HP \u2013 tehokas ja monipuolinen rengas SUV- ja CUV-ajoneuvoihin&#13;<br \/>\nLinglong CROSSWIND 4\u00d74 HP on korkealaatuinen, ymp\u00e4rivuotiseen k\u00e4ytt\u00f6\u00f6n suunniteltu rengas, joka on erityisesti kehitetty katumaastureille (CUV) ja maastureille (SUV).  T\u00e4m\u00e4 rengas tarjoaa erinomaisen suorituskyvyn sek\u00e4 kuivilla ett\u00e4 m\u00e4rill\u00e4 teill\u00e4, tehden siit\u00e4 loistavan valinnan niin kaupunki- kuin maantieajoon. &#13;<br \/>\nOminaisuudet:&#13;<br \/>\n&#13;<br \/>\nErityinen lamellimuotoilu: vahvistetut kuviopalat parantavat pitoa ja varmistavat tarkan ohjattavuuden kaikissa olosuhteissa. &#13;<br \/>\nNelj\u00e4 leve\u00e4\u00e4 p\u00e4\u00e4uraa: tehokas vedenpoisto minimoi vesiliirron riskin, lis\u00e4ten turvallisuutta m\u00e4rill\u00e4 teill\u00e4. &#13;<br \/>\nJatkuva keskusripa lamelleilla: parantaa ajovakautta ja v\u00e4hent\u00e4\u00e4 melutasoa, tarjoten mukavan ja hiljaisen ajokokemuksen. &#13;<br \/>\nOptimoitu kuviopalojen j\u00e4rjestys: v\u00e4hent\u00e4\u00e4 melua ja parantaa ajomukavuutta, tehden matkasta miellytt\u00e4v\u00e4n pitkill\u00e4kin ajomatkoilla. &#13;<br \/>\n&#13;<br \/>\nSuorituskyky:&#13;<br \/>\n&#13;<br \/>\nErinomainen k\u00e4sitelt\u00e4vyys: Linglong CROSSWIND 4\u00d74 HP tarjoaa tarkkaa ohjattavuutta ja ajovakautta, joten voit ajaa turvallisesti niin kaupunkiliikenteess\u00e4 kuin maantiell\u00e4. &#13;<br \/>\nTehokas vedenpoisto: nelj\u00e4 leve\u00e4\u00e4 p\u00e4\u00e4uraa poistavat vett\u00e4 tehokkaasti, v\u00e4hent\u00e4en vesiliirron riski\u00e4 ja lis\u00e4ten turvallisuutta m\u00e4riss\u00e4 olosuhteissa. &#13;<br \/>\nMukava ja hiljainen ajo: optimoitu pintakuviointi v\u00e4hent\u00e4\u00e4 rengasmelua ja lis\u00e4\u00e4 ajomukavuutta, tehden ajokokemuksesta miellytt\u00e4v\u00e4n. &#13;<br \/>\n&#13;<br \/>\nValitse Linglong CROSSWIND 4\u00d74 HP ja nauti turvallisesta ja mukavasta ajokokemuksesta ymp\u00e4ri vuoden! <\/p>\n<p> Renkaat toimitetaan suoraan yhteisty\u00f6kumppanin varastolta.<\/p>\n","protected":false},"featured_media":42335,"comment_status":"open","ping_status":"open","template":"","meta":[],"product_brand":[],"product_cat":[371],"product_tag":[826,696,632,271,121],"class_list":{"0":"post-42333","1":"product","2":"type-product","3":"status-publish","4":"has-post-thumbnail","6":"product_cat-renkaat","7":"product_tag-crosswind-4x4-hp","8":"product_tag-kesarengas","9":"product_tag-linglong","10":"product_tag-model-y","11":"product_tag-tesla","13":"first","14":"instock","15":"taxable","16":"shipping-taxable","17":"purchasable","18":"product-type-simple"},"jetpack_sharing_enabled":true,"_links":{"self":[{"href":"http:\/\/www.vempele.fi\/fi\/wp-json\/wp\/v2\/product\/42333","targetHints":{"allow":["GET"]}}],"collection":[{"href":"http:\/\/www.vempele.fi\/fi\/wp-json\/wp\/v2\/product"}],"about":[{"href":"http:\/\/www.vempele.fi\/fi\/wp-json\/wp\/v2\/types\/product"}],"replies":[{"embeddable":true,"href":"http:\/\/www.vempele.fi\/fi\/wp-json\/wp\/v2\/comments?post=42333"}],"wp:featuredmedia":[{"embeddable":true,"href":"http:\/\/www.vempele.fi\/fi\/wp-json\/wp\/v2\/media\/42335"}],"wp:attachment":[{"href":"http:\/\/www.vempele.fi\/fi\/wp-json\/wp\/v2\/media?parent=42333"}],"wp:term":[{"taxonomy":"product_brand","embeddable":true,"href":"http:\/\/www.vempele.fi\/fi\/wp-json\/wp\/v2\/product_brand?post=42333"},{"taxonomy":"product_cat","embeddable":true,"href":"http:\/\/www.vempele.fi\/fi\/wp-json\/wp\/v2\/product_cat?post=42333"},{"taxonomy":"product_tag","embeddable":true,"href":"http:\/\/www.vempele.fi\/fi\/wp-json\/wp\/v2\/product_tag?post=42333"}],"curies":[{"name":"wp","href":"https:\/\/api.w.org\/{rel}","templated":true}]}}