{"id":43754,"date":"2025-10-28T14:55:21","date_gmt":"2025-10-28T12:55:21","guid":{"rendered":"https:\/\/www.vempele.fi\/?post_type=product&#038;p=43754"},"modified":"2026-04-16T14:45:58","modified_gmt":"2026-04-16T11:45:58","slug":"takaolka-akselin-korjaussarja-tarvike-tesla-model-3-y","status":"publish","type":"product","link":"http:\/\/www.vempele.fi\/fi\/tuote\/takaolka-akselin-korjaussarja-tarvike-tesla-model-3-y\/","title":{"rendered":"Takaolka-akselin korjaussarja &#8211; Tarvike &#8211; Tesla Model 3 \/ Y"},"content":{"rendered":"<p>Takaolka-akselin korjaussarja &#8211; Tarvike &#8211; Tesla Model 3 \/ Y<\/p>\n<ul>\n<li>Sopivuus:\n<ul>\n<li>Model 3 Pre-Refresh vm. 2019\u00a0 &#8211; 2021<\/li>\n<li>Model 3 Refresh vm. 2021 &#8211; 2023<\/li>\n<li>Model Y 2020 &#8211; 2024<\/li>\n<\/ul>\n<\/li>\n<li>OE-varaosanumero:\n<ul>\n<li>1044427-00-C<\/li>\n<li>1044443-00-D<\/li>\n<li>1188435-00-A<\/li>\n<li>1027351-00-C<\/li>\n<li>1027351-00-D<\/li>\n<li>1027351-00-E<\/li>\n<li>1044411-00-G<\/li>\n<li>1044416-00-G<\/li>\n<\/ul>\n<\/li>\n<li>Asennuskohta: Takaolka-akseli<\/li>\n<\/ul>\n<p>&nbsp;<\/p>\n","protected":false},"excerpt":{"rendered":"<p>Takaolka-akseliin kaikki vaihdettavissa olevat helat \/ puslat yhdess\u00e4 paketissa.<\/p>\n<p>Pelk\u00e4n helan vaihdolla voidaan usein v\u00e4ltt\u00e4\u00e4 kalliimman tukivarren vaihto jos pelk\u00e4st\u00e4\u00e4n hela on vaurioitunut.<\/p>\n","protected":false},"featured_media":43757,"comment_status":"open","ping_status":"closed","template":"","meta":[],"product_brand":[],"product_cat":[151,154,471,472],"product_tag":[576,156,271,733,834,121,319],"class_list":{"0":"post-43754","1":"product","2":"type-product","3":"status-publish","4":"has-post-thumbnail","6":"product_cat-model-3","7":"product_cat-model-y","8":"product_cat-model-3-varaosat","9":"product_cat-varaosat-model-y","10":"product_tag-hela","11":"product_tag-model-3","12":"product_tag-model-y","13":"product_tag-olka-akseli","14":"product_tag-pusla","15":"product_tag-tesla","16":"product_tag-varaosat","18":"first","19":"instock","20":"taxable","21":"shipping-taxable","22":"purchasable","23":"product-type-simple"},"jetpack_sharing_enabled":true,"_links":{"self":[{"href":"http:\/\/www.vempele.fi\/fi\/wp-json\/wp\/v2\/product\/43754","targetHints":{"allow":["GET"]}}],"collection":[{"href":"http:\/\/www.vempele.fi\/fi\/wp-json\/wp\/v2\/product"}],"about":[{"href":"http:\/\/www.vempele.fi\/fi\/wp-json\/wp\/v2\/types\/product"}],"replies":[{"embeddable":true,"href":"http:\/\/www.vempele.fi\/fi\/wp-json\/wp\/v2\/comments?post=43754"}],"wp:featuredmedia":[{"embeddable":true,"href":"http:\/\/www.vempele.fi\/fi\/wp-json\/wp\/v2\/media\/43757"}],"wp:attachment":[{"href":"http:\/\/www.vempele.fi\/fi\/wp-json\/wp\/v2\/media?parent=43754"}],"wp:term":[{"taxonomy":"product_brand","embeddable":true,"href":"http:\/\/www.vempele.fi\/fi\/wp-json\/wp\/v2\/product_brand?post=43754"},{"taxonomy":"product_cat","embeddable":true,"href":"http:\/\/www.vempele.fi\/fi\/wp-json\/wp\/v2\/product_cat?post=43754"},{"taxonomy":"product_tag","embeddable":true,"href":"http:\/\/www.vempele.fi\/fi\/wp-json\/wp\/v2\/product_tag?post=43754"}],"curies":[{"name":"wp","href":"https:\/\/api.w.org\/{rel}","templated":true}]}}