{"id":46071,"date":"2024-10-03T00:00:00","date_gmt":"2024-10-02T21:00:00","guid":{"rendered":"https:\/\/www.vempele.fi\/fi\/tuote\/linglong-sport-master-c-s-255-45r19-104w-tesla-model-y-2\/"},"modified":"2026-04-17T15:51:15","modified_gmt":"2026-04-17T12:51:15","slug":"linglong-sport-master-c-s-255-45r19-104w-tesla-model-y-2","status":"publish","type":"product","link":"http:\/\/www.vempele.fi\/fi\/tuote\/linglong-sport-master-c-s-255-45r19-104w-tesla-model-y-2\/","title":{"rendered":"Linglong Sport Master C\/S 255\/45R19 104W &#8211; Tesla Model Y"},"content":{"rendered":"<p>1 kpl Linglong Sport Master C\/S 255\/45-19\u00a0 104W<\/p>\n<ul>\n<li>EU-Rengasmerkinn\u00e4t<\/li>\n<li>Tyyppi: Kes\u00e4rengas<\/li>\n<li>Tuumat: 19<\/li>\n<li>Leveys: 255<\/li>\n<li>Profiili: 45<\/li>\n<li>Nopeusluokka: W<\/li>\n<li>Kantavuusluokka: 104<\/li>\n<li>Rengasluokitus: <\/li>\n<li>Polttoainetaloudellisuus: <\/li>\n<li>M\u00e4rk\u00e4pito: <\/li>\n<li>Ohjaamomeluluokitus ja voimakkuus:\u00a0  &#8211; dB<\/li>\n<\/ul>\n<p>&nbsp;<\/p>\n<p>Renkaat toimitetaan suoraan yhteisty\u00f6kumppanin varastolta.<\/p>\n<p><img decoding=\"async\" src=\"\" width=\"300\" \/><\/p>\n<p>Renkaan tiedot haettu yhteisty\u00f6kumppanilta.<\/p>\n","protected":false},"excerpt":{"rendered":"<p>Linglong Sport Master C\/S on laadukas ja pit\u00e4v\u00e4 SUV-rengas.  A-luokan m\u00e4rk\u00e4pitoa.  Loistavat ajo-ominaisuudet, jotka tulevat esille Pohjolan vaihtelevissa kes\u00e4olosuhteissa.  Kuvion ja kumiseoksen optimointi suunniteltu uusinta rengasteknologiaa k\u00e4ytt\u00e4en.  Erinomainen SUV-rengas parhaassa hinta-laatusuhteessa. HUOM!  Renkaan kyljess\u00e4 oleva nimi voi valmistajan tekem\u00e4st\u00e4 nimimuutoksesta johtuen olla joko Sport Master C\/S tai Grip Master C\/S.  Molemmat renkaat ovat tarkalleen sama tuote. <\/p>\n<p> Renkaat toimitetaan suoraan yhteisty\u00f6kumppanin varastolta.<\/p>\n","protected":false},"featured_media":46070,"comment_status":"open","ping_status":"open","template":"","meta":[],"product_brand":[],"product_cat":[371],"product_tag":[696,632,271,845,121],"class_list":{"0":"post-46071","1":"product","2":"type-product","3":"status-publish","4":"has-post-thumbnail","6":"product_cat-renkaat","7":"product_tag-kesarengas","8":"product_tag-linglong","9":"product_tag-model-y","10":"product_tag-sport-master-c-s","11":"product_tag-tesla","13":"first","14":"instock","15":"taxable","16":"shipping-taxable","17":"purchasable","18":"product-type-simple"},"jetpack_sharing_enabled":true,"_links":{"self":[{"href":"http:\/\/www.vempele.fi\/fi\/wp-json\/wp\/v2\/product\/46071","targetHints":{"allow":["GET"]}}],"collection":[{"href":"http:\/\/www.vempele.fi\/fi\/wp-json\/wp\/v2\/product"}],"about":[{"href":"http:\/\/www.vempele.fi\/fi\/wp-json\/wp\/v2\/types\/product"}],"replies":[{"embeddable":true,"href":"http:\/\/www.vempele.fi\/fi\/wp-json\/wp\/v2\/comments?post=46071"}],"wp:featuredmedia":[{"embeddable":true,"href":"http:\/\/www.vempele.fi\/fi\/wp-json\/wp\/v2\/media\/46070"}],"wp:attachment":[{"href":"http:\/\/www.vempele.fi\/fi\/wp-json\/wp\/v2\/media?parent=46071"}],"wp:term":[{"taxonomy":"product_brand","embeddable":true,"href":"http:\/\/www.vempele.fi\/fi\/wp-json\/wp\/v2\/product_brand?post=46071"},{"taxonomy":"product_cat","embeddable":true,"href":"http:\/\/www.vempele.fi\/fi\/wp-json\/wp\/v2\/product_cat?post=46071"},{"taxonomy":"product_tag","embeddable":true,"href":"http:\/\/www.vempele.fi\/fi\/wp-json\/wp\/v2\/product_tag?post=46071"}],"curies":[{"name":"wp","href":"https:\/\/api.w.org\/{rel}","templated":true}]}}