{"id":46711,"date":"2026-04-01T10:41:51","date_gmt":"2026-04-01T07:41:51","guid":{"rendered":"https:\/\/www.vempele.fi\/?post_type=product&#038;p=46711"},"modified":"2026-04-03T15:41:07","modified_gmt":"2026-04-03T12:41:07","slug":"pyoranlaakeri-rwd-etuakseli-nty-tesla-model-3-y","status":"publish","type":"product","link":"http:\/\/www.vempele.fi\/fi\/tuote\/pyoranlaakeri-rwd-etuakseli-nty-tesla-model-3-y\/","title":{"rendered":"Py\u00f6r\u00e4nlaakeri RWD, Etuakseli &#8211; NTY &#8211; Tesla Model 3 \/ Y"},"content":{"rendered":"<p>Py\u00f6r\u00e4nlaakeri RWD, Etuakseli &#8211; NTY &#8211; Tesla Model 3 \/ Y<\/p>\n<ul>\n<li>Valmistaja: NTY<\/li>\n<li>Valmistajan tuotenumero: KLP-CH-075<\/li>\n<li>Valmistajan antamat OE-viitenumerot:\n<ul>\n<li>1044122-00-D<\/li>\n<li>1044122-00-E<\/li>\n<\/ul>\n<\/li>\n<li>Kiinnitysreikien lukum\u00e4\u00e4r\u00e4: 3<\/li>\n<li>Vanne, aukkoja: 5<\/li>\n<li>Paino: n. 4,1 kg<\/li>\n<\/ul>\n","protected":false},"excerpt":{"rendered":"<p>Py\u00f6r\u00e4nlaakeri RWD, Etuakseli &#8211; NTY &#8211; Tesla Model 3 \/ Y.\u00a0 Laadukas py\u00f6r\u00e4nlaakeri joka sopii Tesla Model 3:een ja Y:hyn. Py\u00f6r\u00e4nlaakeri sopii RWD-mallin etuakseliin.<\/p>\n<p>Sopivuus:<\/p>\n<ul>\n<li>Model 3: vuosimallit 2019 -&gt;<\/li>\n<li>Model Y: vuosimallit 2020 -&gt;<\/li>\n<\/ul>\n","protected":false},"featured_media":46712,"comment_status":"open","ping_status":"closed","template":"","meta":[],"product_brand":[802],"product_cat":[151,154,471,472],"product_tag":[475,156,271,556,121,319],"class_list":{"0":"post-46711","1":"product","2":"type-product","3":"status-publish","4":"has-post-thumbnail","6":"product_brand-nty","7":"product_cat-model-3","8":"product_cat-model-y","9":"product_cat-model-3-varaosat","10":"product_cat-varaosat-model-y","11":"product_tag-laakeri","12":"product_tag-model-3","13":"product_tag-model-y","14":"product_tag-rwd","15":"product_tag-tesla","16":"product_tag-varaosat","18":"first","19":"instock","20":"taxable","21":"shipping-taxable","22":"purchasable","23":"product-type-simple"},"jetpack_sharing_enabled":true,"_links":{"self":[{"href":"http:\/\/www.vempele.fi\/fi\/wp-json\/wp\/v2\/product\/46711","targetHints":{"allow":["GET"]}}],"collection":[{"href":"http:\/\/www.vempele.fi\/fi\/wp-json\/wp\/v2\/product"}],"about":[{"href":"http:\/\/www.vempele.fi\/fi\/wp-json\/wp\/v2\/types\/product"}],"replies":[{"embeddable":true,"href":"http:\/\/www.vempele.fi\/fi\/wp-json\/wp\/v2\/comments?post=46711"}],"wp:featuredmedia":[{"embeddable":true,"href":"http:\/\/www.vempele.fi\/fi\/wp-json\/wp\/v2\/media\/46712"}],"wp:attachment":[{"href":"http:\/\/www.vempele.fi\/fi\/wp-json\/wp\/v2\/media?parent=46711"}],"wp:term":[{"taxonomy":"product_brand","embeddable":true,"href":"http:\/\/www.vempele.fi\/fi\/wp-json\/wp\/v2\/product_brand?post=46711"},{"taxonomy":"product_cat","embeddable":true,"href":"http:\/\/www.vempele.fi\/fi\/wp-json\/wp\/v2\/product_cat?post=46711"},{"taxonomy":"product_tag","embeddable":true,"href":"http:\/\/www.vempele.fi\/fi\/wp-json\/wp\/v2\/product_tag?post=46711"}],"curies":[{"name":"wp","href":"https:\/\/api.w.org\/{rel}","templated":true}]}}