{"id":404,"date":"2018-06-07T09:15:20","date_gmt":"2018-06-07T06:15:20","guid":{"rendered":"https:\/\/www.vempele.fi\/?page_id=404"},"modified":"2020-07-06T13:47:56","modified_gmt":"2020-07-06T10:47:56","slug":"privacyverklaring","status":"publish","type":"page","link":"http:\/\/www.vempele.fi\/nl\/yksityisyydensuojatiedote\/","title":{"rendered":"Privacyverklaring"},"content":{"rendered":"<ul>\n<li><strong>Waarom gegevens worden verzameld<\/strong><\/li>\n<\/ul>\n<p>De Vempele online winkel houdt een klantenregister bij om de relaties met klanten te beheren. Persoonlijke gegevens worden verzameld voor zover dit nodig is om de service aan klanten te kunnen leveren.<\/p>\n<p>Via cookies wordt anonieme informatie verzameld om de site zo te ontwikkelen dat deze beter aansluit op de behoeften van de gebruiker. Deze informatie, waarmee de klant niet kan worden ge\u00efdentificeerd, omvat de acties die de gebruiker op de pagina uitvoert (zoals klikken), technische informatie (zoals browsers), land en datum.<\/p>\n<ul>\n<li><strong>Welke persoonlijke gegevens worden verzameld<\/strong><\/li>\n<\/ul>\n<p>Informatie die moet worden verzameld bij het aanmaken van een klant-ID:<\/p>\n<ol>\n<li style=\"text-align: left;\">Naam<\/li>\n<li style=\"text-align: left;\">Adres<\/li>\n<li style=\"text-align: left;\">Telefoonnummer<\/li>\n<li style=\"text-align: left;\">E-mailadres (het eerste deel van het e-mailadres is ook je gebruikersnaam)<\/li>\n<li style=\"text-align: left;\">Wachtwoord<\/li>\n<\/ol>\n<p>Je e-mailadres en wachtwoord worden opgeslagen op het moment van registratie. Andere informatie wordt alleen opgeslagen wanneer de bestelling wordt geplaatst of wanneer de klant zijn eigen informatie op de site invult.<\/p>\n<p>Als de klant een bestelling plaatst zonder zich te registreren, wordt de bestelling opgeslagen voor verwerking:<\/p>\n<ol>\n<li>Naam<\/li>\n<li>Adres<\/li>\n<li>Telefoonnummer<\/li>\n<li>E-mailadres<\/li>\n<\/ol>\n<ul>\n<li><strong>Waar haal ik de gegevens vandaan?<\/strong><\/li>\n<\/ul>\n<p>De informatie wordt rechtstreeks van de klant verzameld wanneer de klant een bestelling plaatst of een klanten-ID aanmaakt. Als de klant contact opneemt met Vempele via telefoon, e-mail of contactformulier, wordt deze informatie niet langer bewaard dan de reden van het contact.<\/p>\n<p>Geanonimiseerde gegevens over bezoekers van de Vempele-website worden verzameld met behulp van Google Analytics. Deze toepassing registreert informatie over welke pagina's worden bezocht, hoe lang de bezoeker op de site blijft, hoe de bezoeker de site heeft bereikt en op welke links wordt geklikt. Deze informatie wordt verzameld om ervoor te zorgen dat de site voldoet aan de behoeften van de gebruiker.<\/p>\n<ul>\n<li><strong>Hoe lang de gegevens worden bewaard<\/strong><\/li>\n<\/ul>\n<p>De gegevens van de geregistreerde klant worden opgeslagen zolang de klantrelatie bestaat.<\/p>\n<p>Gegevens die door een niet-geregistreerde klant worden verstrekt om een bestelling te verwerken, worden maximaal 365 dagen bewaard. De gegevens worden opgeslagen om de bestelling op verzoek van de klant achteraf te kunnen controleren.<\/p>\n<ul>\n<li><strong>Ontvanger van persoonlijke gegevens<\/strong><\/li>\n<\/ul>\n<p>Persoonlijke gegevens in het register worden alleen aan derden verstrekt wanneer dit noodzakelijk is, en wel als volgt:<\/p>\n<p>a) Om de betalingsinformatie voor de dienst te verstrekken aan Checkout Finland, onze betalingsdienstaanbieder.<\/p>\n<p>b) Naar het afleveradres dat aan onze transportleverancier Shipit Oy Ab is gegeven voor de levering van de producten.<\/p>\n<p>c) Aan overheidsinstanties voor informatieverzoeken op basis van de Finse wetgeving.<\/p>\n<p>d) Aan verzekeringsmaatschappijen voor het afhandelen van schadeclaims.<\/p>\n<ul>\n<li><strong>Recht op toegang tot uw gegevens<\/strong><\/li>\n<\/ul>\n<p>De klant heeft het recht om zijn eigen gegevens in het register te controleren. U kunt uw persoonlijke gegevens controleren door in te loggen op de Vempele online shop.<\/p>\n<ul>\n<li><strong>Het recht om de rectificatie van onjuiste gegevens of de verwijdering van alle gegevens te vragen<\/strong><\/li>\n<\/ul>\n<p>De klant heeft het recht om correctie van onjuiste informatie aan te vragen, en de klant kan onjuiste informatie ook zelf corrigeren nadat hij\/zij is ingelogd op de website. De klant heeft ook het recht om te verzoeken dat zijn\/haar persoonlijke gegevens uit het register worden verwijderd.<\/p>\n<ul>\n<li><strong>Recht op beperking van de verwerking<\/strong><\/li>\n<\/ul>\n<p>Klanten hebben het recht om de verwerking van hun persoonsgegevens te beperken. Zodra de klant een dergelijk verzoek heeft gedaan, zal de Vempele online shop de persoonsgegevens van de klant niet langer verwerken, tenzij er een wettelijke grond is voor de verwerking.<\/p>\n<ul>\n<li><strong>Het recht om gegevens van het ene systeem naar het andere over te dragen<\/strong><\/li>\n<\/ul>\n<p>De klant heeft het recht om persoonlijke gegevens in een gestructureerd formaat te ontvangen, waarbij de klant de gegevens desgewenst kan overdragen aan een andere verwerkingsverantwoordelijke.<\/p>\n<p>De klant kan contact opnemen met Vempele e-shop in de bovenstaande zaken via e-mail, brief of door gebruik te maken van het contactformulier op de website.<\/p>","protected":false},"excerpt":{"rendered":"<p>Miksi tietoja ker\u00e4t\u00e4\u00e4n Vempele-verkkokauppa yll\u00e4pit\u00e4\u00e4 asiakasrekisteri\u00e4 asiakassuhteiden hoitamiseksi. Henkil\u00f6tietoja ker\u00e4t\u00e4\u00e4n sen verran kuin on tarvetta palvelun tarjoamiseksi asiakkaille. Anonyymeja tietoja ker\u00e4t\u00e4\u00e4n ev\u00e4steiden avulla, jotta voidaan kehitt\u00e4\u00e4 sivuja vastaamaan paremmin k\u00e4ytt\u00e4j\u00e4n tarpeita. T\u00e4llaisia tietoja, joista asiakasta ei voida identifioida, ovat k\u00e4ytt\u00e4j\u00e4n tekem\u00e4t toimet sivulla (kuten klikkaukset), tekniset tiedot (kuten selaimet), maa ja p\u00e4iv\u00e4m\u00e4\u00e4r\u00e4. Mit\u00e4 henkil\u00f6tietoja ker\u00e4t\u00e4\u00e4n [&hellip;]<\/p>\n","protected":false},"author":2,"featured_media":0,"parent":0,"menu_order":0,"comment_status":"closed","ping_status":"closed","template":"","meta":{"footnotes":""},"class_list":["post-404","page","type-page","status-publish","hentry"],"jetpack_sharing_enabled":true,"_links":{"self":[{"href":"http:\/\/www.vempele.fi\/nl\/wp-json\/wp\/v2\/pages\/404","targetHints":{"allow":["GET"]}}],"collection":[{"href":"http:\/\/www.vempele.fi\/nl\/wp-json\/wp\/v2\/pages"}],"about":[{"href":"http:\/\/www.vempele.fi\/nl\/wp-json\/wp\/v2\/types\/page"}],"author":[{"embeddable":true,"href":"http:\/\/www.vempele.fi\/nl\/wp-json\/wp\/v2\/users\/2"}],"replies":[{"embeddable":true,"href":"http:\/\/www.vempele.fi\/nl\/wp-json\/wp\/v2\/comments?post=404"}],"version-history":[{"count":0,"href":"http:\/\/www.vempele.fi\/nl\/wp-json\/wp\/v2\/pages\/404\/revisions"}],"wp:attachment":[{"href":"http:\/\/www.vempele.fi\/nl\/wp-json\/wp\/v2\/media?parent=404"}],"curies":[{"name":"wp","href":"https:\/\/api.w.org\/{rel}","templated":true}]}}