{"id":46714,"date":"2026-04-01T10:53:47","date_gmt":"2026-04-01T07:53:47","guid":{"rendered":"https:\/\/www.vempele.fi\/?post_type=product&#038;p=46714"},"modified":"2026-04-17T09:20:25","modified_gmt":"2026-04-17T06:20:25","slug":"pyoranlaakeri-rwd-awd-nty-tesla-model-3-y","status":"publish","type":"product","link":"http:\/\/www.vempele.fi\/nl\/tuote\/pyoranlaakeri-rwd-awd-nty-tesla-model-3-y\/","title":{"rendered":"Wiellager RWD, AWD - NTY - Tesla Model 3 \/ Y"},"content":{"rendered":"<p>Wiellager RWD, AWD - NTY - Tesla Model 3 \/ Y<\/p>\n<ul>\n<li>Fabrikant: NTY<\/li>\n<li>Valmistajan tuotenumero: KLT-CH-065<\/li>\n<li>OE-referentienummers geleverd door de fabrikant:\n<ul>\n<li>1044121-00-E<\/li>\n<li>1044123-00-A<\/li>\n<li>1044123-00-B<\/li>\n<li>1044123-00-E<\/li>\n<\/ul>\n<\/li>\n<li>Gewicht: ongeveer 3,8 kg<\/li>\n<\/ul>\n<p><strong>Niet geschikt voor RWD vooras.<\/strong><\/p>\n<p>&nbsp;<\/p>","protected":false},"excerpt":{"rendered":"<p>Py\u00f6r\u00e4nlaakeri RWD, AWD &#8211; NTY &#8211; Tesla Model 3 \/ Y. Py\u00f6r\u00e4nlaakeri sopii RWD-mallin taka-akseliin sek\u00e4 AWD-mallin etu- ja taka-akseliin.<\/p>\n<p><strong>Let op!<\/strong> Dit product is niet geschikt voor de vooras van RWD-modellen.<\/p>\n<p>Geschiktheid:<\/p>\n<ul>\n<li>Model 3: 2016-modellen -&gt;<\/li>\n<li>Model Y: 2020-modellen -&gt;<\/li>\n<\/ul>","protected":false},"featured_media":46715,"comment_status":"open","ping_status":"closed","template":"","meta":[],"product_brand":[802],"product_cat":[151,154,471,472],"product_tag":[475,156,271,121,319],"class_list":{"0":"post-46714","1":"product","2":"type-product","3":"status-publish","4":"has-post-thumbnail","6":"product_brand-nty","7":"product_cat-model-3","8":"product_cat-model-y","9":"product_cat-model-3-varaosat","10":"product_cat-varaosat-model-y","11":"product_tag-laakeri","12":"product_tag-model-3","13":"product_tag-model-y","14":"product_tag-tesla","15":"product_tag-varaosat","17":"first","18":"instock","19":"taxable","20":"shipping-taxable","21":"purchasable","22":"product-type-simple"},"jetpack_sharing_enabled":true,"_links":{"self":[{"href":"http:\/\/www.vempele.fi\/nl\/wp-json\/wp\/v2\/product\/46714","targetHints":{"allow":["GET"]}}],"collection":[{"href":"http:\/\/www.vempele.fi\/nl\/wp-json\/wp\/v2\/product"}],"about":[{"href":"http:\/\/www.vempele.fi\/nl\/wp-json\/wp\/v2\/types\/product"}],"replies":[{"embeddable":true,"href":"http:\/\/www.vempele.fi\/nl\/wp-json\/wp\/v2\/comments?post=46714"}],"wp:featuredmedia":[{"embeddable":true,"href":"http:\/\/www.vempele.fi\/nl\/wp-json\/wp\/v2\/media\/46715"}],"wp:attachment":[{"href":"http:\/\/www.vempele.fi\/nl\/wp-json\/wp\/v2\/media?parent=46714"}],"wp:term":[{"taxonomy":"product_brand","embeddable":true,"href":"http:\/\/www.vempele.fi\/nl\/wp-json\/wp\/v2\/product_brand?post=46714"},{"taxonomy":"product_cat","embeddable":true,"href":"http:\/\/www.vempele.fi\/nl\/wp-json\/wp\/v2\/product_cat?post=46714"},{"taxonomy":"product_tag","embeddable":true,"href":"http:\/\/www.vempele.fi\/nl\/wp-json\/wp\/v2\/product_tag?post=46714"}],"curies":[{"name":"wp","href":"https:\/\/api.w.org\/{rel}","templated":true}]}}