{"id":10729,"date":"2022-04-22T16:08:50","date_gmt":"2022-04-22T13:08:50","guid":{"rendered":"https:\/\/www.vempele.fi\/?post_type=product&#038;p=10729"},"modified":"2026-04-19T22:28:16","modified_gmt":"2026-04-19T19:28:16","slug":"tesla-model-3-takstativ","status":"publish","type":"product","link":"http:\/\/www.vempele.fi\/no\/tuote\/tesla-model-3-kattotelineet\/","title":{"rendered":"Takstativ - Tesla Model 3"},"content":{"rendered":"<p>Enkel montering med den medf\u00f8lgende veiledningen.<\/p>\n<p>Pakken inneholder alt du trenger for \u00e5 montere stativene. Det f\u00f8lger ogs\u00e5 med PPF-striper (Paint Protection Film) under bena p\u00e5 stativene for \u00e5 beskytte lakken p\u00e5 bilen. PPF-folien er gjennomsiktig.<\/p>\n<p>Produsenten har testet stativene til \u00e5 t\u00e5le en belastning p\u00e5 200 kg. Vi anbefaler imidlertid en maksimal belastning p\u00e5 68 kg, noe som ogs\u00e5 anbefales av Tesla.<\/p>\n<p><b>Ytterligere informasjon:<\/b><\/p>\n<ul>\n<li style=\"list-style-type: none;\">\n<ul>\n<li>Kompatibilitet:\n<ul>\n<li>Model 3 Pre-Refresh vm. 2019 - 2021<\/li>\n<li>Model 3 Refresh vm. 2021 - 2023<\/li>\n<li>Modell 3 Highland vm 2023 -&gt;<\/li>\n<\/ul>\n<\/li>\n<li>Enkel installasjon<\/li>\n<li>Slitesterkt aluminium<\/li>\n<li>M\u00e5l p\u00e5 pakken: 136 x 16 x 18 cm, 7,4 kg<\/li>\n<li>Pakken inneholder\n<ul>\n<li>Festn\u00f8kkel<\/li>\n<li>Stativ foran og bak<\/li>\n<li>Kantbeskyttere for stativer<\/li>\n<li>\"Pads\" under bena p\u00e5 stativene<\/li>\n<li>Festing av muttere<\/li>\n<li>festeklips<\/li>\n<li>PPF-b\u00e5ndbredde<\/li>\n<li>Festeveiledning<\/li>\n<\/ul>\n<\/li>\n<\/ul>\n<\/li>\n<\/ul>\n<p><strong>OBS! Takstativene er originale, ikke Tesla-originale.<\/strong><br \/>\nTakstativene ser ut som Teslas originale.<\/p>\n<p>Du kan laste ned installasjonsinstruksjonene<strong> <a href=\"https:\/\/www.vempele.fi\/wp-content\/uploads\/2022\/12\/Kattotelineiden-asennusohje.pdf\">Her.<\/a><\/strong><\/p>","protected":false},"excerpt":{"rendered":"<p>Tesla Model 3 takstativ i den moteriktige fargen svart.<\/p>\n<p>En flott m\u00e5te \u00e5 \u00f8ke transportkapasiteten ytterligere p\u00e5; du kan for eksempel bruke takstativene til \u00e5 feste en skiboks eller sykkelholder p\u00e5 taket av Teslaen din.<\/p>\n<p>De er ogs\u00e5 flotte for \u00e5 skifte look.<\/p>\n<p>Merk: Disse takstativene er de originale, ikke de originale.<\/p>\n<p>Du kan laste ned installasjonsinstruksjonene<strong> <a href=\"https:\/\/www.vempele.fi\/wp-content\/uploads\/2022\/12\/Kattotelineiden-asennusohje.pdf\">Her.<\/a><\/strong><\/p>\n<p><strong>Ny, l\u00e5sbar modell!<\/strong><\/p>","protected":false},"featured_media":10725,"comment_status":"open","ping_status":"closed","template":"","meta":[],"product_brand":[838],"product_cat":[151,452,481,128],"product_tag":[83,365,156,552,121],"class_list":{"0":"post-10729","1":"product","2":"type-product","3":"status-publish","4":"has-post-thumbnail","6":"product_brand-teslaasi","7":"product_cat-model-3","8":"product_cat-m3-tarvikkeet","9":"product_cat-tarvikkeet-ulkopuolelle-model-3","10":"product_cat-tesla-tuotteet","11":"product_tag-autotarvikkeet","12":"product_tag-kattotelineet","13":"product_tag-model-3","14":"product_tag-taakkatelineet","15":"product_tag-tesla","17":"first","18":"instock","19":"taxable","20":"shipping-taxable","21":"purchasable","22":"product-type-simple"},"jetpack_sharing_enabled":true,"_links":{"self":[{"href":"http:\/\/www.vempele.fi\/no\/wp-json\/wp\/v2\/product\/10729","targetHints":{"allow":["GET"]}}],"collection":[{"href":"http:\/\/www.vempele.fi\/no\/wp-json\/wp\/v2\/product"}],"about":[{"href":"http:\/\/www.vempele.fi\/no\/wp-json\/wp\/v2\/types\/product"}],"replies":[{"embeddable":true,"href":"http:\/\/www.vempele.fi\/no\/wp-json\/wp\/v2\/comments?post=10729"}],"wp:featuredmedia":[{"embeddable":true,"href":"http:\/\/www.vempele.fi\/no\/wp-json\/wp\/v2\/media\/10725"}],"wp:attachment":[{"href":"http:\/\/www.vempele.fi\/no\/wp-json\/wp\/v2\/media?parent=10729"}],"wp:term":[{"taxonomy":"product_brand","embeddable":true,"href":"http:\/\/www.vempele.fi\/no\/wp-json\/wp\/v2\/product_brand?post=10729"},{"taxonomy":"product_cat","embeddable":true,"href":"http:\/\/www.vempele.fi\/no\/wp-json\/wp\/v2\/product_cat?post=10729"},{"taxonomy":"product_tag","embeddable":true,"href":"http:\/\/www.vempele.fi\/no\/wp-json\/wp\/v2\/product_tag?post=10729"}],"curies":[{"name":"wp","href":"https:\/\/api.w.org\/{rel}","templated":true}]}}