{"id":37746,"date":"2024-10-03T00:00:00","date_gmt":"2024-10-02T21:00:00","guid":{"rendered":"https:\/\/www.vempele.fi\/fi\/tuote\/linglong-sport-master-e-sahkoautoihin-235-35r20-92v-tesla-model-3\/"},"modified":"2026-04-18T16:51:10","modified_gmt":"2026-04-18T13:51:10","slug":"linglong-sport-master-e-for-lastebiler-235-35r20-92v-tesla-model-3","status":"publish","type":"product","link":"http:\/\/www.vempele.fi\/no\/tuote\/linglong-sport-master-e-sahkoautoihin-235-35r20-92v-tesla-model-3\/","title":{"rendered":"Linglong Sport Master e for elbiler - 235\/35R20 92V - Tesla Model 3"},"content":{"rendered":"<p>1 stk Linglong Sport Master e for elbiler - 235\/35-20 92V<\/p>\n<ul>\n<li>EU-merking av dekk<\/li>\n<li>Type: sommerdekk<\/li>\n<li>Tommer: 20<\/li>\n<li>Bredde: 235<\/li>\n<li>Profil: 35<\/li>\n<li>Hastighetskategori: V<\/li>\n<li>Klasse for lastekapasitet: 92<\/li>\n<li>Dekkklassifisering: C1<\/li>\n<li>Drivstoff\u00f8konomi: B<\/li>\n<li>Vedlikehold p\u00e5 v\u00e5tt underlag: B<\/li>\n<li>St\u00f8yklassifisering og -intensitet i f\u00f8rerhuset: A - 69 dB<\/li>\n<\/ul>\n<p>&nbsp;<\/p>\n<p>Dekkene leveres direkte fra partnerens lager.<\/p>\n<p><img decoding=\"async\" src=\"https:\/\/www.vempele.fi\/wp-content\/uploads\/2024\/12\/Label_1986037.svg\" width=\"300\" \/><\/p>\n<p>Dekkinformasjon hentet fra en partner.<\/p>","protected":false},"excerpt":{"rendered":"<p>Det helt nye Linglong Sport Master e er spesielt utviklet for elbiler.  Det har markedets beste energiforbruk i klasse A, den lengste rekkevidden i klasse A, den mest stilleg\u00e5ende lyden i klasse A og opptil 34 % mindre rullemotstand.  Lav rullemotstand er ikke bare et tall - fordelene er blant annet lengre kj\u00f8relengde p\u00e5 \u00e9n lading, lavere energikostnader og bedre milj\u00f8vennlighet.<br \/>\nDen innovative designen til Sport Master e gir ekstrem stilleg\u00e5ende og slitesterk ytelse for de kraftige elektriske kj\u00f8ret\u00f8yene.  Til sammenligning var dekket hele 5,13 % mer stilleg\u00e5ende enn konkurrentene.  Sport Master e gir en uanstrengt og behagelig kj\u00f8reopplevelse.  Det demonstrerer ogs\u00e5 perfekt energioptimalisering for elbilenes h\u00f8yere effektbehov enn vanlig. <\/p>\n<p> Dekkene leveres direkte fra partnerens lager.<\/p>","protected":false},"featured_media":31813,"comment_status":"open","ping_status":"open","template":"","meta":[],"product_brand":[],"product_cat":[371],"product_tag":[696,632,156,763,121],"class_list":{"0":"post-37746","1":"product","2":"type-product","3":"status-publish","4":"has-post-thumbnail","6":"product_cat-renkaat","7":"product_tag-kesarengas","8":"product_tag-linglong","9":"product_tag-model-3","10":"product_tag-sport-master-e-sahkoautoihin","11":"product_tag-tesla","13":"first","14":"instock","15":"taxable","16":"shipping-taxable","17":"purchasable","18":"product-type-simple"},"jetpack_sharing_enabled":true,"_links":{"self":[{"href":"http:\/\/www.vempele.fi\/no\/wp-json\/wp\/v2\/product\/37746","targetHints":{"allow":["GET"]}}],"collection":[{"href":"http:\/\/www.vempele.fi\/no\/wp-json\/wp\/v2\/product"}],"about":[{"href":"http:\/\/www.vempele.fi\/no\/wp-json\/wp\/v2\/types\/product"}],"replies":[{"embeddable":true,"href":"http:\/\/www.vempele.fi\/no\/wp-json\/wp\/v2\/comments?post=37746"}],"wp:featuredmedia":[{"embeddable":true,"href":"http:\/\/www.vempele.fi\/no\/wp-json\/wp\/v2\/media\/31813"}],"wp:attachment":[{"href":"http:\/\/www.vempele.fi\/no\/wp-json\/wp\/v2\/media?parent=37746"}],"wp:term":[{"taxonomy":"product_brand","embeddable":true,"href":"http:\/\/www.vempele.fi\/no\/wp-json\/wp\/v2\/product_brand?post=37746"},{"taxonomy":"product_cat","embeddable":true,"href":"http:\/\/www.vempele.fi\/no\/wp-json\/wp\/v2\/product_cat?post=37746"},{"taxonomy":"product_tag","embeddable":true,"href":"http:\/\/www.vempele.fi\/no\/wp-json\/wp\/v2\/product_tag?post=37746"}],"curies":[{"name":"wp","href":"https:\/\/api.w.org\/{rel}","templated":true}]}}