{"id":42333,"date":"2024-10-03T00:00:00","date_gmt":"2024-10-02T21:00:00","guid":{"rendered":"https:\/\/www.vempele.fi\/fi\/tuote\/linglong-crosswind-4x4-hp-235-55r18-100v-tesla-model-y\/"},"modified":"2026-04-18T05:51:13","modified_gmt":"2026-04-18T02:51:13","slug":"linglong-crosswind-4x4-hk-235-55r18-100v-tesla-modell-y","status":"publish","type":"product","link":"http:\/\/www.vempele.fi\/no\/tuote\/linglong-crosswind-4x4-hp-235-55r18-100v-tesla-model-y\/","title":{"rendered":"Linglong Crosswind 4X4 HP 235\/55R18 100V - Tesla Model Y"},"content":{"rendered":"<p>1 Linglong Crosswind 4X4 HP 235\/55-18 100V<\/p>\n<ul>\n<li>EU-merking av dekk<\/li>\n<li>Type: sommerdekk<\/li>\n<li>Tommer: 18<\/li>\n<li>Bredde: 235<\/li>\n<li>Profil: 55<\/li>\n<li>Hastighetskategori: V<\/li>\n<li>Belastningskapasitetsklasse: 100<\/li>\n<li>Dekkklassifisering: <\/li>\n<li>Drivstoff\u00f8konomi: B<\/li>\n<li>Vedlikehold p\u00e5 v\u00e5tt underlag: B<\/li>\n<li>St\u00f8yklassifisering og -intensitet i f\u00f8rerhuset: B - 71 dB<\/li>\n<\/ul>\n<p>&nbsp;<\/p>\n<p>Dekkene leveres direkte fra partnerens lager.<\/p>\n<p><img decoding=\"async\" src=\"\" width=\"300\" \/><\/p>\n<p>Dekkinformasjon hentet fra en partner.<\/p>","protected":false},"excerpt":{"rendered":"<p>Linglong CROSSWIND 4\u00d74 HP - et kraftig og allsidig dekk for SUV-er og CUV-er<br \/>\nLinglong CROSSWIND 4\u00d74 HP er et hel\u00e5rsdekk av h\u00f8y kvalitet som er spesielt utviklet for SUV-er og SUV-er.  Dekket har utmerkede egenskaper p\u00e5 b\u00e5de t\u00f8rre og v\u00e5te veier, noe som gj\u00f8r det til et godt valg for b\u00e5de by- og landeveiskj\u00f8ring.<br \/>\nFunksjoner:<br \/>\n&#13;<br \/>\nSpesiell lamelldesign: forsterkede m\u00f8nsterdeler forbedrer grepet og sikrer presis man\u00f8vrerbarhet under alle forhold.<br \/>\nFire brede hovedspor: effektiv vanndrenering minimerer risikoen for vannsklier, noe som \u00f8ker sikkerheten p\u00e5 v\u00e5te veier.<br \/>\nKontinuerlig midtribbe med lameller: forbedrer kj\u00f8restabiliteten og reduserer st\u00f8yniv\u00e5et, noe som gir en behagelig og stilleg\u00e5ende kj\u00f8reopplevelse.<br \/>\nOptimalisert m\u00f8nstersekvensering: reduserer st\u00f8y og forbedrer kj\u00f8rekomforten, noe som gj\u00f8r reisen behagelig selv p\u00e5 lange reiser.<br \/>\n&#13;<br \/>\nPrestasjoner:<br \/>\n&#13;<br \/>\nUtmerkede kj\u00f8reegenskaper: Linglong CROSSWIND 4\u00d74 HP har presise man\u00f8vreringsegenskaper og kj\u00f8restabilitet, slik at du kan kj\u00f8re trygt b\u00e5de i bytrafikken og p\u00e5 motorveien.<br \/>\nEffektiv drenering: Fire brede hovedriller leder effektivt bort vann, noe som reduserer risikoen for vanns\u00f8l og \u00f8ker sikkerheten under v\u00e5te forhold.<br \/>\nKomfortabel og stilleg\u00e5ende kj\u00f8ring: Optimalisert dekkm\u00f8nster reduserer dekkst\u00f8yen og \u00f8ker kj\u00f8rekomforten, noe som gj\u00f8r kj\u00f8reopplevelsen behagelig.<br \/>\n&#13;<br \/>\nVelg Linglong CROSSWIND 4\u00d74 HP og nyt en trygg og komfortabel kj\u00f8reopplevelse \u00e5ret rundt! <\/p>\n<p> Dekkene leveres direkte fra partnerens lager.<\/p>","protected":false},"featured_media":42335,"comment_status":"open","ping_status":"open","template":"","meta":[],"product_brand":[],"product_cat":[371],"product_tag":[826,696,632,271,121],"class_list":{"0":"post-42333","1":"product","2":"type-product","3":"status-publish","4":"has-post-thumbnail","6":"product_cat-renkaat","7":"product_tag-crosswind-4x4-hp","8":"product_tag-kesarengas","9":"product_tag-linglong","10":"product_tag-model-y","11":"product_tag-tesla","13":"first","14":"instock","15":"taxable","16":"shipping-taxable","17":"purchasable","18":"product-type-simple"},"jetpack_sharing_enabled":true,"_links":{"self":[{"href":"http:\/\/www.vempele.fi\/no\/wp-json\/wp\/v2\/product\/42333","targetHints":{"allow":["GET"]}}],"collection":[{"href":"http:\/\/www.vempele.fi\/no\/wp-json\/wp\/v2\/product"}],"about":[{"href":"http:\/\/www.vempele.fi\/no\/wp-json\/wp\/v2\/types\/product"}],"replies":[{"embeddable":true,"href":"http:\/\/www.vempele.fi\/no\/wp-json\/wp\/v2\/comments?post=42333"}],"wp:featuredmedia":[{"embeddable":true,"href":"http:\/\/www.vempele.fi\/no\/wp-json\/wp\/v2\/media\/42335"}],"wp:attachment":[{"href":"http:\/\/www.vempele.fi\/no\/wp-json\/wp\/v2\/media?parent=42333"}],"wp:term":[{"taxonomy":"product_brand","embeddable":true,"href":"http:\/\/www.vempele.fi\/no\/wp-json\/wp\/v2\/product_brand?post=42333"},{"taxonomy":"product_cat","embeddable":true,"href":"http:\/\/www.vempele.fi\/no\/wp-json\/wp\/v2\/product_cat?post=42333"},{"taxonomy":"product_tag","embeddable":true,"href":"http:\/\/www.vempele.fi\/no\/wp-json\/wp\/v2\/product_tag?post=42333"}],"curies":[{"name":"wp","href":"https:\/\/api.w.org\/{rel}","templated":true}]}}