{"id":43759,"date":"2025-10-28T15:35:20","date_gmt":"2025-10-28T13:35:20","guid":{"rendered":"https:\/\/www.vempele.fi\/?post_type=product&#038;p=43759"},"modified":"2026-04-17T14:05:30","modified_gmt":"2026-04-17T11:05:30","slug":"bakakselbossing-tilbehor-for-tesla-modell-3-y","status":"publish","type":"product","link":"http:\/\/www.vempele.fi\/no\/tuote\/takaolka-akselin-pusla-tarvike-tesla-model-3-y\/","title":{"rendered":"Bakakselgjennomf\u00f8ring - Tilbeh\u00f8r - Tesla Model 3 \/ Y"},"content":{"rendered":"<p>Bakakselgjennomf\u00f8ring - Tilbeh\u00f8r - Tesla Model 3 \/ Y<\/p>\n<ul>\n<li>Egnethet:\n<ul>\n<li>Model 3 Pre-Refresh vm. 2019 - 2021<\/li>\n<li>Model 3 Refresh vm. 2021 - 2023<\/li>\n<li>Modell Y 2020 - 2024<\/li>\n<\/ul>\n<\/li>\n<li>OE reservedel nummer:\n<ul>\n<li>1044427-00-C<\/li>\n<li>1044443-00-D<\/li>\n<li>1188435-00-A<\/li>\n<\/ul>\n<\/li>\n<li>Monteringspunkt: bakaksel<\/li>\n<\/ul>\n<p>&nbsp;<\/p>","protected":false},"excerpt":{"rendered":"<p>B\u00f8ssing for bakakselen. Passer ogs\u00e5 til den fremre \u00f8vre b\u00e6rearmen p\u00e5 bakakselen.<\/p>\n<p>Ved \u00e5 bytte ut b\u00f8ssingen alene kan man ofte unng\u00e5 \u00e5 m\u00e5tte bytte ut en dyrere st\u00f8ttearm hvis det bare er b\u00f8ssingen som er skadet.<\/p>","protected":false},"featured_media":43756,"comment_status":"open","ping_status":"closed","template":"","meta":[],"product_brand":[],"product_cat":[151,154,471,472],"product_tag":[576,156,271,733,834,121,319],"class_list":{"0":"post-43759","1":"product","2":"type-product","3":"status-publish","4":"has-post-thumbnail","6":"product_cat-model-3","7":"product_cat-model-y","8":"product_cat-model-3-varaosat","9":"product_cat-varaosat-model-y","10":"product_tag-hela","11":"product_tag-model-3","12":"product_tag-model-y","13":"product_tag-olka-akseli","14":"product_tag-pusla","15":"product_tag-tesla","16":"product_tag-varaosat","18":"first","19":"instock","20":"taxable","21":"shipping-taxable","22":"purchasable","23":"product-type-simple"},"jetpack_sharing_enabled":true,"_links":{"self":[{"href":"http:\/\/www.vempele.fi\/no\/wp-json\/wp\/v2\/product\/43759","targetHints":{"allow":["GET"]}}],"collection":[{"href":"http:\/\/www.vempele.fi\/no\/wp-json\/wp\/v2\/product"}],"about":[{"href":"http:\/\/www.vempele.fi\/no\/wp-json\/wp\/v2\/types\/product"}],"replies":[{"embeddable":true,"href":"http:\/\/www.vempele.fi\/no\/wp-json\/wp\/v2\/comments?post=43759"}],"wp:featuredmedia":[{"embeddable":true,"href":"http:\/\/www.vempele.fi\/no\/wp-json\/wp\/v2\/media\/43756"}],"wp:attachment":[{"href":"http:\/\/www.vempele.fi\/no\/wp-json\/wp\/v2\/media?parent=43759"}],"wp:term":[{"taxonomy":"product_brand","embeddable":true,"href":"http:\/\/www.vempele.fi\/no\/wp-json\/wp\/v2\/product_brand?post=43759"},{"taxonomy":"product_cat","embeddable":true,"href":"http:\/\/www.vempele.fi\/no\/wp-json\/wp\/v2\/product_cat?post=43759"},{"taxonomy":"product_tag","embeddable":true,"href":"http:\/\/www.vempele.fi\/no\/wp-json\/wp\/v2\/product_tag?post=43759"}],"curies":[{"name":"wp","href":"https:\/\/api.w.org\/{rel}","templated":true}]}}