{"id":45337,"date":"2024-10-03T00:00:00","date_gmt":"2024-10-02T21:00:00","guid":{"rendered":"https:\/\/www.vempele.fi\/tuote\/linglong-sport-master-e-llst-sahkoautoihin-235-45r18-98v-tesla-model-3\/"},"modified":"2026-04-17T18:51:18","modified_gmt":"2026-04-17T15:51:18","slug":"linglong-sport-master-e-llst-for-sagbruk-235-45r18-98v-tesla-model-3","status":"publish","type":"product","link":"http:\/\/www.vempele.fi\/no\/tuote\/linglong-sport-master-e-llst-sahkoautoihin-235-45r18-98v-tesla-model-3\/","title":{"rendered":"Linglong Sport Master e LLST - For elbiler - 235\/45R18 98V - Tesla Model 3"},"content":{"rendered":"<p>1 stk Linglong Sport Master e LLST - For elbiler - 235\/45-18 98V<\/p>\n<ul>\n<li>EU-merking av dekk<\/li>\n<li>Type: sommerdekk<\/li>\n<li>Tommer: 18<\/li>\n<li>Bredde: 235<\/li>\n<li>Profil: 45<\/li>\n<li>Hastighetskategori: V<\/li>\n<li>Belastningsklasse: 98<\/li>\n<li>Dekkklassifisering: C1<\/li>\n<li>Drivstoff\u00f8konomi: A<\/li>\n<li>Vedlikehold p\u00e5 v\u00e5tt underlag: B<\/li>\n<li>St\u00f8yklassifisering og -intensitet i f\u00f8rerhuset: A - 69 dB<\/li>\n<\/ul>\n<p>&nbsp;<\/p>\n<p>Dekkene leveres direkte fra partnerens lager.<\/p>\n<p><img decoding=\"async\" src=\"\" width=\"300\" \/><\/p>\n<p>Dekkinformasjon hentet fra en partner.<\/p>","protected":false},"excerpt":{"rendered":"<p>Det helt nye Linglong Sport Master e er spesielt utviklet for elbiler.  Det har markedets beste energiforbruk i klasse A, den lengste rekkevidden i klasse A, den mest stilleg\u00e5ende lyden i klasse A og opptil 34 % mindre rullemotstand.  Lav rullemotstand er ikke bare et tall - fordelene er blant annet lengre kj\u00f8relengde p\u00e5 \u00e9n lading, lavere energikostnader og bedre milj\u00f8vennlighet.<br \/>\nSport Master e-modellens innovative design gir ekstrem stillhet og holdbarhet for elbilers kraftige ytelse. I en sammenligning var dekket hele 5,13 prosent stillere enn konkurrenten. Sport Master e muliggj\u00f8r en uanstrengt og behagelig kj\u00f8reopplevelse. I tillegg viser det perfekt energioptimalisering for elbilers vanlige h\u00f8yere effektkrav. En versjon utstyrt med den nye Linglong Silent Tech-st\u00f8ydempingen. Linglong Silent Tech reduserer resonans i dekkfordypningen og senker st\u00f8yniv\u00e5et inne i bilen med opptil 6 dB \u2013 en mer behagelig og stillere kj\u00f8reopplevelse, spesielt p\u00e5 ujevne veibaner. \u00a0 <\/p>\n<p> Dekkene leveres direkte fra partnerens lager.<\/p>","protected":false},"featured_media":31813,"comment_status":"open","ping_status":"open","template":"","meta":[],"product_brand":[],"product_cat":[371],"product_tag":[696,632,156,844,121],"class_list":{"0":"post-45337","1":"product","2":"type-product","3":"status-publish","4":"has-post-thumbnail","6":"product_cat-renkaat","7":"product_tag-kesarengas","8":"product_tag-linglong","9":"product_tag-model-3","10":"product_tag-sport-master-e-llst-sahkoautoihin","11":"product_tag-tesla","13":"first","14":"instock","15":"taxable","16":"shipping-taxable","17":"purchasable","18":"product-type-simple"},"jetpack_sharing_enabled":true,"_links":{"self":[{"href":"http:\/\/www.vempele.fi\/no\/wp-json\/wp\/v2\/product\/45337","targetHints":{"allow":["GET"]}}],"collection":[{"href":"http:\/\/www.vempele.fi\/no\/wp-json\/wp\/v2\/product"}],"about":[{"href":"http:\/\/www.vempele.fi\/no\/wp-json\/wp\/v2\/types\/product"}],"replies":[{"embeddable":true,"href":"http:\/\/www.vempele.fi\/no\/wp-json\/wp\/v2\/comments?post=45337"}],"wp:featuredmedia":[{"embeddable":true,"href":"http:\/\/www.vempele.fi\/no\/wp-json\/wp\/v2\/media\/31813"}],"wp:attachment":[{"href":"http:\/\/www.vempele.fi\/no\/wp-json\/wp\/v2\/media?parent=45337"}],"wp:term":[{"taxonomy":"product_brand","embeddable":true,"href":"http:\/\/www.vempele.fi\/no\/wp-json\/wp\/v2\/product_brand?post=45337"},{"taxonomy":"product_cat","embeddable":true,"href":"http:\/\/www.vempele.fi\/no\/wp-json\/wp\/v2\/product_cat?post=45337"},{"taxonomy":"product_tag","embeddable":true,"href":"http:\/\/www.vempele.fi\/no\/wp-json\/wp\/v2\/product_tag?post=45337"}],"curies":[{"name":"wp","href":"https:\/\/api.w.org\/{rel}","templated":true}]}}