{"id":46073,"date":"2024-10-03T00:00:00","date_gmt":"2024-10-02T21:00:00","guid":{"rendered":"https:\/\/www.vempele.fi\/fi\/tuote\/linglong-sport-master-c-s-255-45r19-100v-tesla-model-y-2\/"},"modified":"2026-04-20T13:00:34","modified_gmt":"2026-04-20T10:00:34","slug":"linglong-sport-master-c-s-255-45r19-100v-tesla-modell-y-2","status":"publish","type":"product","link":"http:\/\/www.vempele.fi\/no\/tuote\/linglong-sport-master-c-s-255-45r19-100v-tesla-model-y-2\/","title":{"rendered":"Linglong Sport Master C\/S 255\/45R19 100V - Tesla Model Y"},"content":{"rendered":"<p>1 Linglong Sport Master C\/S 255\/45-19 100V<\/p>\n<ul>\n<li>EU-merking av dekk<\/li>\n<li>Type: sommerdekk<\/li>\n<li>Tommer: 19<\/li>\n<li>Bredde: 255<\/li>\n<li>Profil: 45<\/li>\n<li>Hastighetskategori: V<\/li>\n<li>Belastningskapasitetsklasse: 100<\/li>\n<li>Dekkklassifisering: C1<\/li>\n<li>Drivstoff\u00f8konomi: <\/li>\n<li>Vedlikehold p\u00e5 v\u00e5tt underlag: <\/li>\n<li>Klassifisering av hyttest\u00f8y og intensitet: - dB<\/li>\n<\/ul>\n<p>&nbsp;<\/p>\n<p>Dekkene leveres direkte fra partnerens lager.<\/p>\n<p><img decoding=\"async\" src=\"https:\/\/www.vempele.fi\/wp-content\/uploads\/2025\/04\/Label_2121852.svg\" width=\"300\" \/><\/p>\n<p>Dekkinformasjon hentet fra en partner.<\/p>","protected":false},"excerpt":{"rendered":"<p>Linglong Sport Master C\/S er et h\u00f8ykvalitets og slitesterkt SUV-dekk. A-klasse grep p\u00e5 v\u00e5tt underlag. Utmerkede kj\u00f8reegenskaper som kommer til syne under de varierende sommerforholdene i Norden. M\u00f8nster og gummiblanding er optimalisert ved bruk av den nyeste dekkteknologien. Et utmerket SUV-dekk med den beste balansen mellom pris og kvalitet. MERK! Dekkets sidevegg kan, p\u00e5 grunn av produsentens navnendring, hete enten Sport Master C\/S eller Grip Master C\/S. Begge dekkene er n\u00f8yaktig samme produkt. <\/p>\n<p> Dekkene leveres direkte fra partnerens lager.<\/p>","protected":false},"featured_media":46070,"comment_status":"open","ping_status":"open","template":"","meta":[],"product_brand":[],"product_cat":[371],"product_tag":[696,632,271,845,121],"class_list":{"0":"post-46073","1":"product","2":"type-product","3":"status-publish","4":"has-post-thumbnail","6":"product_cat-renkaat","7":"product_tag-kesarengas","8":"product_tag-linglong","9":"product_tag-model-y","10":"product_tag-sport-master-c-s","11":"product_tag-tesla","13":"first","14":"instock","15":"taxable","16":"shipping-taxable","17":"purchasable","18":"product-type-simple"},"jetpack_sharing_enabled":true,"_links":{"self":[{"href":"http:\/\/www.vempele.fi\/no\/wp-json\/wp\/v2\/product\/46073","targetHints":{"allow":["GET"]}}],"collection":[{"href":"http:\/\/www.vempele.fi\/no\/wp-json\/wp\/v2\/product"}],"about":[{"href":"http:\/\/www.vempele.fi\/no\/wp-json\/wp\/v2\/types\/product"}],"replies":[{"embeddable":true,"href":"http:\/\/www.vempele.fi\/no\/wp-json\/wp\/v2\/comments?post=46073"}],"wp:featuredmedia":[{"embeddable":true,"href":"http:\/\/www.vempele.fi\/no\/wp-json\/wp\/v2\/media\/46070"}],"wp:attachment":[{"href":"http:\/\/www.vempele.fi\/no\/wp-json\/wp\/v2\/media?parent=46073"}],"wp:term":[{"taxonomy":"product_brand","embeddable":true,"href":"http:\/\/www.vempele.fi\/no\/wp-json\/wp\/v2\/product_brand?post=46073"},{"taxonomy":"product_cat","embeddable":true,"href":"http:\/\/www.vempele.fi\/no\/wp-json\/wp\/v2\/product_cat?post=46073"},{"taxonomy":"product_tag","embeddable":true,"href":"http:\/\/www.vempele.fi\/no\/wp-json\/wp\/v2\/product_tag?post=46073"}],"curies":[{"name":"wp","href":"https:\/\/api.w.org\/{rel}","templated":true}]}}