{"id":8999,"date":"2022-01-24T15:59:36","date_gmt":"2022-01-24T13:59:36","guid":{"rendered":"https:\/\/www.vempele.fi\/?post_type=product&#038;p=8999"},"modified":"2026-03-30T13:01:37","modified_gmt":"2026-03-30T10:01:37","slug":"sparkebeskyttelse-bak-foran-tesla-model-3-y","status":"publish","type":"product","link":"http:\/\/www.vempele.fi\/no\/tuote\/etupenkin-takaosan-potkusuoja-tesla-model-3-y\/","title":{"rendered":"Sparkbeskytter bak i forsetet - Tesla Model 3 \/ Y"},"content":{"rendered":"<p>Sparkbeskytteren beskytter baksiden av bilens forsete mot smuss og riper. Produktet er laget av syntetisk skinn og har et oppbevaringsrom for sm\u00e5ting.<\/p>\n<ul>\n<li>Materiale: kunstl\u00e6r<\/li>\n<li>Fargealternativer: svart eller hvit<\/li>\n<li>Pakken inneholder: 2 stk. sparkebeskyttere og braketter<\/li>\n<li>St\u00f8rrelse: ca. 69 x 62 cm<\/li>\n<li>Egnethet:\n<ul>\n<li>Modell Y 2020 - 2024<\/li>\n<li>Modell Y Juniper 2024 -&gt;\n<ul>\n<li><strong>Nei<\/strong> Ytelse<\/li>\n<li><strong>Nei<\/strong> Standard<\/li>\n<\/ul>\n<\/li>\n<li>Model 3 Pre-Refresh vm. 2019 - 2021<\/li>\n<li>Model 3 Refresh vm. 2021 - 2023<\/li>\n<\/ul>\n<\/li>\n<\/ul>\n<p>Instruksjoner for installasjon i produktbildene.<\/p>\n<p>&nbsp;<\/p>","protected":false},"excerpt":{"rendered":"<p>Beskytt forseteryggene p\u00e5 Tesla Model 3 eller Model Y med sparkplater. Bare skyv produktet inn mellom baksetene og fest det fra undersiden ved hjelp av de medf\u00f8lgende klipsene. Resultatet er et spektakul\u00e6rt utseende, og baksetepassasjerene kan bruke lommen i produktet til \u00e5 oppbevare en rekke ulike gjenstander. Trekket er enklere \u00e5 holde rent enn den originale seteryggen - bare t\u00f8rk av eventuelle sparkeflekker med en fuktig klut.<\/p>\n<p>Kickguards er tilgjengelige i de mest popul\u00e6re fargene, svart og hvit. Dette produktet inkluderer beskyttere for b\u00e5de seter og under setet.<\/p>","protected":false},"featured_media":9076,"comment_status":"open","ping_status":"closed","template":"","meta":[],"product_brand":[],"product_cat":[151,154,452,455,480,482,128],"product_tag":[83,242,305,121,120,203],"class_list":{"0":"post-8999","1":"product","2":"type-product","3":"status-publish","4":"has-post-thumbnail","6":"product_cat-model-3","7":"product_cat-model-y","8":"product_cat-m3-tarvikkeet","9":"product_cat-my-tarvikkeet","10":"product_cat-tarvikkeet-sisapuolelle-model-3","11":"product_cat-tarvikkeet-sisapuolelle-model-y","12":"product_cat-tesla-tuotteet","13":"product_tag-autotarvikkeet","14":"product_tag-potkusuoja","15":"product_tag-suojavarusteet","16":"product_tag-tesla","17":"product_tag-tesla-model-3","18":"product_tag-tesla-model-y","20":"first","21":"instock","22":"taxable","23":"shipping-taxable","24":"purchasable","25":"product-type-variable"},"jetpack_sharing_enabled":true,"_links":{"self":[{"href":"http:\/\/www.vempele.fi\/no\/wp-json\/wp\/v2\/product\/8999","targetHints":{"allow":["GET"]}}],"collection":[{"href":"http:\/\/www.vempele.fi\/no\/wp-json\/wp\/v2\/product"}],"about":[{"href":"http:\/\/www.vempele.fi\/no\/wp-json\/wp\/v2\/types\/product"}],"replies":[{"embeddable":true,"href":"http:\/\/www.vempele.fi\/no\/wp-json\/wp\/v2\/comments?post=8999"}],"wp:featuredmedia":[{"embeddable":true,"href":"http:\/\/www.vempele.fi\/no\/wp-json\/wp\/v2\/media\/9076"}],"wp:attachment":[{"href":"http:\/\/www.vempele.fi\/no\/wp-json\/wp\/v2\/media?parent=8999"}],"wp:term":[{"taxonomy":"product_brand","embeddable":true,"href":"http:\/\/www.vempele.fi\/no\/wp-json\/wp\/v2\/product_brand?post=8999"},{"taxonomy":"product_cat","embeddable":true,"href":"http:\/\/www.vempele.fi\/no\/wp-json\/wp\/v2\/product_cat?post=8999"},{"taxonomy":"product_tag","embeddable":true,"href":"http:\/\/www.vempele.fi\/no\/wp-json\/wp\/v2\/product_tag?post=8999"}],"curies":[{"name":"wp","href":"https:\/\/api.w.org\/{rel}","templated":true}]}}