{"id":404,"date":"2018-06-07T09:15:20","date_gmt":"2018-06-07T06:15:20","guid":{"rendered":"https:\/\/www.vempele.fi\/?page_id=404"},"modified":"2020-07-06T13:47:56","modified_gmt":"2020-07-06T10:47:56","slug":"sekretessmeddelande","status":"publish","type":"page","link":"http:\/\/www.vempele.fi\/sv\/yksityisyydensuojatiedote\/","title":{"rendered":"Meddelande om integritet"},"content":{"rendered":"<ul>\n<li><strong>Varf\u00f6r data samlas in<\/strong><\/li>\n<\/ul>\n<p>Vempeles webbutik uppr\u00e4tth\u00e5ller ett kundregister f\u00f6r att hantera kundrelationer. Personuppgifter samlas in i den utstr\u00e4ckning som \u00e4r n\u00f6dv\u00e4ndig f\u00f6r att tillhandah\u00e5lla tj\u00e4nsten till kunderna.<\/p>\n<p>Anonym information samlas in via cookies i syfte att utveckla webbplatsen s\u00e5 att den b\u00e4ttre motsvarar anv\u00e4ndarens behov. Denna information, som inte identifierar kunden, omfattar de \u00e5tg\u00e4rder som anv\u00e4ndaren vidtar p\u00e5 sidan (t.ex. klick), teknisk information (t.ex. webbl\u00e4sare), land och datum.<\/p>\n<ul>\n<li><strong>Vilka personuppgifter som samlas in<\/strong><\/li>\n<\/ul>\n<p>Information som ska samlas in n\u00e4r du skapar ett kund-ID:<\/p>\n<ol>\n<li style=\"text-align: left;\">Namn<\/li>\n<li style=\"text-align: left;\">Adress<\/li>\n<li style=\"text-align: left;\">Telefonnummer<\/li>\n<li style=\"text-align: left;\">E-postadress (den f\u00f6rsta delen av e-postmeddelandet \u00e4r ocks\u00e5 ditt anv\u00e4ndarnamn)<\/li>\n<li style=\"text-align: left;\">L\u00f6senord<\/li>\n<\/ol>\n<p>Din e-postadress och ditt l\u00f6senord kommer att lagras vid registreringen. \u00d6vrig information lagras f\u00f6rst n\u00e4r ordern l\u00e4ggs eller n\u00e4r kunden fyller i sina egna uppgifter p\u00e5 webbplatsen.<\/p>\n<p>Om kunden g\u00f6r en best\u00e4llning utan att registrera sig kommer best\u00e4llningen att lagras f\u00f6r behandling:<\/p>\n<ol>\n<li>Namn<\/li>\n<li>Adress<\/li>\n<li>Telefonnummer<\/li>\n<li>E-postadress<\/li>\n<\/ol>\n<ul>\n<li><strong>Var f\u00e5r jag tag p\u00e5 uppgifterna?<\/strong><\/li>\n<\/ul>\n<p>Informationen samlas in direkt fr\u00e5n kunden i samband med att kunden l\u00e4gger en order eller skapar ett kund-ID. Om kunden kontaktar Vempele via telefon, e-post eller kontaktformul\u00e4r lagras inte denna information l\u00e4ngre \u00e4n anledningen till kontakten.<\/p>\n<p>Anonymiserade uppgifter om bes\u00f6kare p\u00e5 Vempeles webbplats samlas in med hj\u00e4lp av Google Analytics. Denna applikation registrerar information om vilka sidor som bes\u00f6ks, hur l\u00e4nge bes\u00f6karen stannar p\u00e5 webbplatsen, hur bes\u00f6karen kom till webbplatsen och vilka l\u00e4nkar som klickas p\u00e5. Denna information samlas in f\u00f6r att s\u00e4kerst\u00e4lla att webbplatsen uppfyller anv\u00e4ndarens behov.<\/p>\n<ul>\n<li><strong>Hur l\u00e4nge uppgifterna sparas<\/strong><\/li>\n<\/ul>\n<p>Uppgifterna om den registrerade kunden lagras s\u00e5 l\u00e4nge som kundrelationen existerar.<\/p>\n<p>Uppgifter som l\u00e4mnas av en icke registrerad kund i syfte att behandla en order kommer att lagras i h\u00f6gst 365 dagar. Uppgifterna lagras f\u00f6r att best\u00e4llningen ska kunna kontrolleras i efterhand p\u00e5 kundens beg\u00e4ran.<\/p>\n<ul>\n<li><strong>Mottagare av personuppgifter<\/strong><\/li>\n<\/ul>\n<p>Personuppgifter som finns i registret kommer endast att l\u00e4mnas ut till tredje part vid behov, enligt f\u00f6ljande:<\/p>\n<p>a) F\u00f6r att tillhandah\u00e5lla betalningsinformation f\u00f6r Tj\u00e4nsten till Checkout Finland, v\u00e5r leverant\u00f6r av betalningstj\u00e4nster.<\/p>\n<p>b) till den leveransadress som v\u00e5r transportleverant\u00f6r Shipit Oy Ab har uppgett f\u00f6r leverans av produkterna.<\/p>\n<p>c) Till offentliga myndigheter f\u00f6r beg\u00e4ran om information enligt finsk lag.<\/p>\n<p>d) Till f\u00f6rs\u00e4kringsbolag i syfte att hantera skadest\u00e5ndsanspr\u00e5k.<\/p>\n<ul>\n<li><strong>R\u00e4tt att f\u00e5 tillg\u00e5ng till dina uppgifter<\/strong><\/li>\n<\/ul>\n<p>Kunden har r\u00e4tt att kontrollera sina egna uppgifter i registret. Du kan kontrollera dina personuppgifter genom att logga in i Vempeles webbutik.<\/p>\n<ul>\n<li><strong>R\u00e4tt att beg\u00e4ra r\u00e4ttelse av felaktiga uppgifter eller radering av alla uppgifter<\/strong><\/li>\n<\/ul>\n<p>Kunden har r\u00e4tt att beg\u00e4ra r\u00e4ttelse av felaktig information och kunden kan ocks\u00e5 sj\u00e4lv r\u00e4tta felaktig information efter att ha loggat in p\u00e5 webbplatsen. Kunden har ocks\u00e5 r\u00e4tt att beg\u00e4ra att hans\/hennes personuppgifter tas bort fr\u00e5n registret.<\/p>\n<ul>\n<li><strong>R\u00e4tt till begr\u00e4nsning av behandling<\/strong><\/li>\n<\/ul>\n<p>Kunden har r\u00e4tt att begr\u00e4nsa behandlingen av sina personuppgifter. N\u00e4r kunden har gjort en s\u00e5dan beg\u00e4ran kommer Vempele onlinebutik inte l\u00e4ngre att behandla kundens personuppgifter, s\u00e5vida det inte finns en r\u00e4ttslig grund f\u00f6r behandlingen.<\/p>\n<ul>\n<li><strong>R\u00e4tt att \u00f6verf\u00f6ra uppgifter fr\u00e5n ett system till ett annat<\/strong><\/li>\n<\/ul>\n<p>Kunden har r\u00e4tt att f\u00e5 ut personuppgifter i ett strukturerat format, d\u00e4r kunden kan \u00f6verf\u00f6ra uppgifterna till en annan personuppgiftsansvarig om han eller hon s\u00e5 \u00f6nskar.<\/p>\n<p>Kunden kan kontakta Vempele e-shop i ovanst\u00e5ende fr\u00e5gor via e-post, brev eller genom att anv\u00e4nda kontaktformul\u00e4ret p\u00e5 webbplatsen.<\/p>","protected":false},"excerpt":{"rendered":"<p>Miksi tietoja ker\u00e4t\u00e4\u00e4n Vempele-verkkokauppa yll\u00e4pit\u00e4\u00e4 asiakasrekisteri\u00e4 asiakassuhteiden hoitamiseksi. Henkil\u00f6tietoja ker\u00e4t\u00e4\u00e4n sen verran kuin on tarvetta palvelun tarjoamiseksi asiakkaille. Anonyymeja tietoja ker\u00e4t\u00e4\u00e4n ev\u00e4steiden avulla, jotta voidaan kehitt\u00e4\u00e4 sivuja vastaamaan paremmin k\u00e4ytt\u00e4j\u00e4n tarpeita. T\u00e4llaisia tietoja, joista asiakasta ei voida identifioida, ovat k\u00e4ytt\u00e4j\u00e4n tekem\u00e4t toimet sivulla (kuten klikkaukset), tekniset tiedot (kuten selaimet), maa ja p\u00e4iv\u00e4m\u00e4\u00e4r\u00e4. Mit\u00e4 henkil\u00f6tietoja ker\u00e4t\u00e4\u00e4n [&hellip;]<\/p>\n","protected":false},"author":2,"featured_media":0,"parent":0,"menu_order":0,"comment_status":"closed","ping_status":"closed","template":"","meta":{"footnotes":""},"class_list":["post-404","page","type-page","status-publish","hentry"],"jetpack_sharing_enabled":true,"_links":{"self":[{"href":"http:\/\/www.vempele.fi\/sv\/wp-json\/wp\/v2\/pages\/404","targetHints":{"allow":["GET"]}}],"collection":[{"href":"http:\/\/www.vempele.fi\/sv\/wp-json\/wp\/v2\/pages"}],"about":[{"href":"http:\/\/www.vempele.fi\/sv\/wp-json\/wp\/v2\/types\/page"}],"author":[{"embeddable":true,"href":"http:\/\/www.vempele.fi\/sv\/wp-json\/wp\/v2\/users\/2"}],"replies":[{"embeddable":true,"href":"http:\/\/www.vempele.fi\/sv\/wp-json\/wp\/v2\/comments?post=404"}],"version-history":[{"count":0,"href":"http:\/\/www.vempele.fi\/sv\/wp-json\/wp\/v2\/pages\/404\/revisions"}],"wp:attachment":[{"href":"http:\/\/www.vempele.fi\/sv\/wp-json\/wp\/v2\/media?parent=404"}],"curies":[{"name":"wp","href":"https:\/\/api.w.org\/{rel}","templated":true}]}}