{"id":10711,"date":"2022-04-21T15:40:03","date_gmt":"2022-04-21T12:40:03","guid":{"rendered":"https:\/\/www.vempele.fi\/?post_type=product&#038;p=10711"},"modified":"2026-04-10T19:14:26","modified_gmt":"2026-04-10T16:14:26","slug":"tesla-modell-y-takracken","status":"publish","type":"product","link":"http:\/\/www.vempele.fi\/sv\/tuote\/tesla-model-y-kattotelineet\/","title":{"rendered":"Takr\u00e4cken - Tesla Model Y"},"content":{"rendered":"<p>Enkel installation med hj\u00e4lp av den medf\u00f6ljande guiden.<\/p>\n<p>Paketet inneh\u00e5ller allt du beh\u00f6ver f\u00f6r att installera st\u00e4llningarna. Dessutom ing\u00e5r PPF-remsor (Paint Protection Film) under st\u00e4llets ben f\u00f6r att skydda bilens lack. PPF-filmerna \u00e4r genomskinliga.<\/p>\n<p><b>Ytterligare information:<\/b><\/p>\n<ul>\n<li style=\"list-style-type: none;\">\n<ul>\n<li>Kompatibilitet:\n<ul>\n<li>Tesla Model Y 2020 - 2024<\/li>\n<li>Tesla Model Y Juniper 2025 -&gt;<\/li>\n<\/ul>\n<\/li>\n<li>Enkel installation<\/li>\n<li>Slitstark aluminium<\/li>\n<li>M\u00e5tt p\u00e5 f\u00f6rpackningen: 136 x 16 x 18 cm, 6,9 kg<\/li>\n<li>I paketet ing\u00e5r\n<ul>\n<li>Fixeringsnyckel<\/li>\n<li>Lasth\u00e5llare fram och bak<\/li>\n<li>\u00c4ndstycken f\u00f6r st\u00e4llningar<\/li>\n<li>\"Kuddar\" under st\u00e4llningarnas ben<\/li>\n<li>Fasts\u00e4ttning av muttrar<\/li>\n<li>Viktiga ord<\/li>\n<li>PPF-bandbredd<\/li>\n<li>Guide f\u00f6r fasts\u00e4ttning<\/li>\n<\/ul>\n<\/li>\n<\/ul>\n<\/li>\n<\/ul>\n<p><strong>Uppm\u00e4rksamhet! Takr\u00e4ckena \u00e4r original, inte Tesla original.<\/strong><\/p>\n<p>Du kan ladda ner installationsanvisningarna<strong> <a href=\"https:\/\/www.vempele.fi\/wp-content\/uploads\/2022\/12\/Kattotelineiden-asennusohje.pdf\">H\u00e4r.<\/a><\/strong><\/p>","protected":false},"excerpt":{"rendered":"<p>Takr\u00e4ckena till Model Y finns i en modern f\u00e4rg, svart.<\/p>\n<p>Ett utm\u00e4rkt s\u00e4tt att ytterligare \u00f6ka din transportkapacitet; du kan anv\u00e4nda takr\u00e4ckena f\u00f6r att f\u00e4sta en skidbox eller cykelh\u00e5llare p\u00e5 taket p\u00e5 din Tesla, till exempel.<\/p>\n<p>De \u00e4r ocks\u00e5 bra f\u00f6r att bara byta look.<\/p>\n<p>Obs: dessa takr\u00e4cken \u00e4r de ursprungliga, inte de ursprungliga.<\/p>\n<p>Du kan ladda ner installationsanvisningarna<strong> <a href=\"https:\/\/www.vempele.fi\/wp-content\/uploads\/2022\/12\/Kattotelineiden-asennusohje.pdf\">H\u00e4r.<\/a><\/strong><\/p>\n<p><strong>Nu finns en ny, l\u00e5sbar modell!<\/strong><\/p>","protected":false},"featured_media":10725,"comment_status":"open","ping_status":"closed","template":"","meta":[],"product_brand":[838],"product_cat":[154,455,483,128],"product_tag":[83,365,271,121,203],"class_list":{"0":"post-10711","1":"product","2":"type-product","3":"status-publish","4":"has-post-thumbnail","6":"product_brand-teslaasi","7":"product_cat-model-y","8":"product_cat-my-tarvikkeet","9":"product_cat-tarvikkeet-ulkopuolelle-model-y","10":"product_cat-tesla-tuotteet","11":"product_tag-autotarvikkeet","12":"product_tag-kattotelineet","13":"product_tag-model-y","14":"product_tag-tesla","15":"product_tag-tesla-model-y","17":"first","18":"instock","19":"taxable","20":"shipping-taxable","21":"purchasable","22":"product-type-simple"},"jetpack_sharing_enabled":true,"_links":{"self":[{"href":"http:\/\/www.vempele.fi\/sv\/wp-json\/wp\/v2\/product\/10711","targetHints":{"allow":["GET"]}}],"collection":[{"href":"http:\/\/www.vempele.fi\/sv\/wp-json\/wp\/v2\/product"}],"about":[{"href":"http:\/\/www.vempele.fi\/sv\/wp-json\/wp\/v2\/types\/product"}],"replies":[{"embeddable":true,"href":"http:\/\/www.vempele.fi\/sv\/wp-json\/wp\/v2\/comments?post=10711"}],"wp:featuredmedia":[{"embeddable":true,"href":"http:\/\/www.vempele.fi\/sv\/wp-json\/wp\/v2\/media\/10725"}],"wp:attachment":[{"href":"http:\/\/www.vempele.fi\/sv\/wp-json\/wp\/v2\/media?parent=10711"}],"wp:term":[{"taxonomy":"product_brand","embeddable":true,"href":"http:\/\/www.vempele.fi\/sv\/wp-json\/wp\/v2\/product_brand?post=10711"},{"taxonomy":"product_cat","embeddable":true,"href":"http:\/\/www.vempele.fi\/sv\/wp-json\/wp\/v2\/product_cat?post=10711"},{"taxonomy":"product_tag","embeddable":true,"href":"http:\/\/www.vempele.fi\/sv\/wp-json\/wp\/v2\/product_tag?post=10711"}],"curies":[{"name":"wp","href":"https:\/\/api.w.org\/{rel}","templated":true}]}}