{"id":20422,"date":"2023-06-29T14:56:22","date_gmt":"2023-06-29T11:56:22","guid":{"rendered":"https:\/\/www.vempele.fi\/?post_type=product&#038;p=20422"},"modified":"2026-04-03T14:10:44","modified_gmt":"2026-04-03T11:10:44","slug":"glasskydd-bak-nayton-tesla-model-3-y","status":"publish","type":"product","link":"http:\/\/www.vempele.fi\/sv\/tuote\/lasikotelo-nayton-taakse-tesla-model-3-y\/","title":{"rendered":"Glash\u00f6lje bakom sk\u00e4rmen - Tesla Model 3 \/ Y"},"content":{"rendered":"<p>Glash\u00f6lje bakom sk\u00e4rmen - Tesla Model 3 \/ Y<\/p>\n<ul>\n<li>Material: ABS-plast<\/li>\n<li>F\u00e4rg: Matt kolfiberfinish, svart bas<\/li>\n<li>Storlek: 27 x 10 x 8 cm<\/li>\n<li>Vikt: 0,210 kg<\/li>\n<li>L\u00e4mplighet:\n<ul>\n<li>Modell Y 2021 - 2024<\/li>\n<li>Model 3 Pre-Refresh vm. 2019 - 2021<\/li>\n<li>Modell 3 Uppdatering vm. 2021 - 2023<\/li>\n<\/ul>\n<\/li>\n<li>Installation: bakom Model Y:s peksk\u00e4rm<\/li>\n<\/ul>","protected":false},"excerpt":{"rendered":"<p>Glash\u00f6lje bakom sk\u00e4rmen - med kolfiberm\u00f6nster - Tesla Model 3\/Y. Det kolfiberm\u00f6nstrade h\u00f6ljet h\u00e5lls p\u00e5 plats av magneter p\u00e5 kanterna. Skyddet f\u00f6ljer med dig \u00e4ven n\u00e4r du k\u00f6r fortare och glas\u00f6gonen h\u00e5lls snyggt p\u00e5 plats inuti skyddet. Fodralet levereras ocks\u00e5 med sj\u00e4lvh\u00e4ftande tejp f\u00f6r att h\u00e5lla produkten p\u00e5 plats exakt. Ett praktiskt k\u00f6p f\u00f6r glas\u00f6gon- och solglas\u00f6gonb\u00e4rare.<\/p>","protected":false},"featured_media":20636,"comment_status":"open","ping_status":"closed","template":"","meta":[],"product_brand":[],"product_cat":[154,455,480,482,128],"product_tag":[461,156,271,23,121],"class_list":{"0":"post-20422","1":"product","2":"type-product","3":"status-publish","4":"has-post-thumbnail","6":"product_cat-model-y","7":"product_cat-my-tarvikkeet","8":"product_cat-tarvikkeet-sisapuolelle-model-3","9":"product_cat-tarvikkeet-sisapuolelle-model-y","10":"product_cat-tesla-tuotteet","11":"product_tag-lasikotelo","12":"product_tag-model-3","13":"product_tag-model-y","14":"product_tag-naytto","15":"product_tag-tesla","17":"first","18":"instock","19":"taxable","20":"shipping-taxable","21":"purchasable","22":"product-type-simple"},"jetpack_sharing_enabled":true,"_links":{"self":[{"href":"http:\/\/www.vempele.fi\/sv\/wp-json\/wp\/v2\/product\/20422","targetHints":{"allow":["GET"]}}],"collection":[{"href":"http:\/\/www.vempele.fi\/sv\/wp-json\/wp\/v2\/product"}],"about":[{"href":"http:\/\/www.vempele.fi\/sv\/wp-json\/wp\/v2\/types\/product"}],"replies":[{"embeddable":true,"href":"http:\/\/www.vempele.fi\/sv\/wp-json\/wp\/v2\/comments?post=20422"}],"wp:featuredmedia":[{"embeddable":true,"href":"http:\/\/www.vempele.fi\/sv\/wp-json\/wp\/v2\/media\/20636"}],"wp:attachment":[{"href":"http:\/\/www.vempele.fi\/sv\/wp-json\/wp\/v2\/media?parent=20422"}],"wp:term":[{"taxonomy":"product_brand","embeddable":true,"href":"http:\/\/www.vempele.fi\/sv\/wp-json\/wp\/v2\/product_brand?post=20422"},{"taxonomy":"product_cat","embeddable":true,"href":"http:\/\/www.vempele.fi\/sv\/wp-json\/wp\/v2\/product_cat?post=20422"},{"taxonomy":"product_tag","embeddable":true,"href":"http:\/\/www.vempele.fi\/sv\/wp-json\/wp\/v2\/product_tag?post=20422"}],"curies":[{"name":"wp","href":"https:\/\/api.w.org\/{rel}","templated":true}]}}