{"id":27952,"date":"2024-04-25T18:30:51","date_gmt":"2024-04-25T15:30:51","guid":{"rendered":"https:\/\/www.vempele.fi\/?post_type=product&#038;p=27952"},"modified":"2025-10-22T15:59:46","modified_gmt":"2025-10-22T12:59:46","slug":"framre-bromsskiva-delphi-tesla-modell-3","status":"publish","type":"product","link":"http:\/\/www.vempele.fi\/sv\/tuote\/jarrulevy-eteen-delphi-tesla-model-3\/","title":{"rendered":"Fr\u00e4mre bromsskiva DELPHI - Tesla Model 3"},"content":{"rendered":"<ul>\n<li>Tillverkare: DELPHI<\/li>\n<li>Tillverkarens produktnummer: BG9369C<\/li>\n<li>OE-referensnummer som tillhandah\u00e5lls av tillverkaren:\n<ul>\n<li>1044611-00-D<\/li>\n<\/ul>\n<\/li>\n<li>Yttre diameter: 320 mm<\/li>\n<li>Tjocklek: 25 mm<\/li>\n<li>Centreringsh\u00e5lets diameter: 70,1 mm<\/li>\n<li>H\u00f6jd: 68 mm<\/li>\n<li>Installation: framaxel<\/li>\n<li>Vikt: ca 5 kg<\/li>\n<\/ul>\n<p><strong>Inte l\u00e4mplig f\u00f6r Performance-modellen.<\/strong><\/p>\n<p>Byt alltid ut b\u00e5da skivorna p\u00e5 samma axel!<\/p>\n<p>&nbsp;<\/p>","protected":false},"excerpt":{"rendered":"<p>Bromsskiva fr\u00e5n DEPLHI till Tesla Model 3 (ingen prestanda). Byt alltid ut b\u00e5da skivorna p\u00e5 samma axel!<\/p>\n<p>L\u00e4mplighet:<\/p>\n<ul>\n<li>Modell 3: 2016 \u00e5rs modeller -&gt;<\/li>\n<li>Modell Y: 2020 \u00e5rs modeller -&gt;<\/li>\n<\/ul>","protected":false},"featured_media":27955,"comment_status":"open","ping_status":"closed","template":"","meta":[],"product_brand":[],"product_cat":[151,471],"product_tag":[639,638,156,121,319],"class_list":{"0":"post-27952","1":"product","2":"type-product","3":"status-publish","4":"has-post-thumbnail","6":"product_cat-model-3","7":"product_cat-model-3-varaosat","8":"product_tag-jarrulevy","9":"product_tag-levyjarru","10":"product_tag-model-3","11":"product_tag-tesla","12":"product_tag-varaosat","14":"first","15":"instock","16":"taxable","17":"shipping-taxable","18":"purchasable","19":"product-type-simple"},"jetpack_sharing_enabled":true,"_links":{"self":[{"href":"http:\/\/www.vempele.fi\/sv\/wp-json\/wp\/v2\/product\/27952","targetHints":{"allow":["GET"]}}],"collection":[{"href":"http:\/\/www.vempele.fi\/sv\/wp-json\/wp\/v2\/product"}],"about":[{"href":"http:\/\/www.vempele.fi\/sv\/wp-json\/wp\/v2\/types\/product"}],"replies":[{"embeddable":true,"href":"http:\/\/www.vempele.fi\/sv\/wp-json\/wp\/v2\/comments?post=27952"}],"wp:featuredmedia":[{"embeddable":true,"href":"http:\/\/www.vempele.fi\/sv\/wp-json\/wp\/v2\/media\/27955"}],"wp:attachment":[{"href":"http:\/\/www.vempele.fi\/sv\/wp-json\/wp\/v2\/media?parent=27952"}],"wp:term":[{"taxonomy":"product_brand","embeddable":true,"href":"http:\/\/www.vempele.fi\/sv\/wp-json\/wp\/v2\/product_brand?post=27952"},{"taxonomy":"product_cat","embeddable":true,"href":"http:\/\/www.vempele.fi\/sv\/wp-json\/wp\/v2\/product_cat?post=27952"},{"taxonomy":"product_tag","embeddable":true,"href":"http:\/\/www.vempele.fi\/sv\/wp-json\/wp\/v2\/product_tag?post=27952"}],"curies":[{"name":"wp","href":"https:\/\/api.w.org\/{rel}","templated":true}]}}