{"id":31907,"date":"2024-10-04T00:00:00","date_gmt":"2024-10-03T21:00:00","guid":{"rendered":"https:\/\/www.vempele.fi\/fi\/?post_type=product&#038;p=31907"},"modified":"2026-04-01T15:51:08","modified_gmt":"2026-04-01T12:51:08","slug":"linglong-nord-master-testimenestys-235-45r18-98t-tesla-modell-3","status":"publish","type":"product","link":"http:\/\/www.vempele.fi\/sv\/tuote\/linglong-nord-master-testimenestys-235-45r18-98t-tesla-model-3\/","title":{"rendered":"Linglong Nord M\u00e4stare TESTIMENESTYS! 235\/45R18 98T - Tesla Model 3"},"content":{"rendered":"<p>1 st Linglong Nord Master TEST TEST! 235\/45-18 98T<\/p>\n<ul>\n<li>EU:s d\u00e4ckm\u00e4rkning<\/li>\n<li>Typ: friktionsring<\/li>\n<li>Tum: 18<\/li>\n<li>Bredd: 235<\/li>\n<li>Profil: 45<\/li>\n<li>Hastighetskategori: T<\/li>\n<li>Belastningsklass: 98<\/li>\n<li>Klassificering av d\u00e4ck: <\/li>\n<li>Br\u00e4nsleekonomi: <\/li>\n<li>Underh\u00e5ll av v\u00e5tutrymmen: <\/li>\n<li>Klassificering av ljud fr\u00e5n ratten:\u00a0 <\/li>\n<\/ul>\n<p>&nbsp;<\/p>\n<p>D\u00e4cken levereras direkt fr\u00e5n partnerns lager.<\/p>\n<p><img decoding=\"async\" src=\"https:\/\/www.vempele.fi\/wp-content\/uploads\/2024\/10\/Label_1080872.svg\" width=\"300\" \/><\/p>\n<p>D\u00e4ckinformation h\u00e4mtad fr\u00e5n en partner.<\/p>","protected":false},"excerpt":{"rendered":"<p>Linglong Nord Master - testvinnaren Linglong Nord Master \u00e4r ett nytt friktionsd\u00e4ck med h\u00f6g prestanda och testvinnare.  Nord Masters fantastiska testresultat var bara 0,8 po\u00e4ng fr\u00e5n vinnaren - trots att det \u00e4r n\u00e4stan 40 % billigare.  Linglongs framg\u00e5ng \u00e4r anm\u00e4rkningsv\u00e4rd: det slogs av stora konkurrenter som Bridgestone Blizzak Ice.  Dessutom var Nord Master det tystaste d\u00e4cket i Test World-testet i Ivalo (delad 1:a plats).  Linglong Nord Master \u00e4r speciellt framtaget f\u00f6r vinterf\u00f6rh\u00e5llanden i de nordiska l\u00e4nderna.  D\u00e4cket kan med r\u00e4tta kallas m\u00e4stare p\u00e5 nordiska vinterf\u00f6rh\u00e5llanden - den senaste toppmoderna tekniken har anv\u00e4nts vid konstruktionen f\u00f6r att optimera d\u00e4cket f\u00f6r utmanande vinterf\u00f6rh\u00e5llanden.  \"LINGLONG HAR BRA TID P\u00c5 ISEN\" Aftonbladet 26. 9. 2020<br \/>\n&#13;<br \/>\nLinglong \u00e4r allm\u00e4nt ansedd som den kinesiska d\u00e4cktillverkaren av h\u00f6gsta kvalitet.  Det \u00e4r framf\u00f6r allt de spektakul\u00e4ra test- och f\u00f6rs\u00e4ljningsframg\u00e5ngarna f\u00f6r Linglongs flaggskeppsprodukt, GreenMax-d\u00e4ckfamiljen, som har skapat ett starkt varum\u00e4rkesrykte i hela Europa.  Linglong har seglat upp p\u00e5 f\u00f6rsta plats p\u00e5 den finska d\u00e4cklistan tack vare utm\u00e4rkt kundn\u00f6jdhet och marknadens b\u00e4sta valuta f\u00f6r pengarna.<br \/>\n\u00a0 <\/p>\n<p>D\u00e4cken levereras direkt fr\u00e5n partnerns lager.<\/p>","protected":false},"featured_media":31909,"comment_status":"open","ping_status":"open","template":"","meta":[],"product_brand":[],"product_cat":[371],"product_tag":[704,632,156,705,121],"class_list":{"0":"post-31907","1":"product","2":"type-product","3":"status-publish","4":"has-post-thumbnail","6":"product_cat-renkaat","7":"product_tag-kitkarengas","8":"product_tag-linglong","9":"product_tag-model-3","10":"product_tag-nord-master-testimenestys","11":"product_tag-tesla","13":"first","14":"instock","15":"taxable","16":"shipping-taxable","17":"purchasable","18":"product-type-simple"},"jetpack_sharing_enabled":true,"_links":{"self":[{"href":"http:\/\/www.vempele.fi\/sv\/wp-json\/wp\/v2\/product\/31907","targetHints":{"allow":["GET"]}}],"collection":[{"href":"http:\/\/www.vempele.fi\/sv\/wp-json\/wp\/v2\/product"}],"about":[{"href":"http:\/\/www.vempele.fi\/sv\/wp-json\/wp\/v2\/types\/product"}],"replies":[{"embeddable":true,"href":"http:\/\/www.vempele.fi\/sv\/wp-json\/wp\/v2\/comments?post=31907"}],"wp:featuredmedia":[{"embeddable":true,"href":"http:\/\/www.vempele.fi\/sv\/wp-json\/wp\/v2\/media\/31909"}],"wp:attachment":[{"href":"http:\/\/www.vempele.fi\/sv\/wp-json\/wp\/v2\/media?parent=31907"}],"wp:term":[{"taxonomy":"product_brand","embeddable":true,"href":"http:\/\/www.vempele.fi\/sv\/wp-json\/wp\/v2\/product_brand?post=31907"},{"taxonomy":"product_cat","embeddable":true,"href":"http:\/\/www.vempele.fi\/sv\/wp-json\/wp\/v2\/product_cat?post=31907"},{"taxonomy":"product_tag","embeddable":true,"href":"http:\/\/www.vempele.fi\/sv\/wp-json\/wp\/v2\/product_tag?post=31907"}],"curies":[{"name":"wp","href":"https:\/\/api.w.org\/{rel}","templated":true}]}}