{"id":38453,"date":"2025-06-21T13:01:02","date_gmt":"2025-06-21T10:01:02","guid":{"rendered":"https:\/\/www.vempele.fi\/?post_type=product&#038;p=38453"},"modified":"2026-04-16T09:59:53","modified_gmt":"2026-04-16T06:59:53","slug":"forvaringslada-under-satet-tesla-modell-y","status":"publish","type":"product","link":"http:\/\/www.vempele.fi\/sv\/tuote\/sailytyslaatikko-istuimen-alle-tesla-model-y\/","title":{"rendered":"F\u00f6rvaringsl\u00e5da under s\u00e4tet - Tesla Model Y"},"content":{"rendered":"<p>F\u00f6rvaringsl\u00e5da under s\u00e4tet - Tesla Model Y<\/p>\n<ul>\n<li>F\u00e4rg: Svart<\/li>\n<li>L\u00e4mplighet:\n<ul>\n<li>Modell Y 2020 - 2024<\/li>\n<\/ul>\n<\/li>\n<li>Material: plast + filtyta<\/li>\n<\/ul>","protected":false},"excerpt":{"rendered":"<p>F\u00f6rvaringsl\u00e5da under s\u00e4tet - Tesla Model Y<\/p>\n<p>Praktisk f\u00f6rvaringsl\u00e5da under s\u00e4tet. Plast\u00f6verdragen med filt. Med den h\u00e4r produkten kan du anv\u00e4nda ditt spillutrymme p\u00e5 ett bra s\u00e4tt!<\/p>","protected":false},"featured_media":38458,"comment_status":"open","ping_status":"closed","template":"","meta":[],"product_brand":[],"product_cat":[154,455,482,128],"product_tag":[788,461,271,121],"class_list":{"0":"post-38453","1":"product","2":"type-product","3":"status-publish","4":"has-post-thumbnail","6":"product_cat-model-y","7":"product_cat-my-tarvikkeet","8":"product_cat-tarvikkeet-sisapuolelle-model-y","9":"product_cat-tesla-tuotteet","10":"product_tag-kannykkakotelo","11":"product_tag-lasikotelo","12":"product_tag-model-y","13":"product_tag-tesla","15":"first","16":"instock","17":"taxable","18":"shipping-taxable","19":"purchasable","20":"product-type-simple"},"jetpack_sharing_enabled":true,"_links":{"self":[{"href":"http:\/\/www.vempele.fi\/sv\/wp-json\/wp\/v2\/product\/38453","targetHints":{"allow":["GET"]}}],"collection":[{"href":"http:\/\/www.vempele.fi\/sv\/wp-json\/wp\/v2\/product"}],"about":[{"href":"http:\/\/www.vempele.fi\/sv\/wp-json\/wp\/v2\/types\/product"}],"replies":[{"embeddable":true,"href":"http:\/\/www.vempele.fi\/sv\/wp-json\/wp\/v2\/comments?post=38453"}],"wp:featuredmedia":[{"embeddable":true,"href":"http:\/\/www.vempele.fi\/sv\/wp-json\/wp\/v2\/media\/38458"}],"wp:attachment":[{"href":"http:\/\/www.vempele.fi\/sv\/wp-json\/wp\/v2\/media?parent=38453"}],"wp:term":[{"taxonomy":"product_brand","embeddable":true,"href":"http:\/\/www.vempele.fi\/sv\/wp-json\/wp\/v2\/product_brand?post=38453"},{"taxonomy":"product_cat","embeddable":true,"href":"http:\/\/www.vempele.fi\/sv\/wp-json\/wp\/v2\/product_cat?post=38453"},{"taxonomy":"product_tag","embeddable":true,"href":"http:\/\/www.vempele.fi\/sv\/wp-json\/wp\/v2\/product_tag?post=38453"}],"curies":[{"name":"wp","href":"https:\/\/api.w.org\/{rel}","templated":true}]}}