{"id":42599,"date":"2024-10-04T00:00:00","date_gmt":"2024-10-03T21:00:00","guid":{"rendered":"https:\/\/www.vempele.fi\/fi\/tuote\/hankook-winter-icept-iz3-w636-245-45r19-102h-tesla-model-s\/"},"modified":"2026-04-01T14:51:15","modified_gmt":"2026-04-01T11:51:15","slug":"hankook-winter-icept-iz3-w636-245-45r19-102h-tesla-model-s","status":"publish","type":"product","link":"http:\/\/www.vempele.fi\/sv\/tuote\/hankook-winter-icept-iz3-w636-245-45r19-102h-tesla-model-s\/","title":{"rendered":"Hankook WINTER I*CEPT IZ3 W636 245\/45R19 102H - Tesla Model S"},"content":{"rendered":"<p>1 st Hankook WINTER I*CEPT IZ3 W636 245\/45-19 102H<\/p>\n<ul>\n<li>EU:s d\u00e4ckm\u00e4rkning<\/li>\n<li>Typ: friktionsring<\/li>\n<li>Tum: 19<\/li>\n<li>Bredd: 245<\/li>\n<li>Profil: 45<\/li>\n<li>Hastighetskategori: H<\/li>\n<li>Lastkapacitetsklass: 102<\/li>\n<li>Klassificering av d\u00e4ck: <\/li>\n<li>Br\u00e4nsleekonomi: <\/li>\n<li>Underh\u00e5ll av v\u00e5tutrymmen: <\/li>\n<li>Klassificering av ljud fr\u00e5n ratten:\u00a0 <\/li>\n<\/ul>\n<p>&nbsp;<\/p>\n<p>D\u00e4cken levereras direkt fr\u00e5n partnerns lager.<\/p>\n<p><img decoding=\"async\" src=\"\" width=\"300\" \/><\/p>\n<p>D\u00e4ckinformation h\u00e4mtad fr\u00e5n en partner.<\/p>","protected":false},"excerpt":{"rendered":"<p>D\u00e4cken levereras direkt fr\u00e5n partnerns lager.<\/p>","protected":false},"featured_media":42600,"comment_status":"open","ping_status":"open","template":"","meta":[],"product_brand":[],"product_cat":[371],"product_tag":[629,704,172,121,828],"class_list":{"0":"post-42599","1":"product","2":"type-product","3":"status-publish","4":"has-post-thumbnail","6":"product_cat-renkaat","7":"product_tag-hankook","8":"product_tag-kitkarengas","9":"product_tag-model-s","10":"product_tag-tesla","11":"product_tag-winter-icept-iz3-w636","13":"first","14":"instock","15":"taxable","16":"shipping-taxable","17":"purchasable","18":"product-type-simple"},"jetpack_sharing_enabled":true,"_links":{"self":[{"href":"http:\/\/www.vempele.fi\/sv\/wp-json\/wp\/v2\/product\/42599","targetHints":{"allow":["GET"]}}],"collection":[{"href":"http:\/\/www.vempele.fi\/sv\/wp-json\/wp\/v2\/product"}],"about":[{"href":"http:\/\/www.vempele.fi\/sv\/wp-json\/wp\/v2\/types\/product"}],"replies":[{"embeddable":true,"href":"http:\/\/www.vempele.fi\/sv\/wp-json\/wp\/v2\/comments?post=42599"}],"wp:featuredmedia":[{"embeddable":true,"href":"http:\/\/www.vempele.fi\/sv\/wp-json\/wp\/v2\/media\/42600"}],"wp:attachment":[{"href":"http:\/\/www.vempele.fi\/sv\/wp-json\/wp\/v2\/media?parent=42599"}],"wp:term":[{"taxonomy":"product_brand","embeddable":true,"href":"http:\/\/www.vempele.fi\/sv\/wp-json\/wp\/v2\/product_brand?post=42599"},{"taxonomy":"product_cat","embeddable":true,"href":"http:\/\/www.vempele.fi\/sv\/wp-json\/wp\/v2\/product_cat?post=42599"},{"taxonomy":"product_tag","embeddable":true,"href":"http:\/\/www.vempele.fi\/sv\/wp-json\/wp\/v2\/product_tag?post=42599"}],"curies":[{"name":"wp","href":"https:\/\/api.w.org\/{rel}","templated":true}]}}