{"id":45337,"date":"2024-10-03T00:00:00","date_gmt":"2024-10-02T21:00:00","guid":{"rendered":"https:\/\/www.vempele.fi\/tuote\/linglong-sport-master-e-llst-sahkoautoihin-235-45r18-98v-tesla-model-3\/"},"modified":"2026-04-17T18:51:18","modified_gmt":"2026-04-17T15:51:18","slug":"linglong-sport-master-e-llst-for-sagverk-235-45r18-98v-tesla-modell-3","status":"publish","type":"product","link":"http:\/\/www.vempele.fi\/sv\/tuote\/linglong-sport-master-e-llst-sahkoautoihin-235-45r18-98v-tesla-model-3\/","title":{"rendered":"Linglong Sport Master e LLST - F\u00f6r elbilar- 235\/45R18 98V - Tesla Model 3"},"content":{"rendered":"<p>1 st Linglong Sport Master e LLST - F\u00f6r elbilar- 235\/45-18 98V<\/p>\n<ul>\n<li>EU:s d\u00e4ckm\u00e4rkning<\/li>\n<li>Typ: sommard\u00e4ck<\/li>\n<li>Tum: 18<\/li>\n<li>Bredd: 235<\/li>\n<li>Profil: 45<\/li>\n<li>Hastighetskategori: V<\/li>\n<li>Belastningsklass: 98<\/li>\n<li>D\u00e4ckklassificering: C1<\/li>\n<li>Br\u00e4nsleekonomi: A<\/li>\n<li>V\u00e5t underh\u00e5ll: B<\/li>\n<li>Ljudniv\u00e5 och intensitet i hytten: A - 69dB<\/li>\n<\/ul>\n<p>&nbsp;<\/p>\n<p>D\u00e4cken levereras direkt fr\u00e5n partnerns lager.<\/p>\n<p><img decoding=\"async\" src=\"\" width=\"300\" \/><\/p>\n<p>D\u00e4ckinformation h\u00e4mtad fr\u00e5n en partner.<\/p>","protected":false},"excerpt":{"rendered":"<p>Det helt nya Linglong Sport Master e \u00e4r speciellt framtaget f\u00f6r elbilar.  Den erbjuder marknadens b\u00e4sta energif\u00f6rbrukning i klass A, den l\u00e4ngsta r\u00e4ckvidden i klass A, det tystaste ljudet i klass A och upp till 34% l\u00e4gre rullmotst\u00e5nd.  L\u00e5gt rullmotst\u00e5nd \u00e4r inte bara en siffra - f\u00f6rdelarna \u00e4r bland annat l\u00e4ngre k\u00f6rstr\u00e4ckor p\u00e5 en enda laddning, l\u00e4gre energikostnader och f\u00f6rb\u00e4ttrad milj\u00f6v\u00e4nlighet.<br \/>\nSport\u00a0Master\u00a0e\u00a0-mallin innovatiivinen suunnittelu tarjoaa \u00e4\u00e4rimm\u00e4ist\u00e4 hiljaisuutta ja kest\u00e4vyytt\u00e4 s\u00e4hk\u00f6autojen voimakkaille suorituskyvyille.  Vertailussa rengas oli per\u00e4ti 5,13 prosenttia hiljaisempi kuin kilpailija. \u00a0Sport\u00a0Master\u00a0e\u00a0mahdollistaa vaivattoman ja nautinnollisen ajokokemuksen.  Lis\u00e4ksi se osoittaa t\u00e4ydellist\u00e4 energiaoptimointia s\u00e4hk\u00f6autojen tavallista suurempiin tehovaatimuksiin. Uudella Linglong Silent Tech -\u00e4\u00e4nenvaimennuksella varustettu versio. \u00a0Linglong Silent Tech v\u00e4hent\u00e4\u00e4 rengaskuopan resonanssia ja alentaa auton sis\u00e4ist\u00e4 melutasoa jopa 6 dB \u2013 miellytt\u00e4v\u00e4mpi ja hiljaisempi ajokokemus erityisesti ep\u00e4tasaisilla tienpinnoilla. \u00a0 <\/p>\n<p> D\u00e4cken levereras direkt fr\u00e5n partnerns lager.<\/p>","protected":false},"featured_media":31813,"comment_status":"open","ping_status":"open","template":"","meta":[],"product_brand":[],"product_cat":[371],"product_tag":[696,632,156,844,121],"class_list":{"0":"post-45337","1":"product","2":"type-product","3":"status-publish","4":"has-post-thumbnail","6":"product_cat-renkaat","7":"product_tag-kesarengas","8":"product_tag-linglong","9":"product_tag-model-3","10":"product_tag-sport-master-e-llst-sahkoautoihin","11":"product_tag-tesla","13":"first","14":"instock","15":"taxable","16":"shipping-taxable","17":"purchasable","18":"product-type-simple"},"jetpack_sharing_enabled":true,"_links":{"self":[{"href":"http:\/\/www.vempele.fi\/sv\/wp-json\/wp\/v2\/product\/45337","targetHints":{"allow":["GET"]}}],"collection":[{"href":"http:\/\/www.vempele.fi\/sv\/wp-json\/wp\/v2\/product"}],"about":[{"href":"http:\/\/www.vempele.fi\/sv\/wp-json\/wp\/v2\/types\/product"}],"replies":[{"embeddable":true,"href":"http:\/\/www.vempele.fi\/sv\/wp-json\/wp\/v2\/comments?post=45337"}],"wp:featuredmedia":[{"embeddable":true,"href":"http:\/\/www.vempele.fi\/sv\/wp-json\/wp\/v2\/media\/31813"}],"wp:attachment":[{"href":"http:\/\/www.vempele.fi\/sv\/wp-json\/wp\/v2\/media?parent=45337"}],"wp:term":[{"taxonomy":"product_brand","embeddable":true,"href":"http:\/\/www.vempele.fi\/sv\/wp-json\/wp\/v2\/product_brand?post=45337"},{"taxonomy":"product_cat","embeddable":true,"href":"http:\/\/www.vempele.fi\/sv\/wp-json\/wp\/v2\/product_cat?post=45337"},{"taxonomy":"product_tag","embeddable":true,"href":"http:\/\/www.vempele.fi\/sv\/wp-json\/wp\/v2\/product_tag?post=45337"}],"curies":[{"name":"wp","href":"https:\/\/api.w.org\/{rel}","templated":true}]}}