{"id":46073,"date":"2024-10-03T00:00:00","date_gmt":"2024-10-02T21:00:00","guid":{"rendered":"https:\/\/www.vempele.fi\/fi\/tuote\/linglong-sport-master-c-s-255-45r19-100v-tesla-model-y-2\/"},"modified":"2026-04-20T13:00:34","modified_gmt":"2026-04-20T10:00:34","slug":"linglong-sport-master-c-s-255-45r19-100v-tesla-model-y-2","status":"publish","type":"product","link":"http:\/\/www.vempele.fi\/sv\/tuote\/linglong-sport-master-c-s-255-45r19-100v-tesla-model-y-2\/","title":{"rendered":"Linglong Sport Master C\/S 255\/45R19 100V - Tesla Model Y"},"content":{"rendered":"<p>1 Linglong Sport Master C\/S 255\/45-19 100V<\/p>\n<ul>\n<li>EU:s d\u00e4ckm\u00e4rkning<\/li>\n<li>Typ: sommard\u00e4ck<\/li>\n<li>Tum: 19<\/li>\n<li>Bredd: 255<\/li>\n<li>Profil: 45<\/li>\n<li>Hastighetskategori: V<\/li>\n<li>Lastkapacitetsklass: 100<\/li>\n<li>D\u00e4ckklassificering: C1<\/li>\n<li>Br\u00e4nsleekonomi: <\/li>\n<li>Underh\u00e5ll av v\u00e5tutrymmen: <\/li>\n<li>Klassificering och intensitet f\u00f6r kabinbuller: - dB<\/li>\n<\/ul>\n<p>&nbsp;<\/p>\n<p>D\u00e4cken levereras direkt fr\u00e5n partnerns lager.<\/p>\n<p><img decoding=\"async\" src=\"https:\/\/www.vempele.fi\/wp-content\/uploads\/2025\/04\/Label_2121852.svg\" width=\"300\" \/><\/p>\n<p>D\u00e4ckinformation h\u00e4mtad fr\u00e5n en partner.<\/p>","protected":false},"excerpt":{"rendered":"<p>Linglong Sport Master C\/S \u00e4r ett h\u00f6gkvalitativt och greppv\u00e4nligt SUV-d\u00e4ck. A-klass v\u00e5tgrepp. Utm\u00e4rkta k\u00f6regenskaper som kommer till sin r\u00e4tt i Nordens v\u00e4xlande sommarf\u00f6rh\u00e5llanden. M\u00f6nster- och gummiblandningsoptimering utformad med den senaste d\u00e4ckteknologin. Ett utomordentligt SUV-d\u00e4ck till b\u00e4sta pris-kvalitetsf\u00f6rh\u00e5llande. OBS! Namnet p\u00e5 d\u00e4ckets sida kan, p\u00e5 grund av en namnf\u00f6r\u00e4ndring gjord av tillverkaren, vara antingen Sport Master C\/S eller Grip Master C\/S. B\u00e5da d\u00e4cken \u00e4r exakt samma produkt. <\/p>\n<p> D\u00e4cken levereras direkt fr\u00e5n partnerns lager.<\/p>","protected":false},"featured_media":46070,"comment_status":"open","ping_status":"open","template":"","meta":[],"product_brand":[],"product_cat":[371],"product_tag":[696,632,271,845,121],"class_list":{"0":"post-46073","1":"product","2":"type-product","3":"status-publish","4":"has-post-thumbnail","6":"product_cat-renkaat","7":"product_tag-kesarengas","8":"product_tag-linglong","9":"product_tag-model-y","10":"product_tag-sport-master-c-s","11":"product_tag-tesla","13":"first","14":"instock","15":"taxable","16":"shipping-taxable","17":"purchasable","18":"product-type-simple"},"jetpack_sharing_enabled":true,"_links":{"self":[{"href":"http:\/\/www.vempele.fi\/sv\/wp-json\/wp\/v2\/product\/46073","targetHints":{"allow":["GET"]}}],"collection":[{"href":"http:\/\/www.vempele.fi\/sv\/wp-json\/wp\/v2\/product"}],"about":[{"href":"http:\/\/www.vempele.fi\/sv\/wp-json\/wp\/v2\/types\/product"}],"replies":[{"embeddable":true,"href":"http:\/\/www.vempele.fi\/sv\/wp-json\/wp\/v2\/comments?post=46073"}],"wp:featuredmedia":[{"embeddable":true,"href":"http:\/\/www.vempele.fi\/sv\/wp-json\/wp\/v2\/media\/46070"}],"wp:attachment":[{"href":"http:\/\/www.vempele.fi\/sv\/wp-json\/wp\/v2\/media?parent=46073"}],"wp:term":[{"taxonomy":"product_brand","embeddable":true,"href":"http:\/\/www.vempele.fi\/sv\/wp-json\/wp\/v2\/product_brand?post=46073"},{"taxonomy":"product_cat","embeddable":true,"href":"http:\/\/www.vempele.fi\/sv\/wp-json\/wp\/v2\/product_cat?post=46073"},{"taxonomy":"product_tag","embeddable":true,"href":"http:\/\/www.vempele.fi\/sv\/wp-json\/wp\/v2\/product_tag?post=46073"}],"curies":[{"name":"wp","href":"https:\/\/api.w.org\/{rel}","templated":true}]}}