{"id":6039,"date":"2020-09-29T14:49:46","date_gmt":"2020-09-29T11:49:46","guid":{"rendered":"https:\/\/www.vempele.fi\/?post_type=product&#038;p=6039"},"modified":"2025-12-16T20:38:57","modified_gmt":"2025-12-16T18:38:57","slug":"tesla-modell-3-ljuddampare-for-bagageutrymmet","status":"publish","type":"product","link":"http:\/\/www.vempele.fi\/sv\/tuote\/tesla-model-3-takakontin-vaimennusmatto\/","title":{"rendered":"Ljudd\u00e4mpare i bagageutrymmet - Tesla Model 3"},"content":{"rendered":"<p><strong>Instruktioner f\u00f6r installation<\/strong><\/p>\n<p>L\u00e4tt att installera. Reng\u00f6r de omr\u00e5den som ska tejpas, ta bort de r\u00f6da klisterskydden och tryck mattan j\u00e4mnt p\u00e5 alla sidor. Den l\u00e5nga limytan och kanten p\u00e5 mattan ska placeras under kanten p\u00e5 bakluckans t\u00e4tning. H\u00e4r b\u00f6r man vara f\u00f6rsiktig s\u00e5 att limmet f\u00e4ster bra. Med min egen bil hade jag f\u00f6r br\u00e5ttom och fick l\u00e4gga p\u00e5 ett andra lager dubbelh\u00e4ftande tejp n\u00e4r mattans kant inte fastnade under t\u00e4tningen p\u00e5 f\u00f6rsta f\u00f6rs\u00f6ket, trots limmet.<\/p>\n<p><b>Mer information<\/b><\/p>\n<ul>\n<li>L\u00e4mplighet:\n<ul>\n<li>Model 3 Pre-Refresh vm. 2019 - 2021<\/li>\n<li>Modell 3 Uppdatering vm. 2021 - 2023<\/li>\n<\/ul>\n<\/li>\n<li>Plats i fordonet: bagageutrymme<\/li>\n<li>Material: PVC<\/li>\n<li>F\u00e4rg: Svart<\/li>\n<li>Ing\u00e5r i paketet:\n<ul>\n<li>1 x d\u00e4mpningsmatta f\u00f6r bagageutrymmet<\/li>\n<li>6 x Monteringsskruvar och tillbeh\u00f6r<\/li>\n<\/ul>\n<\/li>\n<li>M\u00e5tt: bredd nerifr\u00e5n (smalare del p\u00e5 bilderna) 96 cm, bredd uppifr\u00e5n 108,5 cm (vid den bredaste punkten) och djup 76 cm.<\/li>\n<li>Vikt med monteringstillbeh\u00f6r 0,640 kg<\/li>\n<\/ul>","protected":false},"excerpt":{"rendered":"<p>Tesla Model 3 ljudd\u00e4mpare f\u00f6r bagagerumsgolvet. Produkten levereras med sj\u00e4lvh\u00e4ftande remsor f\u00f6r att f\u00e4sta mattan ordentligt p\u00e5 plats. Produkten \u00e4r utformad f\u00f6r att minska externt ljud vid h\u00f6ga hastigheter. Man ska inte f\u00f6rv\u00e4nta sig n\u00e5gra mirakel av ljudd\u00e4mparen - \u00e5tminstone enligt Tesla Bj\u00f6rns tester finns det ingen m\u00e4tbar effekt, men den \u00e4r trevligare att titta p\u00e5 \u00e4n en bar metallyta...<\/p>\n<p>Avsedd f\u00f6r Tesla Model 3. Kontrollera att den passar innan du k\u00f6per.<\/p>","protected":false},"featured_media":6051,"comment_status":"open","ping_status":"closed","template":"","meta":[],"product_brand":[],"product_cat":[151,452,480,128],"product_tag":[121,120,370],"class_list":{"0":"post-6039","1":"product","2":"type-product","3":"status-publish","4":"has-post-thumbnail","6":"product_cat-model-3","7":"product_cat-m3-tarvikkeet","8":"product_cat-tarvikkeet-sisapuolelle-model-3","9":"product_cat-tesla-tuotteet","10":"product_tag-tesla","11":"product_tag-tesla-model-3","12":"product_tag-vaimennusmatto","13":"product_shipping_class-nouto","15":"first","16":"instock","17":"taxable","18":"shipping-taxable","19":"purchasable","20":"product-type-simple"},"jetpack_sharing_enabled":true,"_links":{"self":[{"href":"http:\/\/www.vempele.fi\/sv\/wp-json\/wp\/v2\/product\/6039","targetHints":{"allow":["GET"]}}],"collection":[{"href":"http:\/\/www.vempele.fi\/sv\/wp-json\/wp\/v2\/product"}],"about":[{"href":"http:\/\/www.vempele.fi\/sv\/wp-json\/wp\/v2\/types\/product"}],"replies":[{"embeddable":true,"href":"http:\/\/www.vempele.fi\/sv\/wp-json\/wp\/v2\/comments?post=6039"}],"wp:featuredmedia":[{"embeddable":true,"href":"http:\/\/www.vempele.fi\/sv\/wp-json\/wp\/v2\/media\/6051"}],"wp:attachment":[{"href":"http:\/\/www.vempele.fi\/sv\/wp-json\/wp\/v2\/media?parent=6039"}],"wp:term":[{"taxonomy":"product_brand","embeddable":true,"href":"http:\/\/www.vempele.fi\/sv\/wp-json\/wp\/v2\/product_brand?post=6039"},{"taxonomy":"product_cat","embeddable":true,"href":"http:\/\/www.vempele.fi\/sv\/wp-json\/wp\/v2\/product_cat?post=6039"},{"taxonomy":"product_tag","embeddable":true,"href":"http:\/\/www.vempele.fi\/sv\/wp-json\/wp\/v2\/product_tag?post=6039"}],"curies":[{"name":"wp","href":"https:\/\/api.w.org\/{rel}","templated":true}]}}