{"id":404,"date":"2018-06-07T09:15:20","date_gmt":"2018-06-07T06:15:20","guid":{"rendered":"https:\/\/www.vempele.fi\/?page_id=404"},"modified":"2020-07-06T13:47:56","modified_gmt":"2020-07-06T10:47:56","slug":"fortrolighedserklaering","status":"publish","type":"page","link":"https:\/\/www.vempele.fi\/da\/yksityisyydensuojatiedote\/","title":{"rendered":"Meddelelse om beskyttelse af personlige oplysninger"},"content":{"rendered":"<ul>\n<li><strong>Hvorfor data indsamles<\/strong><\/li>\n<\/ul>\n<p>Vempele-onlinebutikken opretholder et kunderegister for at administrere kunderelationer. Personlige data indsamles i det omfang, det er n\u00f8dvendigt for at yde service til kunderne.<\/p>\n<p>Anonyme oplysninger indsamles via cookies for at kunne udvikle webstedet, s\u00e5 det bedre opfylder brugerens behov. Disse oplysninger, som ikke identificerer kunden, omfatter de handlinger, som brugeren foretager p\u00e5 siden (f.eks. klik), tekniske oplysninger (f.eks. browsere), land og dato.<\/p>\n<ul>\n<li><strong>Hvilke personlige data indsamles?<\/strong><\/li>\n<\/ul>\n<p>Oplysninger, der skal indsamles, n\u00e5r der oprettes et kunde-id:<\/p>\n<ol>\n<li style=\"text-align: left;\">Navn<\/li>\n<li style=\"text-align: left;\">Adresse<\/li>\n<li style=\"text-align: left;\">Telefonnummer<\/li>\n<li style=\"text-align: left;\">E-mailadresse (den f\u00f8rste del af e-mailen er ogs\u00e5 dit brugernavn)<\/li>\n<li style=\"text-align: left;\">Adgangskode<\/li>\n<\/ol>\n<p>Din e-mailadresse og adgangskode gemmes p\u00e5 tidspunktet for registreringen. Andre oplysninger gemmes kun, n\u00e5r ordren afgives, eller n\u00e5r kunden udfylder sine egne oplysninger p\u00e5 webstedet.<\/p>\n<p>Hvis kunden afgiver en ordre uden at registrere sig, gemmes ordren til behandling:<\/p>\n<ol>\n<li>Navn<\/li>\n<li>Adresse<\/li>\n<li>Telefonnummer<\/li>\n<li>E-mail-adresse<\/li>\n<\/ol>\n<ul>\n<li><strong>Hvor f\u00e5r man fat i data?<\/strong><\/li>\n<\/ul>\n<p>Oplysningerne indsamles direkte fra kunden, n\u00e5r kunden afgiver en ordre eller opretter et kunde-id. Hvis kunden kontakter Vempele via telefon, e-mail eller kontaktformular, gemmes disse oplysninger ikke i l\u00e6ngere tid end \u00e5rsagen til kontakten.<\/p>\n<p>Anonymiserede data om bes\u00f8gende p\u00e5 Vempele-webstedet indsamles ved hj\u00e6lp af Google Analytics. Denne applikation registrerer oplysninger om, hvilke sider der bes\u00f8ges, hvor l\u00e6nge den bes\u00f8gende bliver p\u00e5 webstedet, hvordan den bes\u00f8gende n\u00e5ede frem til webstedet, og hvilke links der klikkes p\u00e5. Disse oplysninger indsamles for at sikre, at webstedet opfylder brugerens behov.<\/p>\n<ul>\n<li><strong>Hvor l\u00e6nge dataene opbevares<\/strong><\/li>\n<\/ul>\n<p>Den registrerede kundes data gemmes, s\u00e5 l\u00e6nge kundeforholdet eksisterer.<\/p>\n<p>Data, der leveres af en ikke-registreret kunde med henblik p\u00e5 behandling af en ordre, gemmes i h\u00f8jst 365 dage. Dataene gemmes for at g\u00f8re det muligt at kontrollere ordren med tilbagevirkende kraft p\u00e5 kundens anmodning.<\/p>\n<ul>\n<li><strong>Modtager af personlige data<\/strong><\/li>\n<\/ul>\n<p>Personoplysninger i registret videregives kun til tredjeparter, n\u00e5r det er n\u00f8dvendigt, som f\u00f8lger:<\/p>\n<p>a) At give betalingsoplysningerne for tjenesten til Checkout Finland, vores betalingstjenesteudbyder.<\/p>\n<p>b) Til den leveringsadresse, der er angivet til vores transportleverand\u00f8r Shipit Oy Ab for levering af produkterne.<\/p>\n<p>c) Til offentlige myndigheder for anmodninger om oplysninger baseret p\u00e5 finsk lov.<\/p>\n<p>d) Til forsikringsselskaber med henblik p\u00e5 h\u00e5ndtering af erstatningskrav.<\/p>\n<ul>\n<li><strong>Ret til adgang til dine data<\/strong><\/li>\n<\/ul>\n<p>Kunden har ret til at kontrollere sine egne data i registret. Du kan tjekke dine personlige data ved at logge ind p\u00e5 Vempeles onlinebutik.<\/p>\n<ul>\n<li><strong>Retten til at anmode om berigtigelse af un\u00f8jagtige data eller sletning af alle data<\/strong><\/li>\n<\/ul>\n<p>Kunden har ret til at anmode om rettelse af forkerte oplysninger, og kunden kan ogs\u00e5 selv rette forkerte oplysninger efter at have logget ind p\u00e5 hjemmesiden. Kunden har ogs\u00e5 ret til at anmode om, at hans\/hendes personlige data fjernes fra registret.<\/p>\n<ul>\n<li><strong>Ret til at begr\u00e6nse behandlingen<\/strong><\/li>\n<\/ul>\n<p>Kunder har ret til at begr\u00e6nse behandlingen af deres personoplysninger. N\u00e5r kunden har fremsat en s\u00e5dan anmodning, vil Vempele-onlinebutikken ikke l\u00e6ngere behandle kundens personoplysninger, medmindre der er en juridisk grund til behandlingen.<\/p>\n<ul>\n<li><strong>Retten til at overf\u00f8re data fra et system til et andet<\/strong><\/li>\n<\/ul>\n<p>Kunden har ret til at modtage personoplysninger i et struktureret format, hvor kunden kan overf\u00f8re oplysningerne til en anden dataansvarlig, hvis han eller hun \u00f8nsker det.<\/p>\n<p>Kunden kan kontakte Vempele e-shop i ovenn\u00e6vnte sp\u00f8rgsm\u00e5l via e-mail, brev eller ved at bruge kontaktformularen p\u00e5 hjemmesiden.<\/p>","protected":false},"excerpt":{"rendered":"<p>Miksi tietoja ker\u00e4t\u00e4\u00e4n Vempele-verkkokauppa yll\u00e4pit\u00e4\u00e4 asiakasrekisteri\u00e4 asiakassuhteiden hoitamiseksi. Henkil\u00f6tietoja ker\u00e4t\u00e4\u00e4n sen verran kuin on tarvetta palvelun tarjoamiseksi asiakkaille. Anonyymeja tietoja ker\u00e4t\u00e4\u00e4n ev\u00e4steiden avulla, jotta voidaan kehitt\u00e4\u00e4 sivuja vastaamaan paremmin k\u00e4ytt\u00e4j\u00e4n tarpeita. T\u00e4llaisia tietoja, joista asiakasta ei voida identifioida, ovat k\u00e4ytt\u00e4j\u00e4n tekem\u00e4t toimet sivulla (kuten klikkaukset), tekniset tiedot (kuten selaimet), maa ja p\u00e4iv\u00e4m\u00e4\u00e4r\u00e4. Mit\u00e4 henkil\u00f6tietoja ker\u00e4t\u00e4\u00e4n [&hellip;]<\/p>\n","protected":false},"author":2,"featured_media":0,"parent":0,"menu_order":0,"comment_status":"closed","ping_status":"closed","template":"","meta":{"footnotes":""},"class_list":["post-404","page","type-page","status-publish","hentry"],"jetpack_sharing_enabled":true,"_links":{"self":[{"href":"https:\/\/www.vempele.fi\/da\/wp-json\/wp\/v2\/pages\/404","targetHints":{"allow":["GET"]}}],"collection":[{"href":"https:\/\/www.vempele.fi\/da\/wp-json\/wp\/v2\/pages"}],"about":[{"href":"https:\/\/www.vempele.fi\/da\/wp-json\/wp\/v2\/types\/page"}],"author":[{"embeddable":true,"href":"https:\/\/www.vempele.fi\/da\/wp-json\/wp\/v2\/users\/2"}],"replies":[{"embeddable":true,"href":"https:\/\/www.vempele.fi\/da\/wp-json\/wp\/v2\/comments?post=404"}],"version-history":[{"count":0,"href":"https:\/\/www.vempele.fi\/da\/wp-json\/wp\/v2\/pages\/404\/revisions"}],"wp:attachment":[{"href":"https:\/\/www.vempele.fi\/da\/wp-json\/wp\/v2\/media?parent=404"}],"curies":[{"name":"wp","href":"https:\/\/api.w.org\/{rel}","templated":true}]}}