{"id":59,"date":"2018-05-21T12:28:47","date_gmt":"2018-05-21T12:28:47","guid":{"rendered":"https:\/\/www.vempele.fi\/?page_id=59"},"modified":"2025-12-01T13:00:21","modified_gmt":"2025-12-01T11:00:21","slug":"leveringsmetoder","status":"publish","type":"page","link":"https:\/\/www.vempele.fi\/da\/toimitustavat\/","title":{"rendered":"Leveringsmetoder og ordrebetingelser"},"content":{"rendered":"<h2 class=\"wp-block-heading\">Leveringsmetoder og -tider<\/h2>\n\n\n\n<p>Post og Matkahuolto: Post- og Matkahuolto-pakker behandles og leveres normalt p\u00e5 arbejdsdagen efter bestillingen. Postafhentningspakker leveres inden for 1-3 dage. Posttjenester og kurertjenester lover levering inden for 1-3 arbejdsdage.<\/p>\n\n\n\n<p>DB Schenker og PostNord: Pakkerne ekspederes som hovedregel p\u00e5 arbejdsdagen efter bestillingen. Pakkerne afhentes dagligt hos os til transport.<strong>&nbsp;<\/strong>Leveringstiden for pakker til afhentningssteder er 1-3 dage fra det tidspunkt, hvor pakkerne overdrages fra os til kureren.<\/p>\n\n\n\n<p><strong>H\u00f8r efter!<\/strong> Husk, at tiderne er ansl\u00e5ede. Den endelige leveringstid kan p\u00e5virkes af bestillingstidspunktet, behandlingen af ordren og eventuelle strejker eller forsinkelser p\u00e5 grund af transport\u00f8rer.<\/p>\n\n\n\n<h2 class=\"wp-block-heading\" id=\"ilmainen_toimitus\">Gratis levering<\/h2>\n\n\n\n<p>Vempele tilbyder gratis levering for ordrer over 150 \u20ac. Gratis levering er nu ogs\u00e5 tilg\u00e6ngelig p\u00e5 b\u00e6lteordrer og Monaco GP-d\u00e6k\/f\u00e6lgpakker til Model 3 og Model Y. Gratis forsendelse. <strong>g\u00e6lder ikke for<\/strong> ordrer med andre d\u00e6k. Ordren vil blive leveret til det n\u00e6rmeste afhentningssted ved hj\u00e6lp af den billigste leveringsmetode, der er tilg\u00e6ngelig p\u00e5 det p\u00e5g\u00e6ldende tidspunkt. <br>Gratis forsendelse g\u00e6lder kun for Finland og forbrugersalg. <\/p>\n\n\n\n<h2 class=\"wp-block-heading\">Hentet fra<\/h2>\n\n\n\n<p>Du kan v\u00e6lge at f\u00e5 din ordre leveret ved afhentning. I s\u00e5 fald skal du ikke betale leveringsomkostninger. Ordren skal afhentes p\u00e5 et afhentningssted i Pirkkala i n\u00e6rheden af Jidokas kontor. Vi har \u00e5bent p\u00e5 hverdage fra 8-16. <strong>Paavontie 4, 33960 Pirkkala<\/strong>. Velkommen til!<\/p>\n\n\n\n<h2 class=\"wp-block-heading\">Betingelser for returnering<\/h2>\n\n\n\n<p>Returbetingelser kan findes p\u00e5 <a href=\"https:\/\/www.vempele.fi\/da\/returbetingelser\/\">Her.<\/a><\/p>\n\n\n\n<h2 class=\"wp-block-heading\" id=\"h-maksupalvelutarjoaja\">Udbyder af betalingstjenester<\/h2>\n\n\n\n<p>Betalingstjenesten leveres af Paytrail Oyj (2122839-7) i samarbejde med finske banker og kreditinstitutter. Paytrail Oyj vises som modtager af betalingen p\u00e5 kontoudtoget eller kortregningen og videresender betalingen til forretningen. Paytrail Oyj er et licenseret betalingsinstitut. I tilf\u00e6lde af klager bedes du i f\u00f8rste omgang kontakte leverand\u00f8ren af produktet.<\/p>\n\n\n\n<p>Paytrail Oyj, virksomhedskode: 2122839-7<br>Innova 2<br>Lutakonaukio 7<br>40100 Jyv\u00e4skyl\u00e4, Finland<br><a href=\"https:\/\/www.paytrail.com\/kuluttaja\/tietoa-maksamisesta\" target=\"_blank\" rel=\"noreferrer noopener\">paytrail.com\/forbruger\/om-betaling<\/a><\/p>\n\n\n\n<h2 class=\"wp-block-heading\">Reklamationer og anmeldelse af transportskader<\/h2>\n\n\n\n<p>Eventuelle klager over ordren eller leveringen skal sendes inden for syv (7) dage efter modtagelse af ordren til.&nbsp;<a href=\"mailto:vempele@vempele.fi\" target=\"_blank\" rel=\"noreferrer noopener\">vempele@vempele.fi<\/a>. Vi behandler ikke reklamationer, der modtages af os mere end 7 dage efter modtagelse af produktet.<\/p>\n\n\n\n<p>Modtagerens forpligtelser og gods, der er beskadiget under transporten: I henhold til lov om vejtransportaftaler (TKSL) skal modtageren kontrollere forsendelsen ved modtagelsen og straks g\u00f8re opm\u00e6rksom p\u00e5 eventuelle ydre synlige skader (huller, \u00e5bne b\u00e5nd, kn\u00e6kkede hj\u00f8rner osv.). I s\u00e5danne tilf\u00e6lde skal der straks tages forbehold (anm\u00e6rkning) i fragtbrevet eller p\u00e5 pakkekortet. Angiv typen af skade. Bed om en kvittering fra transport\u00f8rens repr\u00e6sentant, og kontakt straks vores kundeservice via e-mail. Vedl\u00e6g fotos af de beskadigede varer.<\/p>\n\n\n\n<p>Skjulte skader (skader, der ikke kan ses med \u00f8jnene p\u00e5 modtagelsestidspunktet) skal anmeldes til Vempelees kundeservice inden for 7 dage efter levering med fotos og en beskrivelse af skaden. Efter 7 dage oph\u00f8rer transport\u00f8rens ansvar. Beskadigede eller defekte produkter, der returneres til Vempele, skal emballeres korrekt for at undg\u00e5 yderligere skader.<\/p>\n\n\n\n<h2 class=\"wp-block-heading\" id=\"h-yritysmyynti\">Salg til virksomheder<\/h2>\n\n\n\n<p>Ovenst\u00e5ende vilk\u00e5r og oplysninger g\u00e6lder kun for forbrugersalg, og for erhvervssalg giver vi ingen garanti, og vi anvender loven.<\/p>","protected":false},"excerpt":{"rendered":"<p>Toimitustavat ja -ajat Posti ja Matkahuolto: Postin ja Matkahuollon paketit k\u00e4sitell\u00e4\u00e4n ja vied\u00e4\u00e4n toimitettaviksi p\u00e4\u00e4s\u00e4\u00e4nt\u00f6isesti tilausta seuraavana arkip\u00e4iv\u00e4n\u00e4. Postin noutopaketit toimitetaan 1-3 p\u00e4iv\u00e4ss\u00e4. Matkahuolto lupaa toimituksen 1-3 arkivuorokauden kuluessa. DB Schenker ja PostNord: Paketit k\u00e4sitell\u00e4\u00e4n p\u00e4\u00e4s\u00e4\u00e4nt\u00f6isesti tilausta seuraavana arkip\u00e4iv\u00e4n\u00e4. Paketit noudetaan meilt\u00e4 kuljetukseen p\u00e4ivitt\u00e4in.&nbsp;Noutopistepakettien toimitusaika on 1-3 p\u00e4iv\u00e4\u00e4 alkaen siit\u00e4, kun paketit ovat siirtyneet meilt\u00e4 [&hellip;]<\/p>\n","protected":false},"author":2,"featured_media":0,"parent":0,"menu_order":0,"comment_status":"closed","ping_status":"closed","template":"","meta":{"footnotes":""},"class_list":["post-59","page","type-page","status-publish","hentry"],"jetpack_sharing_enabled":true,"_links":{"self":[{"href":"https:\/\/www.vempele.fi\/da\/wp-json\/wp\/v2\/pages\/59","targetHints":{"allow":["GET"]}}],"collection":[{"href":"https:\/\/www.vempele.fi\/da\/wp-json\/wp\/v2\/pages"}],"about":[{"href":"https:\/\/www.vempele.fi\/da\/wp-json\/wp\/v2\/types\/page"}],"author":[{"embeddable":true,"href":"https:\/\/www.vempele.fi\/da\/wp-json\/wp\/v2\/users\/2"}],"replies":[{"embeddable":true,"href":"https:\/\/www.vempele.fi\/da\/wp-json\/wp\/v2\/comments?post=59"}],"version-history":[{"count":1,"href":"https:\/\/www.vempele.fi\/da\/wp-json\/wp\/v2\/pages\/59\/revisions"}],"predecessor-version":[{"id":44421,"href":"https:\/\/www.vempele.fi\/da\/wp-json\/wp\/v2\/pages\/59\/revisions\/44421"}],"wp:attachment":[{"href":"https:\/\/www.vempele.fi\/da\/wp-json\/wp\/v2\/media?parent=59"}],"curies":[{"name":"wp","href":"https:\/\/api.w.org\/{rel}","templated":true}]}}