{"id":10060,"date":"2022-03-29T13:25:42","date_gmt":"2022-03-29T10:25:42","guid":{"rendered":"https:\/\/www.vempele.fi\/?post_type=product&#038;p=10060"},"modified":"2026-04-27T15:08:27","modified_gmt":"2026-04-27T12:08:27","slug":"tesla-klippesortiment-100-stk","status":"publish","type":"product","link":"https:\/\/www.vempele.fi\/da\/tuote\/tesla-niittilajitelma-100-kpl\/","title":{"rendered":"Klippesortiment 100 stk."},"content":{"rendered":"<p>Klippesortiment, 100 stk:<\/p>\n<ul>\n<li>20 x C05<\/li>\n<li>20 x C20<\/li>\n<li>10 x C32<\/li>\n<li>10 x B01<\/li>\n<li>20 x D02<\/li>\n<li>20 x A16<\/li>\n<li>Kompatibilitet: til Tesla Model 3 \/ Y \/ S \/ X<\/li>\n<li>Materiale: nylon<\/li>\n<li>Farve: Sort, hvid<\/li>\n<\/ul>\n<p>&nbsp;<\/p>","protected":false},"excerpt":{"rendered":"<p>K\u00e6mpe s\u00e6t med forskellige nitter og fastg\u00f8relseselementer til Tesla-modellerne 3, S og X! De er velegnede til at fastg\u00f8re ting som h\u00e5ndsving, polstring og paneler.<br \/>\nPakke med 100 sorte og hvide h\u00e6fteklammer.<\/p>\n<p>Husk, at du ogs\u00e5 kan k\u00f8be enkelte varer hos os. <a href=\"https:\/\/www.vempele.fi\/da\/product-2\/fastgorelsesnitte-med-stift\/\" target=\"_blank\" rel=\"noopener\">h\u00e6fteklammer<\/a> f.eks. til fastg\u00f8relse af h\u00e5ndsving.<\/p>","protected":false},"featured_media":10061,"comment_status":"open","ping_status":"closed","template":"","meta":[],"product_brand":[],"product_cat":[151,152,153,452,453,454,455,480,485,487,482,128],"product_tag":[83,344,343,121,120,122,123,319],"class_list":{"0":"post-10060","1":"product","2":"type-product","3":"status-publish","4":"has-post-thumbnail","6":"product_cat-model-3","7":"product_cat-model-s","8":"product_cat-model-x","9":"product_cat-m3-tarvikkeet","10":"product_cat-ms-tarvikkeet","11":"product_cat-mx-tarvikkeet","12":"product_cat-my-tarvikkeet","13":"product_cat-tarvikkeet-sisapuolelle-model-3","14":"product_cat-tarvikkeet-sisapuolelle-model-s","15":"product_cat-tarvikkeet-sisapuolelle-model-x","16":"product_cat-tarvikkeet-sisapuolelle-model-y","17":"product_cat-tesla-tuotteet","18":"product_tag-autotarvikkeet","19":"product_tag-kiinnitin","20":"product_tag-kiinnitysniitti","21":"product_tag-tesla","22":"product_tag-tesla-model-3","23":"product_tag-tesla-model-s","24":"product_tag-tesla-model-x","25":"product_tag-varaosat","27":"first","28":"instock","29":"taxable","30":"shipping-taxable","31":"purchasable","32":"product-type-simple"},"jetpack_sharing_enabled":true,"_links":{"self":[{"href":"https:\/\/www.vempele.fi\/da\/wp-json\/wp\/v2\/product\/10060","targetHints":{"allow":["GET"]}}],"collection":[{"href":"https:\/\/www.vempele.fi\/da\/wp-json\/wp\/v2\/product"}],"about":[{"href":"https:\/\/www.vempele.fi\/da\/wp-json\/wp\/v2\/types\/product"}],"replies":[{"embeddable":true,"href":"https:\/\/www.vempele.fi\/da\/wp-json\/wp\/v2\/comments?post=10060"}],"wp:featuredmedia":[{"embeddable":true,"href":"https:\/\/www.vempele.fi\/da\/wp-json\/wp\/v2\/media\/10061"}],"wp:attachment":[{"href":"https:\/\/www.vempele.fi\/da\/wp-json\/wp\/v2\/media?parent=10060"}],"wp:term":[{"taxonomy":"product_brand","embeddable":true,"href":"https:\/\/www.vempele.fi\/da\/wp-json\/wp\/v2\/product_brand?post=10060"},{"taxonomy":"product_cat","embeddable":true,"href":"https:\/\/www.vempele.fi\/da\/wp-json\/wp\/v2\/product_cat?post=10060"},{"taxonomy":"product_tag","embeddable":true,"href":"https:\/\/www.vempele.fi\/da\/wp-json\/wp\/v2\/product_tag?post=10060"}],"curies":[{"name":"wp","href":"https:\/\/api.w.org\/{rel}","templated":true}]}}